{"id":275,"date":"2022-05-23T11:09:46","date_gmt":"2022-05-23T11:09:46","guid":{"rendered":"http:\/\/dummy.xtemos.com\/woodmart2\/megamarket-elementor\/?page_id=275"},"modified":"2026-02-20T10:34:50","modified_gmt":"2026-02-20T09:34:50","slug":"about-us","status":"publish","type":"page","link":"https:\/\/rollnikow.you2.pl\/index.php\/about-us\/","title":{"rendered":"About us"},"content":{"rendered":"\t\t<div data-elementor-type=\"wp-page\" data-elementor-id=\"275\" class=\"elementor elementor-275\">\n\t\t\t\t<div class=\"wd-negative-gap elementor-element elementor-element-b9b6a90 e-flex e-con-boxed e-con e-parent\" data-id=\"b9b6a90\" data-element_type=\"container\" data-e-type=\"container\">\n\t\t\t\t\t<div class=\"e-con-inner\">\n\t\t<div class=\"elementor-element elementor-element-9cbcb1a e-con-full e-flex e-con e-child\" data-id=\"9cbcb1a\" data-element_type=\"container\" data-e-type=\"container\">\n\t\t\t\t<div class=\"elementor-element elementor-element-27806e0 wd-width-100 elementor-widget elementor-widget-wd_title\" data-id=\"27806e0\" data-element_type=\"widget\" data-e-type=\"widget\" data-widget_type=\"wd_title.default\">\n\t\t\t\t<div class=\"elementor-widget-container\">\n\t\t\t\t\t\t\t<div class=\"title-wrapper wd-set-mb reset-last-child wd-title-color-default wd-title-style-default wd-title-size-large text-left\">\n\n\t\t\t\n\t\t\t<div class=\"liner-continer\">\n\t\t\t\t<h4 class=\"woodmart-title-container title wd-fontsize-xxl\">W\u0142asna produkcja pasz \u2013 jako\u015b\u0107, kt\u00f3r\u0105 kontrolujemy od pocz\u0105tku do ko\u0144ca<\/h4> \n\t\t\t\t\t\t\t<\/div>\n\n\t\t\t\t\t<\/div>\n\t\t\t\t\t\t<\/div>\n\t\t\t\t<\/div>\n\t\t\t\t<div class=\"elementor-element elementor-element-bd2c400 elementor-widget elementor-widget-wd_text_block\" data-id=\"bd2c400\" data-element_type=\"widget\" data-e-type=\"widget\" data-widget_type=\"wd_text_block.default\">\n\t\t\t\t<div class=\"elementor-widget-container\">\n\t\t\t\t\t\t\t<div class=\"wd-text-block reset-last-child text-left\">\n\t\t\t\n\t\t\t<p>Prowadzimy w\u0142asn\u0105 produkcj\u0119 pasz, poniewa\u017c wierzymy, \u017ce \u017cywienie zwierz\u0105t to fundament efektywnej i zdrowej hodowli. Od doboru surowc\u00f3w, przez proces mieszania, a\u017c po kontrol\u0119 gotowego produktu \u2013 ka\u017cdy etap jest pod nasz\u0105 bezpo\u015bredni\u0105 kontrol\u0105. Dzi\u0119ki temu mo\u017cemy zagwarantowa\u0107 powtarzalno\u015b\u0107 jako\u015bci, odpowiednie parametry od\u017cywcze oraz bezpiecze\u0144stwo stosowania<\/p>\n\t\t\t\t\t<\/div>\n\t\t\t\t\t\t<\/div>\n\t\t\t\t<\/div>\n\t\t\t\t<\/div>\n\t\t<div class=\"elementor-element elementor-element-3659915 e-con-full e-flex e-con e-child\" data-id=\"3659915\" data-element_type=\"container\" data-e-type=\"container\">\n\t\t\t\t<div class=\"elementor-element elementor-element-43e54ed elementor-widget elementor-widget-image\" data-id=\"43e54ed\" data-element_type=\"widget\" data-e-type=\"widget\" data-widget_type=\"image.default\">\n\t\t\t\t\t\t\t\t\t\t\t\t\t\t\t<img loading=\"lazy\" decoding=\"async\" width=\"1024\" height=\"682\" src=\"https:\/\/rollnikow.you2.pl\/wp-content\/uploads\/2026\/02\/ChatGPT-Image-12-lut-2026-20_16_47_Easy-Resize.com_-1024x682.jpg\" class=\"attachment-large size-large wp-image-2990\" alt=\"\" srcset=\"https:\/\/rollnikow.you2.pl\/wp-content\/uploads\/2026\/02\/ChatGPT-Image-12-lut-2026-20_16_47_Easy-Resize.com_-1024x682.jpg 1024w, https:\/\/rollnikow.you2.pl\/wp-content\/uploads\/2026\/02\/ChatGPT-Image-12-lut-2026-20_16_47_Easy-Resize.com_-300x200.jpg 300w, https:\/\/rollnikow.you2.pl\/wp-content\/uploads\/2026\/02\/ChatGPT-Image-12-lut-2026-20_16_47_Easy-Resize.com_-768x512.jpg 768w, https:\/\/rollnikow.you2.pl\/wp-content\/uploads\/2026\/02\/ChatGPT-Image-12-lut-2026-20_16_47_Easy-Resize.com_-1200x800.jpg 1200w, https:\/\/rollnikow.you2.pl\/wp-content\/uploads\/2026\/02\/ChatGPT-Image-12-lut-2026-20_16_47_Easy-Resize.com_-150x100.jpg 150w, https:\/\/rollnikow.you2.pl\/wp-content\/uploads\/2026\/02\/ChatGPT-Image-12-lut-2026-20_16_47_Easy-Resize.com_.jpg 1280w\" sizes=\"auto, (max-width: 1024px) 100vw, 1024px\" \/>\t\t\t\t\t\t\t\t\t\t\t\t\t\t\t<\/div>\n\t\t\t\t<\/div>\n\t\t\t\t\t<\/div>\n\t\t\t\t<\/div>\n\t\t<div class=\"wd-negative-gap elementor-element elementor-element-7e2bb63 e-flex e-con-boxed e-con e-parent\" data-id=\"7e2bb63\" data-element_type=\"container\" data-e-type=\"container\">\n\t\t\t\t\t<div class=\"e-con-inner\">\n\t\t<div class=\"elementor-element elementor-element-52dbbb5 e-con-full e-flex e-con e-child\" data-id=\"52dbbb5\" data-element_type=\"container\" data-e-type=\"container\">\n\t\t\t\t<div class=\"elementor-element elementor-element-c17fd5d wd-width-100 elementor-widget elementor-widget-wd_title\" data-id=\"c17fd5d\" data-element_type=\"widget\" data-e-type=\"widget\" data-widget_type=\"wd_title.default\">\n\t\t\t\t<div class=\"elementor-widget-container\">\n\t\t\t\t\t\t\t<div class=\"title-wrapper wd-set-mb reset-last-child wd-title-color-default wd-title-style-default wd-title-size-medium text-left\">\n\n\t\t\t\n\t\t\t<div class=\"liner-continer\">\n\t\t\t\t<h4 class=\"woodmart-title-container title wd-fontsize-xl\">Dlaczego produkujemy w\u0142asne pasze?<\/h4> \n\t\t\t\t\t\t\t<\/div>\n\n\t\t\t\t\t<\/div>\n\t\t\t\t\t\t<\/div>\n\t\t\t\t<\/div>\n\t\t\t\t<div class=\"elementor-element elementor-element-b504e17 elementor-widget elementor-widget-wd_text_block\" data-id=\"b504e17\" data-element_type=\"widget\" data-e-type=\"widget\" data-widget_type=\"wd_text_block.default\">\n\t\t\t\t<div class=\"elementor-widget-container\">\n\t\t\t\t\t\t\t<div class=\"wd-text-block reset-last-child text-left\">\n\t\t\t\n\t\t\t<p data-start=\"1042\" data-end=\"1419\">Produkcja w\u0142asna daje nam pe\u0142n\u0105 elastyczno\u015b\u0107. Mo\u017cemy dostosowa\u0107 receptury do konkretnych gatunk\u00f3w i grup technologicznych zwierz\u0105t \u2013 od m\u0142odych osobnik\u00f3w po zwierz\u0119ta w okresie intensywnej produkcji. W razie potrzeby modyfikujemy sk\u0142ad, uwzgl\u0119dniaj\u0105c specyfik\u0119 gospodarstwa, system utrzymania czy cele hodowlane (np. wzrost masy, poprawa wydajno\u015bci mlecznej, lepsze przyrosty).<\/p><p data-start=\"1421\" data-end=\"1643\">Dzi\u0119ki temu rolnik otrzymuje nie \u201egotowy produkt z p\u00f3\u0142ki\u201d, ale pasz\u0119 dopasowan\u0105 do realnych potrzeb stada. To przek\u0142ada si\u0119 bezpo\u015brednio na lepsze wyniki produkcyjne, ograniczenie strat oraz optymalizacj\u0119 koszt\u00f3w \u017cywienia.<\/p>\n\t\t\t\t\t<\/div>\n\t\t\t\t\t\t<\/div>\n\t\t\t\t<\/div>\n\t\t\t\t<\/div>\n\t\t<div class=\"elementor-element elementor-element-e6479af e-con-full e-flex e-con e-child\" data-id=\"e6479af\" data-element_type=\"container\" data-e-type=\"container\">\n\t\t\t\t<div class=\"elementor-element elementor-element-f9cfa35 wd-width-100 elementor-widget elementor-widget-wd_title\" data-id=\"f9cfa35\" data-element_type=\"widget\" data-e-type=\"widget\" data-widget_type=\"wd_title.default\">\n\t\t\t\t<div class=\"elementor-widget-container\">\n\t\t\t\t\t\t\t<div class=\"title-wrapper wd-set-mb reset-last-child wd-title-color-default wd-title-style-default wd-title-size-medium text-left\">\n\n\t\t\t\n\t\t\t<div class=\"liner-continer\">\n\t\t\t\t<h4 class=\"woodmart-title-container title wd-fontsize-xl\">Co zyskujesz, wybieraj\u0105c nasze pasze?<\/h4> \n\t\t\t\t\t\t\t<\/div>\n\n\t\t\t\t\t<\/div>\n\t\t\t\t\t\t<\/div>\n\t\t\t\t<\/div>\n\t\t\t\t<div class=\"elementor-element elementor-element-c0358fb elementor-widget elementor-widget-wd_text_block\" data-id=\"c0358fb\" data-element_type=\"widget\" data-e-type=\"widget\" data-widget_type=\"wd_text_block.default\">\n\t\t\t\t<div class=\"elementor-widget-container\">\n\t\t\t\t\t\t\t<div class=\"wd-text-block reset-last-child text-left\">\n\t\t\t\n\t\t\t<p data-start=\"1692\" data-end=\"1894\">Przede wszystkim \u2013 pewno\u015b\u0107 sk\u0142adu i transparentno\u015b\u0107. Nie opieramy si\u0119 na og\u00f3lnych deklaracjach, ale na konkretnych recepturach i jasno okre\u015blonych parametrach. Sta\u0142a jako\u015b\u0107 to stabilne wyniki w hodowli.<\/p><p data-start=\"1896\" data-end=\"2173\">Dodatkowo oferujemy doradztwo w zakresie \u017cywienia. Analizujemy potrzeby gospodarstwa, pomagamy dobra\u0107 odpowiedni wariant paszy i wskazujemy, jak zoptymalizowa\u0107 dawk\u0119 pokarmow\u0105. Naszym celem nie jest jednorazowa sprzeda\u017c, lecz d\u0142ugofalowa wsp\u00f3\u0142praca i realne wsparcie produkcji.<\/p>\n\t\t\t\t\t<\/div>\n\t\t\t\t\t\t<\/div>\n\t\t\t\t<\/div>\n\t\t\t\t<\/div>\n\t\t\t\t\t<\/div>\n\t\t\t\t<\/div>\n\t\t\t\t<\/div>\n\t\t","protected":false},"excerpt":{"rendered":"<p>W\u0142asna produkcja pasz \u2013 jako\u015b\u0107, kt\u00f3r\u0105 kontrolujemy od pocz\u0105tku do ko\u0144ca Prowadzimy w\u0142asn\u0105 produkcj\u0119 pasz, poniewa\u017c wierzymy, \u017ce \u017cywienie zwierz\u0105t<\/p>\n","protected":false},"author":1,"featured_media":0,"parent":0,"menu_order":0,"comment_status":"closed","ping_status":"closed","template":"","meta":{"footnotes":""},"class_list":["post-275","page","type-page","status-publish","hentry"],"_links":{"self":[{"href":"https:\/\/rollnikow.you2.pl\/index.php\/wp-json\/wp\/v2\/pages\/275","targetHints":{"allow":["GET"]}}],"collection":[{"href":"https:\/\/rollnikow.you2.pl\/index.php\/wp-json\/wp\/v2\/pages"}],"about":[{"href":"https:\/\/rollnikow.you2.pl\/index.php\/wp-json\/wp\/v2\/types\/page"}],"author":[{"embeddable":true,"href":"https:\/\/rollnikow.you2.pl\/index.php\/wp-json\/wp\/v2\/users\/1"}],"replies":[{"embeddable":true,"href":"https:\/\/rollnikow.you2.pl\/index.php\/wp-json\/wp\/v2\/comments?post=275"}],"version-history":[{"count":6,"href":"https:\/\/rollnikow.you2.pl\/index.php\/wp-json\/wp\/v2\/pages\/275\/revisions"}],"predecessor-version":[{"id":2996,"href":"https:\/\/rollnikow.you2.pl\/index.php\/wp-json\/wp\/v2\/pages\/275\/revisions\/2996"}],"wp:attachment":[{"href":"https:\/\/rollnikow.you2.pl\/index.php\/wp-json\/wp\/v2\/media?parent=275"}],"curies":[{"name":"wp","href":"https:\/\/api.w.org\/{rel}","templated":true}]}}