{"id":279,"date":"2022-05-23T11:10:26","date_gmt":"2022-05-23T11:10:26","guid":{"rendered":"http:\/\/dummy.xtemos.com\/woodmart2\/megamarket-elementor\/?page_id=279"},"modified":"2026-03-19T20:50:29","modified_gmt":"2026-03-19T19:50:29","slug":"contact-us","status":"publish","type":"page","link":"https:\/\/rollnikow.you2.pl\/index.php\/contact-us\/","title":{"rendered":"Kontakt"},"content":{"rendered":"\t\t<div data-elementor-type=\"wp-page\" data-elementor-id=\"279\" class=\"elementor elementor-279\">\n\t\t\t\t<div class=\"wd-negative-gap elementor-element elementor-element-2c9f068 e-flex e-con-boxed e-con e-parent\" data-id=\"2c9f068\" data-element_type=\"container\" data-e-type=\"container\">\n\t\t\t\t\t<div class=\"e-con-inner\">\n\t\t\t\t<div class=\"elementor-element elementor-element-2b088e4 wd-width-100 elementor-widget elementor-widget-wd_title\" data-id=\"2b088e4\" data-element_type=\"widget\" data-e-type=\"widget\" data-widget_type=\"wd_title.default\">\n\t\t\t\t<div class=\"elementor-widget-container\">\n\t\t\t\t\t\t\t<div class=\"title-wrapper wd-set-mb reset-last-child wd-title-color-default wd-title-style-default wd-title-size-large text-left\">\n\n\t\t\t\n\t\t\t<div class=\"liner-continer\">\n\t\t\t\t<h4 class=\"woodmart-title-container title wd-fontsize-xxl\">GRAIN FEED Sp. z o.o.<\/h4> \n\t\t\t\t\t\t\t<\/div>\n\n\t\t\t\t\t\t\t<div class=\"title-after_title reset-last-child wd-fontsize-s\">\n\t\t\t\t\t<p>Specjalizujemy si\u0119 w dostarczaniu nowoczesnych rozwi\u0105za\u0144 dla <strong>rolnictwa<\/strong> i <strong>hodowli zwierz\u0105t<\/strong>. Naszym celem jest wspieranie gospodarstw w zwi\u0119kszaniu wydajno\u015bci, poprawie dobrostanu zwierz\u0105t oraz optymalizacji codziennej pracy.<br \/>Oferujemy sprawdzone produkty, fachowe doradztwo oraz indywidualne podej\u015bcie do ka\u017cdego klienta. Niezale\u017cnie od tego, czy prowadzisz ma\u0142e gospodarstwo, czy du\u017c\u0105 hodowl\u0119 \u2014 pomo\u017cemy dobra\u0107 rozwi\u0105zania dopasowane do Twoich potrzeb.<\/p><p>Zale\u017cy nam na d\u0142ugofalowej wsp\u00f3\u0142pracy, dlatego stawiamy na jako\u015b\u0107, rzetelno\u015b\u0107 i szybki <strong>kontakt<\/strong>.<\/p>\t\t\t\t<\/div>\n\t\t\t\t\t<\/div>\n\t\t\t\t\t\t<\/div>\n\t\t\t\t<\/div>\n\t\t\t\t\t<\/div>\n\t\t\t\t<\/div>\n\t\t<div class=\"wd-negative-gap elementor-element elementor-element-5d75357a e-flex e-con-boxed e-con e-parent\" data-id=\"5d75357a\" data-element_type=\"container\" data-e-type=\"container\">\n\t\t\t\t\t<div class=\"e-con-inner\">\n\t\t<div class=\"elementor-element elementor-element-3cb923ac e-con-full e-flex e-con e-child\" data-id=\"3cb923ac\" data-element_type=\"container\" data-e-type=\"container\">\n\t\t\t\t<div class=\"elementor-element elementor-element-206825f0 wd-width-100 elementor-widget elementor-widget-wd_title\" data-id=\"206825f0\" data-element_type=\"widget\" data-e-type=\"widget\" data-widget_type=\"wd_title.default\">\n\t\t\t\t<div class=\"elementor-widget-container\">\n\t\t\t\t\t\t\t<div class=\"title-wrapper wd-set-mb reset-last-child wd-title-color-default wd-title-style-bordered wd-title-size-default text-left\">\n\n\t\t\t\n\t\t\t<div class=\"liner-continer\">\n\t\t\t\t<h4 class=\"woodmart-title-container title wd-fontsize-l\">Jak mo\u017cemy ci pom\u00f3c?<\/h4> \n\t\t\t\t\t\t\t<\/div>\n\n\t\t\t\t\t\t\t<div class=\"title-after_title reset-last-child wd-fontsize-xs\">\n\t\t\t\t\t<p>Wype\u0142nij formularz, a my odpowiemy mo\u017cliwie jak najszybciej na twoje zg\u0142oszenie<\/p>\t\t\t\t<\/div>\n\t\t\t\t\t<\/div>\n\t\t\t\t\t\t<\/div>\n\t\t\t\t<\/div>\n\t\t\t\t<div class=\"elementor-element elementor-element-2c50a71 wd-cf7 elementor-widget elementor-widget-wd_contact_form_7\" data-id=\"2c50a71\" data-element_type=\"widget\" data-e-type=\"widget\" id=\"contact form\" data-widget_type=\"wd_contact_form_7.default\">\n\t\t\t\t<div class=\"elementor-widget-container\">\n\t\t\t\t\t\n<div class=\"wpcf7 no-js\" id=\"wpcf7-f14-o1\" lang=\"pl-PL\" dir=\"ltr\" data-wpcf7-id=\"14\">\n<div class=\"screen-reader-response\"><p role=\"status\" aria-live=\"polite\" aria-atomic=\"true\"><\/p> <ul><\/ul><\/div>\n<form action=\"\/index.php\/wp-json\/wp\/v2\/pages\/279#wpcf7-f14-o1\" method=\"post\" class=\"wpcf7-form init\" aria-label=\"Formularz kontaktowy\" novalidate=\"novalidate\" data-status=\"init\">\n<fieldset class=\"hidden-fields-container\"><input type=\"hidden\" name=\"_wpcf7\" value=\"14\" \/><input type=\"hidden\" name=\"_wpcf7_version\" value=\"6.1.5\" \/><input type=\"hidden\" name=\"_wpcf7_locale\" value=\"pl_PL\" \/><input type=\"hidden\" name=\"_wpcf7_unit_tag\" value=\"wpcf7-f14-o1\" \/><input type=\"hidden\" name=\"_wpcf7_container_post\" value=\"0\" \/><input type=\"hidden\" name=\"_wpcf7_posted_data_hash\" value=\"\" \/>\n<\/fieldset>\n<p><label> Twoje imi\u0119 i nazwisko<br \/>\n<span class=\"wpcf7-form-control-wrap\" data-name=\"your-name\"><input size=\"40\" maxlength=\"400\" class=\"wpcf7-form-control wpcf7-text wpcf7-validates-as-required\" autocomplete=\"name\" aria-required=\"true\" aria-invalid=\"false\" value=\"\" type=\"text\" name=\"your-name\" \/><\/span> <\/label>\n<\/p>\n<p><label> Tw\u00f3j adres e-mail<br \/>\n<span class=\"wpcf7-form-control-wrap\" data-name=\"your-email\"><input size=\"40\" maxlength=\"400\" class=\"wpcf7-form-control wpcf7-email wpcf7-validates-as-required wpcf7-text wpcf7-validates-as-email\" autocomplete=\"email\" aria-required=\"true\" aria-invalid=\"false\" value=\"\" type=\"email\" name=\"your-email\" \/><\/span> <\/label>\n<\/p>\n<p><label> Temat<br \/>\n<span class=\"wpcf7-form-control-wrap\" data-name=\"your-subject\"><input size=\"40\" maxlength=\"400\" class=\"wpcf7-form-control wpcf7-text wpcf7-validates-as-required\" aria-required=\"true\" aria-invalid=\"false\" value=\"\" type=\"text\" name=\"your-subject\" \/><\/span> <\/label>\n<\/p>\n<p><label> Twoja wiadomo\u015bci (opcjonalne)<br \/>\n<span class=\"wpcf7-form-control-wrap\" data-name=\"your-message\"><textarea cols=\"40\" rows=\"10\" maxlength=\"2000\" class=\"wpcf7-form-control wpcf7-textarea\" aria-invalid=\"false\" name=\"your-message\"><\/textarea><\/span> <\/label>\n<\/p>\n<p><input class=\"wpcf7-form-control wpcf7-submit has-spinner\" type=\"submit\" value=\"Wy\u015blij\" \/>\n<\/p><div class=\"wpcf7-response-output\" aria-hidden=\"true\"><\/div>\n<\/form>\n<\/div>\n\t\t\t\t<\/div>\n\t\t\t\t<\/div>\n\t\t\t\t<\/div>\n\t\t<div class=\"elementor-element elementor-element-42672391 e-con-full e-flex e-con e-child\" data-id=\"42672391\" data-element_type=\"container\" data-e-type=\"container\">\n\t\t\t\t<div class=\"elementor-element elementor-element-5101af5a wd-width-100 elementor-widget elementor-widget-wd_title\" data-id=\"5101af5a\" data-element_type=\"widget\" data-e-type=\"widget\" data-widget_type=\"wd_title.default\">\n\t\t\t\t<div class=\"elementor-widget-container\">\n\t\t\t\t\t\t\t<div class=\"title-wrapper wd-set-mb reset-last-child wd-title-color-default wd-title-style-bordered wd-title-size-default text-left\">\n\n\t\t\t\n\t\t\t<div class=\"liner-continer\">\n\t\t\t\t<h4 class=\"woodmart-title-container title wd-fontsize-l\">SKONTAKTUJ SI\u0118 Z NAMI<\/h4> \n\t\t\t\t\t\t\t<\/div>\n\n\t\t\t\t\t<\/div>\n\t\t\t\t\t\t<\/div>\n\t\t\t\t<\/div>\n\t\t<div class=\"elementor-element elementor-element-6e51336c e-con-full e-flex e-con e-child\" data-id=\"6e51336c\" data-element_type=\"container\" data-e-type=\"container\">\n\t\t<div class=\"elementor-element elementor-element-2ab74118 e-con-full e-flex e-con e-child\" data-id=\"2ab74118\" data-element_type=\"container\" data-e-type=\"container\">\n\t\t\t\t<div class=\"elementor-element elementor-element-4f734df7 elementor-widget elementor-widget-wd_infobox\" data-id=\"4f734df7\" data-element_type=\"widget\" data-e-type=\"widget\" data-widget_type=\"wd_infobox.default\">\n\t\t\t\t<div class=\"elementor-widget-container\">\n\t\t\t\t\t\t\t<div class=\"info-box-wrapper\">\n\t\t\t<div class=\"wd-info-box text-left box-icon-align-left box-style-base color-scheme- wd-items-top\">\n\t\t\t\t\t\t\t\t\t<div class=\"box-icon-wrapper  box-with-icon box-icon-simple\">\n\t\t\t\t\t\t<div class=\"info-box-icon\">\n\t\t\t\t\t\t\t\t\t\t\t\t\t\t\t<img loading=\"lazy\" decoding=\"async\" width=\"36\" height=\"36\" src=\"https:\/\/rollnikow.you2.pl\/wp-content\/uploads\/2026\/03\/77460b3a-9cf7-4f9a-bd61-58fa0785bf7c-36x36.png\" class=\"attachment-36x36 size-36x36\" alt=\"\" srcset=\"https:\/\/rollnikow.you2.pl\/wp-content\/uploads\/2026\/03\/77460b3a-9cf7-4f9a-bd61-58fa0785bf7c-36x36.png 36w, https:\/\/rollnikow.you2.pl\/wp-content\/uploads\/2026\/03\/77460b3a-9cf7-4f9a-bd61-58fa0785bf7c-300x300.png 300w, https:\/\/rollnikow.you2.pl\/wp-content\/uploads\/2026\/03\/77460b3a-9cf7-4f9a-bd61-58fa0785bf7c-150x150.png 150w, https:\/\/rollnikow.you2.pl\/wp-content\/uploads\/2026\/03\/77460b3a-9cf7-4f9a-bd61-58fa0785bf7c-40x40.png 40w, https:\/\/rollnikow.you2.pl\/wp-content\/uploads\/2026\/03\/77460b3a-9cf7-4f9a-bd61-58fa0785bf7c-35x35.png 35w, https:\/\/rollnikow.you2.pl\/wp-content\/uploads\/2026\/03\/77460b3a-9cf7-4f9a-bd61-58fa0785bf7c.png 389w\" sizes=\"auto, (max-width: 36px) 100vw, 36px\" \/>\t\t\t\t\t\t\t\t\t\t\t\t\t<\/div>\n\t\t\t\t\t<\/div>\n\t\t\t\t\n\t\t\t\t<div class=\"info-box-content\">\n\t\t\t\t\t\n\t\t\t\t\t\n\t\t\t\t\t<div class=\"info-box-inner reset-last-child\"data-elementor-setting-key=\"content\"><p><span style=\"color: #333333;\"><strong>Telefon:<\/strong><\/span><span style=\"text-decoration: underline; color: #000000;\"> 787 654 321<\/span><\/p>\n<\/div>\n\n\t\t\t\t\t\t\t\t\t<\/div>\n\n\t\t\t\t\t\t\t\t\t<a href=\"tel:(406)%20555-0120\" class=\"wd-info-box-link wd-fill\" aria-label=\"Infobox link\"><\/a>\n\t\t\t\t\t\t\t<\/div>\n\t\t<\/div>\n\t\t\t\t\t\t<\/div>\n\t\t\t\t<\/div>\n\t\t\t\t<div class=\"elementor-element elementor-element-1bd3ddbe elementor-widget elementor-widget-wd_infobox\" data-id=\"1bd3ddbe\" data-element_type=\"widget\" data-e-type=\"widget\" data-widget_type=\"wd_infobox.default\">\n\t\t\t\t<div class=\"elementor-widget-container\">\n\t\t\t\t\t\t\t<div class=\"info-box-wrapper\">\n\t\t\t<div class=\"wd-info-box text-left box-icon-align-left box-style-base color-scheme- wd-items-top\">\n\t\t\t\t\t\t\t\t\t<div class=\"box-icon-wrapper  box-with-icon box-icon-simple\">\n\t\t\t\t\t\t<div class=\"info-box-icon\">\n\t\t\t\t\t\t\t\t\t\t\t\t\t\t\t<img loading=\"lazy\" decoding=\"async\" width=\"40\" height=\"40\" src=\"https:\/\/rollnikow.you2.pl\/wp-content\/uploads\/2026\/03\/Projekt-bez-nazwy-40x40.png\" class=\"attachment-40x40 size-40x40\" alt=\"\" srcset=\"https:\/\/rollnikow.you2.pl\/wp-content\/uploads\/2026\/03\/Projekt-bez-nazwy-40x40.png 40w, https:\/\/rollnikow.you2.pl\/wp-content\/uploads\/2026\/03\/Projekt-bez-nazwy-300x300.png 300w, https:\/\/rollnikow.you2.pl\/wp-content\/uploads\/2026\/03\/Projekt-bez-nazwy-150x150.png 150w, https:\/\/rollnikow.you2.pl\/wp-content\/uploads\/2026\/03\/Projekt-bez-nazwy.png 389w\" sizes=\"auto, (max-width: 40px) 100vw, 40px\" \/>\t\t\t\t\t\t\t\t\t\t\t\t\t<\/div>\n\t\t\t\t\t<\/div>\n\t\t\t\t\n\t\t\t\t<div class=\"info-box-content\">\n\t\t\t\t\t\n\t\t\t\t\t\n\t\t\t\t\t<div class=\"info-box-inner reset-last-child\"data-elementor-setting-key=\"content\"><p><span style=\"color: #333333;\"><strong>Email: <\/strong><span style=\"text-decoration: underline;\">mail@grainfeed.pl<\/span><\/span><\/p>\n<\/div>\n\n\t\t\t\t\t\t\t\t\t<\/div>\n\n\t\t\t\t\t\t\t\t\t<a href=\"mailto:mail@grainfeed.pl\" class=\"wd-info-box-link wd-fill\" aria-label=\"Infobox link\"><\/a>\n\t\t\t\t\t\t\t<\/div>\n\t\t<\/div>\n\t\t\t\t\t\t<\/div>\n\t\t\t\t<\/div>\n\t\t\t\t<\/div>\n\t\t<div class=\"elementor-element elementor-element-41b7d5fc e-con-full e-flex e-con e-child\" data-id=\"41b7d5fc\" data-element_type=\"container\" data-e-type=\"container\">\n\t\t\t\t<div class=\"elementor-element elementor-element-b8c6c70 elementor-widget elementor-widget-wd_infobox\" data-id=\"b8c6c70\" data-element_type=\"widget\" data-e-type=\"widget\" data-widget_type=\"wd_infobox.default\">\n\t\t\t\t<div class=\"elementor-widget-container\">\n\t\t\t\t\t\t\t<div class=\"info-box-wrapper\">\n\t\t\t<div class=\"wd-info-box text-left box-icon-align-left box-style-base color-scheme- wd-items-top\">\n\t\t\t\t\t\t\t\t\t<div class=\"box-icon-wrapper  box-with-icon box-icon-simple\">\n\t\t\t\t\t\t<div class=\"info-box-icon\">\n\t\t\t\t\t\t\t\t\t\t\t\t\t\t\t<img loading=\"lazy\" decoding=\"async\" width=\"40\" height=\"40\" src=\"https:\/\/rollnikow.you2.pl\/wp-content\/uploads\/2026\/03\/ikona-40x40.png\" class=\"attachment-40x40 size-40x40\" alt=\"\" srcset=\"https:\/\/rollnikow.you2.pl\/wp-content\/uploads\/2026\/03\/ikona-40x40.png 40w, https:\/\/rollnikow.you2.pl\/wp-content\/uploads\/2026\/03\/ikona-300x300.png 300w, https:\/\/rollnikow.you2.pl\/wp-content\/uploads\/2026\/03\/ikona-150x150.png 150w, https:\/\/rollnikow.you2.pl\/wp-content\/uploads\/2026\/03\/ikona.png 389w\" sizes=\"auto, (max-width: 40px) 100vw, 40px\" \/>\t\t\t\t\t\t\t\t\t\t\t\t\t<\/div>\n\t\t\t\t\t<\/div>\n\t\t\t\t\n\t\t\t\t<div class=\"info-box-content\">\n\t\t\t\t\t\n\t\t\t\t\t\t\t\t\t\t\t<h4\t\t\t\t\t\tclass=\"info-box-title title box-title-style-default wd-fontsize-s\" data-elementor-setting-key=\"title\">\n\t\t\t\t\t\t\t\tDo dyspozycji pon - sob.\t\t\t\t\t\t<\/h4>\n\t\t\t\t\t\n\t\t\t\t\t<div class=\"info-box-inner reset-last-child\"data-elementor-setting-key=\"content\"><\/div>\n\n\t\t\t\t\t\t\t\t\t<\/div>\n\n\t\t\t\t\t\t\t<\/div>\n\t\t<\/div>\n\t\t\t\t\t\t<\/div>\n\t\t\t\t<\/div>\n\t\t\t\t<div class=\"elementor-element elementor-element-69d78cfe elementor-widget elementor-widget-wd_infobox\" data-id=\"69d78cfe\" data-element_type=\"widget\" data-e-type=\"widget\" data-widget_type=\"wd_infobox.default\">\n\t\t\t\t<div class=\"elementor-widget-container\">\n\t\t\t\t\t\t\t<div class=\"info-box-wrapper\">\n\t\t\t<div class=\"wd-info-box text-left box-icon-align-left box-style-base color-scheme- wd-items-top\">\n\t\t\t\t\t\t\t\t\t<div class=\"box-icon-wrapper  box-with-icon box-icon-simple\">\n\t\t\t\t\t\t<div class=\"info-box-icon\">\n\t\t\t\t\t\t\t\t\t\t\t\t\t\t\t<div class=\"info-svg-wrapper\" style=\"width:40px; height:40px;\"><img decoding=\"async\"  src=\"https:\/\/rollnikow.you2.pl\/wp-content\/uploads\/2026\/03\/w-map-placeholder.svg\" title=\"w-map-placeholder.svg\" loading=\"lazy\" width=\"40\" height=\"40\"><\/div>\t\t\t\t\t\t\t\t\t\t\t\t\t<\/div>\n\t\t\t\t\t<\/div>\n\t\t\t\t\n\t\t\t\t<div class=\"info-box-content\">\n\t\t\t\t\t\n\t\t\t\t\t\n\t\t\t\t\t<div class=\"info-box-inner reset-last-child\"data-elementor-setting-key=\"content\"><p><span style=\"color: #333333;\"><strong>Adres: <\/strong>ul. Wilanowska 1\/10<br data-start=\"2376\" data-end=\"2379\" \/>05-520 Konstancin-Jeziorna<\/span><\/p>\n<\/div>\n\n\t\t\t\t\t\t\t\t\t<\/div>\n\n\t\t\t\t\t\t\t<\/div>\n\t\t<\/div>\n\t\t\t\t\t\t<\/div>\n\t\t\t\t<\/div>\n\t\t\t\t<\/div>\n\t\t\t\t<\/div>\n\t\t\t\t<div class=\"elementor-element elementor-element-388e747b elementor-widget elementor-widget-wd_text_block\" data-id=\"388e747b\" data-element_type=\"widget\" data-e-type=\"widget\" data-widget_type=\"wd_text_block.default\">\n\t\t\t\t<div class=\"elementor-widget-container\">\n\t\t\t\t\t\t\t<div class=\"wd-text-block reset-last-child text-left color-title\">\n\t\t\t\n\t\t\t<h3>Wet. nr ident.: PL1418392p<\/h3>\n\t\t\t\t\t<\/div>\n\t\t\t\t\t\t<\/div>\n\t\t\t\t<\/div>\n\t\t\t\t<\/div>\n\t\t\t\t\t<\/div>\n\t\t\t\t<\/div>\n\t\t<div class=\"wd-negative-gap elementor-element elementor-element-171b0947 e-flex e-con-boxed e-con e-parent\" data-id=\"171b0947\" data-element_type=\"container\" data-e-type=\"container\">\n\t\t\t\t\t<div class=\"e-con-inner\">\n\t\t\t\t<div class=\"elementor-element elementor-element-744c4c61 wd-width-100 elementor-widget elementor-widget-wd_title\" data-id=\"744c4c61\" data-element_type=\"widget\" data-e-type=\"widget\" data-widget_type=\"wd_title.default\">\n\t\t\t\t<div class=\"elementor-widget-container\">\n\t\t\t\t\t\t\t<div class=\"title-wrapper wd-set-mb reset-last-child wd-title-color-default wd-title-style-default wd-title-size-large text-center\">\n\n\t\t\t\n\t\t\t<div class=\"liner-continer\">\n\t\t\t\t<h4 class=\"woodmart-title-container title wd-fontsize-xxl\">Otrzymaj odpowied\u017a na wszelkie pytania<\/h4> \n\t\t\t\t\t\t\t<\/div>\n\n\t\t\t\t\t<\/div>\n\t\t\t\t\t\t<\/div>\n\t\t\t\t<\/div>\n\t\t\t\t<div class=\"elementor-element elementor-element-57a7691e elementor-widget elementor-widget-wd_text_block\" data-id=\"57a7691e\" data-element_type=\"widget\" data-e-type=\"widget\" data-widget_type=\"wd_text_block.default\">\n\t\t\t\t<div class=\"elementor-widget-container\">\n\t\t\t\t\t\t\t<div class=\"wd-text-block reset-last-child text-center\">\n\t\t\t\n\t\t\t<p>Odpowiemy na wszelkie pytania mailowo lub telefonicznie. Od poniedzia\u0142ku do pi\u0105tku w godzinach: 8:00 - 20:00<\/p>\n\t\t\t\t\t<\/div>\n\t\t\t\t\t\t<\/div>\n\t\t\t\t<\/div>\n\t\t\t\t<div class=\"elementor-element elementor-element-71b3b73 elementor-widget elementor-widget-wd_button\" data-id=\"71b3b73\" data-element_type=\"widget\" data-e-type=\"widget\" data-widget_type=\"wd_button.default\">\n\t\t\t\t<div class=\"elementor-widget-container\">\n\t\t\t\t\t\t\t<div class=\"wd-button-wrapper text-center wd-smooth-scroll\"  data-smooth-time=\"100\" data-smooth-offset=\"100\">\n\t\t\t<a class=\"btn btn-style-default btn-shape-rectangle btn-size-large btn-icon-pos-right\"  href=\"mailto:mail@grainfeed.pl\" style=\"--btn-color:#fff;\">\n\t\t\t\t<span class=\"wd-btn-text\" data-elementor-setting-key=\"text\">\n\t\t\t\t\tSkontaktuj si\u0119 z nami\t\t\t\t<\/span>\n\n\t\t\t\t\t\t\t<\/a>\n\t\t<\/div>\n\t\t\t\t\t\t<\/div>\n\t\t\t\t<\/div>\n\t\t\t\t\t<\/div>\n\t\t\t\t<\/div>\n\t\t\t\t<\/div>\n\t\t","protected":false},"excerpt":{"rendered":"<p>GRAIN FEED Sp. z o.o. Specjalizujemy si\u0119 w dostarczaniu nowoczesnych rozwi\u0105za\u0144 dla rolnictwa i hodowli zwierz\u0105t. Naszym celem jest wspieranie<\/p>\n","protected":false},"author":1,"featured_media":0,"parent":0,"menu_order":0,"comment_status":"closed","ping_status":"closed","template":"","meta":{"footnotes":""},"class_list":["post-279","page","type-page","status-publish","hentry"],"_links":{"self":[{"href":"https:\/\/rollnikow.you2.pl\/index.php\/wp-json\/wp\/v2\/pages\/279","targetHints":{"allow":["GET"]}}],"collection":[{"href":"https:\/\/rollnikow.you2.pl\/index.php\/wp-json\/wp\/v2\/pages"}],"about":[{"href":"https:\/\/rollnikow.you2.pl\/index.php\/wp-json\/wp\/v2\/types\/page"}],"author":[{"embeddable":true,"href":"https:\/\/rollnikow.you2.pl\/index.php\/wp-json\/wp\/v2\/users\/1"}],"replies":[{"embeddable":true,"href":"https:\/\/rollnikow.you2.pl\/index.php\/wp-json\/wp\/v2\/comments?post=279"}],"version-history":[{"count":16,"href":"https:\/\/rollnikow.you2.pl\/index.php\/wp-json\/wp\/v2\/pages\/279\/revisions"}],"predecessor-version":[{"id":3415,"href":"https:\/\/rollnikow.you2.pl\/index.php\/wp-json\/wp\/v2\/pages\/279\/revisions\/3415"}],"wp:attachment":[{"href":"https:\/\/rollnikow.you2.pl\/index.php\/wp-json\/wp\/v2\/media?parent=279"}],"curies":[{"name":"wp","href":"https:\/\/api.w.org\/{rel}","templated":true}]}}