{"id":2883,"date":"2026-02-20T10:21:41","date_gmt":"2026-02-20T09:21:41","guid":{"rendered":"https:\/\/rollnikow.you2.pl\/?post_type=product&#038;p=2883"},"modified":"2026-03-02T18:15:05","modified_gmt":"2026-03-02T17:15:05","slug":"system-blokad-paszowych-dla-bydla","status":"publish","type":"product","link":"https:\/\/rollnikow.you2.pl\/index.php\/produkt\/system-blokad-paszowych-dla-bydla\/","title":{"rendered":"System blokad paszowych dla byd\u0142a"},"content":{"rendered":"<div class=\"flex flex-col text-sm pb-25\">\n<article class=\"text-token-text-primary w-full focus:outline-none [--shadow-height:45px] has-data-writing-block:pointer-events-none has-data-writing-block:-mt-(--shadow-height) has-data-writing-block:pt-(--shadow-height) [&amp;:has([data-writing-block])&gt;*]:pointer-events-auto scroll-mt-[calc(var(--header-height)+min(200px,max(70px,20svh)))]\" dir=\"auto\" tabindex=\"-1\" data-turn-id=\"e93d2925-96d0-4248-a3cf-e13f809fba8f\" data-testid=\"conversation-turn-8\" data-scroll-anchor=\"true\" data-turn=\"assistant\">\n<div class=\"text-base my-auto mx-auto pb-10 [--thread-content-margin:--spacing(4)] @w-sm\/main:[--thread-content-margin:--spacing(6)] @w-lg\/main:[--thread-content-margin:--spacing(16)] px-(--thread-content-margin)\">\n<div class=\"[--thread-content-max-width:40rem] @w-lg\/main:[--thread-content-max-width:48rem] mx-auto max-w-(--thread-content-max-width) flex-1 group\/turn-messages focus-visible:outline-hidden relative flex w-full min-w-0 flex-col agent-turn\" tabindex=\"-1\">\n<div class=\"flex max-w-full flex-col grow\">\n<div class=\"min-h-8 text-message relative flex w-full flex-col items-end gap-2 text-start break-words whitespace-normal [.text-message+&amp;]:mt-1\" dir=\"auto\" data-message-author-role=\"assistant\" data-message-id=\"ae08819e-4139-4089-983b-fc9eb900c943\" data-message-model-slug=\"gpt-5-2\">\n<div class=\"flex w-full flex-col gap-1 empty:hidden first:pt-[1px]\">\n<div class=\"markdown prose dark:prose-invert w-full wrap-break-word light markdown-new-styling\">\n<h2 data-start=\"0\" data-end=\"61\">System blokad paszowych dla byd\u0142a<\/h2>\n<div class=\"no-scrollbar flex min-h-36 flex-nowrap gap-0.5 overflow-auto sm:gap-1 sm:overflow-hidden xl:min-h-44 mt-1 mb-5 [&amp;:not(:first-child)]:mt-4\">\n<div class=\"border-token-border-default relative w-32 shrink-0 overflow-hidden rounded-xl border-[0.5px] md:shrink max-h-64 sm:w-[calc((100%-0.5rem)\/3)]\">System blokad paszowych dla byd\u0142a (tzw. st\u00f3\u0142 paszowy z blokad\u0105) jest to profesjonalne rozwi\u0105zanie stosowane w nowoczesnych oborach mlecznych i mi\u0119snych z kategorii <a href=\"https:\/\/rollnikow.you2.pl\/index.php\/kategoria-produktu\/budki-dla-cielat\/\">karmniki dla byd\u0142a<\/a>. Jego zadaniem jest zapewnienie r\u00f3wnomiernego dost\u0119pu do paszy oraz mo\u017cliwo\u015b\u0107 bezpiecznego unieruchomienia zwierz\u0105t podczas wykonywania zabieg\u00f3w hodowlanych i weterynaryjnych.<\/div>\n<\/div>\n<p data-start=\"1573\" data-end=\"1709\">Prezentowany model zosta\u0142 wykonany z wytrzyma\u0142ej stali ocynkowanej i przystosowany do intensywnej eksploatacji w gospodarstwach rolnych.<\/p>\n<h2 data-start=\"1711\" data-end=\"1765\">Czym jest system blokad paszowych i do on czego s\u0142u\u017cy?<\/h2>\n<p data-start=\"1767\" data-end=\"1979\">Blokada paszowa montowana jest wzd\u0142u\u017c sto\u0142u paszowego. Podczas karmienia zwierz\u0119 wk\u0142ada g\u0142ow\u0119 w otw\u00f3r blokady. Po aktywacji mechanizmu nast\u0119puje automatyczne zatrza\u015bni\u0119cie, kt\u00f3re bezpiecznie unieruchamia zwierz\u0119.<\/p>\n<p data-start=\"1981\" data-end=\"1997\">System s\u0142u\u017cy do:<\/p>\n<ul data-start=\"1999\" data-end=\"2184\">\n<li data-start=\"1999\" data-end=\"2041\">\n<p data-start=\"2001\" data-end=\"2041\">r\u00f3wnomiernego i kontrolowanego \u017cywienia,<\/p>\n<\/li>\n<li data-start=\"2042\" data-end=\"2071\">\n<p data-start=\"2044\" data-end=\"2071\">ograniczenia walki o pasz\u0119,<\/p>\n<\/li>\n<li data-start=\"2072\" data-end=\"2095\">\n<p data-start=\"2074\" data-end=\"2095\">u\u0142atwienia szczepie\u0144,<\/p>\n<\/li>\n<li data-start=\"2096\" data-end=\"2135\">\n<p data-start=\"2098\" data-end=\"2135\">wykonywania zabieg\u00f3w weterynaryjnych,<\/p>\n<\/li>\n<li data-start=\"2136\" data-end=\"2163\">\n<p data-start=\"2138\" data-end=\"2163\">strzy\u017cenia i piel\u0119gnacji,<\/p>\n<\/li>\n<li data-start=\"2164\" data-end=\"2184\">\n<p data-start=\"2166\" data-end=\"2184\">selekcji zwierz\u0105t.<\/p>\n<\/li>\n<\/ul>\n<p data-start=\"2186\" data-end=\"2314\">Dzi\u0119ki temu hodowca mo\u017ce szybko i bezpiecznie przeprowadzi\u0107 potrzebne czynno\u015bci bez konieczno\u015bci dodatkowego przep\u0119dzania byd\u0142a.<\/p>\n<h2 data-start=\"2316\" data-end=\"2352\">Automatyczny mechanizm blokowania<\/h2>\n<p data-start=\"2354\" data-end=\"2496\">System wyposa\u017cony jest w automatyczne blokowanie, kt\u00f3re znacz\u0105co usprawnia prac\u0119. Po opuszczeniu mechanizmu zwierz\u0119ta blokuj\u0105 si\u0119 samoczynnie.<\/p>\n<p data-start=\"2498\" data-end=\"2525\">Mo\u017cliwe s\u0105 dwa tryby pracy:<\/p>\n<ul data-start=\"2527\" data-end=\"2575\">\n<li data-start=\"2527\" data-end=\"2553\">\n<p data-start=\"2529\" data-end=\"2553\">blokowanie indywidualne,<\/p>\n<\/li>\n<li data-start=\"2554\" data-end=\"2575\">\n<p data-start=\"2556\" data-end=\"2575\">blokowanie grupowe.<\/p>\n<\/li>\n<\/ul>\n<p data-start=\"2577\" data-end=\"2676\">To rozwi\u0105zanie zwi\u0119ksza elastyczno\u015b\u0107 i pozwala dostosowa\u0107 system do bie\u017c\u0105cych potrzeb gospodarstwa.<\/p>\n<h2 data-start=\"2678\" data-end=\"2719\">Cicha praca \u2013 brak stresu dla zwierz\u0105t<\/h2>\n<p data-start=\"2721\" data-end=\"2894\">W systemie zastosowano j\u0119zyk blokady wykonany z PVC oraz plastikowe amortyzatory. Dzi\u0119ki temu mechanizm dzia\u0142a cicho i nie powoduje nag\u0142ych, g\u0142o\u015bnych uderze\u0144 metalu o metal.<\/p>\n<p data-start=\"2896\" data-end=\"2910\">Cicha blokada:<\/p>\n<ul data-start=\"2912\" data-end=\"3006\">\n<li data-start=\"2912\" data-end=\"2934\">\n<p data-start=\"2914\" data-end=\"2934\">nie p\u0142oszy zwierz\u0105t,<\/p>\n<\/li>\n<li data-start=\"2935\" data-end=\"2953\">\n<p data-start=\"2937\" data-end=\"2953\">ogranicza stres,<\/p>\n<\/li>\n<li data-start=\"2954\" data-end=\"2979\">\n<p data-start=\"2956\" data-end=\"2979\">poprawia komfort pracy,<\/p>\n<\/li>\n<li data-start=\"2980\" data-end=\"3006\">\n<p data-start=\"2982\" data-end=\"3006\">zwi\u0119ksza bezpiecze\u0144stwo.<\/p>\n<\/li>\n<\/ul>\n<p data-start=\"3008\" data-end=\"3097\">To szczeg\u00f3lnie istotne w stadach mlecznych, gdzie stres bezpo\u015brednio wp\u0142ywa na wydajno\u015b\u0107.<\/p>\n<h2 data-start=\"3099\" data-end=\"3133\">Regulowana szeroko\u015b\u0107 stanowiska<\/h2>\n<p data-start=\"3135\" data-end=\"3249\">Szeroko\u015b\u0107 miejsca dla jednej sztuki wynosi 75 cm. Taki rozstaw zapewnia odpowiedni\u0105 przestrze\u0144 dla doros\u0142ej krowy.<\/p>\n<p data-start=\"3251\" data-end=\"3333\">Dodatkowo mo\u017cliwa jest regulacja rozstawu blokady, co pozwala dopasowa\u0107 system do:<\/p>\n<ul data-start=\"3335\" data-end=\"3403\">\n<li data-start=\"3335\" data-end=\"3356\">\n<p data-start=\"3337\" data-end=\"3356\">wielko\u015bci zwierz\u0105t,<\/p>\n<\/li>\n<li data-start=\"3357\" data-end=\"3369\">\n<p data-start=\"3359\" data-end=\"3369\">typu rasy,<\/p>\n<\/li>\n<li data-start=\"3370\" data-end=\"3384\">\n<p data-start=\"3372\" data-end=\"3384\">wieku stada,<\/p>\n<\/li>\n<li data-start=\"3385\" data-end=\"3403\">\n<p data-start=\"3387\" data-end=\"3403\">specyfiki obory.<\/p>\n<\/li>\n<\/ul>\n<p data-start=\"3405\" data-end=\"3520\">Przy sk\u0142adaniu zam\u00f3wienia mo\u017cliwe jest podanie rozstawu s\u0142up\u00f3w \u2013 produkt zostaje przygotowany pod konkretny wymiar.<\/p>\n<h2 data-start=\"3522\" data-end=\"3552\">Solidna konstrukcja stalowa<\/h2>\n<p data-start=\"3554\" data-end=\"3648\">System wykonany jest z oryginalnej stali ocynkowanej, odpornej na korozj\u0119 i dzia\u0142anie wilgoci.<\/p>\n<p data-start=\"3650\" data-end=\"3674\">Parametry konstrukcyjne:<\/p>\n<ul data-start=\"3676\" data-end=\"3757\">\n<li data-start=\"3676\" data-end=\"3715\">\n<p data-start=\"3678\" data-end=\"3715\">rury poziome: \u00d8 48 mm, grubo\u015b\u0107 3 mm<\/p>\n<\/li>\n<li data-start=\"3716\" data-end=\"3757\">\n<p data-start=\"3718\" data-end=\"3757\">rury pionowe: \u00d8 42 mm, grubo\u015b\u0107 2,5 mm<\/p>\n<\/li>\n<\/ul>\n<p data-start=\"3759\" data-end=\"3854\">Grubo\u015b\u0107 \u015bcianek zapewnia wysok\u0105 wytrzyma\u0142o\u015b\u0107 mechaniczn\u0105 i odporno\u015b\u0107 na nacisk du\u017cych zwierz\u0105t.<\/p>\n<p data-start=\"3856\" data-end=\"3893\">Ocynkowanie chroni konstrukcj\u0119 przed:<\/p>\n<ul data-start=\"3895\" data-end=\"3968\">\n<li data-start=\"3895\" data-end=\"3902\">\n<p data-start=\"3897\" data-end=\"3902\">rdz\u0105,<\/p>\n<\/li>\n<li data-start=\"3903\" data-end=\"3925\">\n<p data-start=\"3905\" data-end=\"3925\">dzia\u0142aniem amoniaku,<\/p>\n<\/li>\n<li data-start=\"3926\" data-end=\"3937\">\n<p data-start=\"3928\" data-end=\"3937\">wilgoci\u0105,<\/p>\n<\/li>\n<li data-start=\"3938\" data-end=\"3968\">\n<p data-start=\"3940\" data-end=\"3968\">uszkodzeniami mechanicznymi.<\/p>\n<\/li>\n<\/ul>\n<h2 data-start=\"3970\" data-end=\"4010\">System g\u00f3rny i dolny \u2013 pe\u0142na kontrola<\/h2>\n<p data-start=\"4012\" data-end=\"4193\">Mechanizm otwierania dzia\u0142a zar\u00f3wno w systemie g\u00f3rnym, jak i dolnym. Umo\u017cliwia to szybkie zwolnienie wszystkich zwierz\u0105t jednocze\u015bnie lub selektywne odblokowanie pojedynczych sztuk.<\/p>\n<p data-start=\"4195\" data-end=\"4290\">Takie rozwi\u0105zanie znacz\u0105co przyspiesza prac\u0119 w gospodarstwie i zwi\u0119ksza bezpiecze\u0144stwo obs\u0142ugi.<\/p>\n<h2 data-start=\"4292\" data-end=\"4315\">Korzy\u015bci dla hodowcy<\/h2>\n<p data-start=\"4317\" data-end=\"4372\">Zastosowanie systemu blokady paszowej przek\u0142ada si\u0119 na:<\/p>\n<ul data-start=\"4374\" data-end=\"4556\">\n<li data-start=\"4374\" data-end=\"4404\">\n<p data-start=\"4376\" data-end=\"4404\">lepsz\u0105 organizacj\u0119 \u017cywienia,<\/p>\n<\/li>\n<li data-start=\"4405\" data-end=\"4435\">\n<p data-start=\"4407\" data-end=\"4435\">r\u00f3wnomierny dost\u0119p do paszy,<\/p>\n<\/li>\n<li data-start=\"4436\" data-end=\"4454\">\n<p data-start=\"4438\" data-end=\"4454\">mniejsze straty,<\/p>\n<\/li>\n<li data-start=\"4455\" data-end=\"4488\">\n<p data-start=\"4457\" data-end=\"4488\">ograniczenie agresji w stadzie,<\/p>\n<\/li>\n<li data-start=\"4489\" data-end=\"4527\">\n<p data-start=\"4491\" data-end=\"4527\">\u0142atwiejsze przeprowadzanie zabieg\u00f3w,<\/p>\n<\/li>\n<li data-start=\"4528\" data-end=\"4556\">\n<p data-start=\"4530\" data-end=\"4556\">oszcz\u0119dno\u015b\u0107 czasu i pracy.<\/p>\n<\/li>\n<\/ul>\n<p data-start=\"4558\" data-end=\"4676\">W nowoczesnych gospodarstwach mlecznych jest to standardowe wyposa\u017cenie, kt\u00f3re znacz\u0105co podnosi efektywno\u015b\u0107 produkcji.<\/p>\n<h2 data-start=\"4678\" data-end=\"4704\">Najwa\u017cniejsze parametry<\/h2>\n<ul data-start=\"4706\" data-end=\"4943\">\n<li data-start=\"4706\" data-end=\"4738\">\n<p data-start=\"4708\" data-end=\"4738\">Rury poziome: \u00d8 48 mm (3 mm)<\/p>\n<\/li>\n<li data-start=\"4739\" data-end=\"4773\">\n<p data-start=\"4741\" data-end=\"4773\">Rury pionowe: \u00d8 42 mm (2,5 mm)<\/p>\n<\/li>\n<li data-start=\"4774\" data-end=\"4807\">\n<p data-start=\"4776\" data-end=\"4807\">Szeroko\u015b\u0107 na 1 zwierz\u0119: 75 cm<\/p>\n<\/li>\n<li data-start=\"4808\" data-end=\"4841\">\n<p data-start=\"4810\" data-end=\"4841\">System indywidualny i grupowy<\/p>\n<\/li>\n<li data-start=\"4842\" data-end=\"4869\">\n<p data-start=\"4844\" data-end=\"4869\">Automatyczne blokowanie<\/p>\n<\/li>\n<li data-start=\"4870\" data-end=\"4891\">\n<p data-start=\"4872\" data-end=\"4891\">Cicha blokada PVC<\/p>\n<\/li>\n<li data-start=\"4892\" data-end=\"4916\">\n<p data-start=\"4894\" data-end=\"4916\">Regulowana szeroko\u015b\u0107<\/p>\n<\/li>\n<li data-start=\"4917\" data-end=\"4943\">\n<p data-start=\"4919\" data-end=\"4943\">Ocynkowana konstrukcja<\/p>\n<\/li>\n<\/ul>\n<h2 data-start=\"4945\" data-end=\"4989\">Profesjonalne wyposa\u017cenie sto\u0142u paszowego<\/h2>\n<p data-start=\"4991\" data-end=\"5200\">System blokady paszowej dla byd\u0142a to inwestycja w kontrol\u0119, bezpiecze\u0144stwo i wydajno\u015b\u0107 hodowli. Umo\u017cliwia wygodne karmienie oraz szybkie wykonywanie zabieg\u00f3w bez konieczno\u015bci dodatkowego przep\u0119dzania zwierz\u0105t.<\/p>\n<p data-start=\"5202\" data-end=\"5382\">Je\u015bli zale\u017cy Ci na poprawie organizacji pracy w oborze oraz na r\u00f3wnomiernym \u017cywieniu stada, ten system blokady b\u0119dzie trwa\u0142ym i funkcjonalnym rozwi\u0105zaniem dla Twojego gospodarstwa.<\/p>\n<hr data-start=\"2928\" data-end=\"2931\" \/>\n<h3 data-start=\"2933\" data-end=\"2949\">Podsumowanie<\/h3>\n<p data-start=\"2951\" data-end=\"3312\">System blokad paszowych dla byd\u0142a to nie tylko element u\u0142atwiaj\u0105cy karmienie, ale przede wszystkim narz\u0119dzie poprawiaj\u0105ce bezpiecze\u0144stwo i organizacj\u0119 pracy w oborze. W po\u0142\u0105czeniu z odpowiednimi karmnikami dla byd\u0142a, poid\u0142ami dla byd\u0142a oraz innym profesjonalnym sprz\u0119tem do hodowli byd\u0142a tworzy sp\u00f3jny system wspieraj\u0105cy wydajne i nowoczesne zarz\u0105dzanie stadem.<\/p>\n<p data-start=\"3314\" data-end=\"3413\" data-is-last-node=\"\" data-is-only-node=\"\">To inwestycja w komfort pracy, zdrowie zwierz\u0105t i optymalizacj\u0119 wynik\u00f3w produkcyjnych gospodarstwa.<\/p>\n<\/div>\n<\/div>\n<\/div>\n<\/div>\n<div class=\"z-0 flex min-h-[46px] justify-start\"><\/div>\n<div class=\"mt-3 w-full empty:hidden\">\n<div class=\"text-center\"><\/div>\n<\/div>\n<\/div>\n<\/div>\n<\/article>\n<\/div>\n<div class=\"pointer-events-none h-px w-px absolute bottom-0\" aria-hidden=\"true\" data-edge=\"true\"><\/div>\n","protected":false},"excerpt":{"rendered":"<p>System blokady paszowej dla byd\u0142a wykonany ze stali ocynkowanej, z automatycznym mechanizmem zatrzaskowym. Umo\u017cliwia indywidualne lub grupowe blokowanie zwierz\u0105t podczas karmienia, doju czy zabieg\u00f3w weterynaryjnych. Szeroko\u015b\u0107 stanowiska 75 cm na jedn\u0105 sztuk\u0119.<\/p>\n","protected":false},"featured_media":3074,"comment_status":"open","ping_status":"closed","template":"","meta":[],"product_brand":[],"product_cat":[388],"product_tag":[],"class_list":{"0":"post-2883","1":"product","2":"type-product","3":"status-publish","4":"has-post-thumbnail","6":"product_cat-karmniki-dla-bydla","8":"first","9":"instock","10":"shipping-taxable","11":"purchasable","12":"product-type-simple"},"_links":{"self":[{"href":"https:\/\/rollnikow.you2.pl\/index.php\/wp-json\/wp\/v2\/product\/2883","targetHints":{"allow":["GET"]}}],"collection":[{"href":"https:\/\/rollnikow.you2.pl\/index.php\/wp-json\/wp\/v2\/product"}],"about":[{"href":"https:\/\/rollnikow.you2.pl\/index.php\/wp-json\/wp\/v2\/types\/product"}],"replies":[{"embeddable":true,"href":"https:\/\/rollnikow.you2.pl\/index.php\/wp-json\/wp\/v2\/comments?post=2883"}],"version-history":[{"count":4,"href":"https:\/\/rollnikow.you2.pl\/index.php\/wp-json\/wp\/v2\/product\/2883\/revisions"}],"predecessor-version":[{"id":3076,"href":"https:\/\/rollnikow.you2.pl\/index.php\/wp-json\/wp\/v2\/product\/2883\/revisions\/3076"}],"wp:featuredmedia":[{"embeddable":true,"href":"https:\/\/rollnikow.you2.pl\/index.php\/wp-json\/wp\/v2\/media\/3074"}],"wp:attachment":[{"href":"https:\/\/rollnikow.you2.pl\/index.php\/wp-json\/wp\/v2\/media?parent=2883"}],"wp:term":[{"taxonomy":"product_brand","embeddable":true,"href":"https:\/\/rollnikow.you2.pl\/index.php\/wp-json\/wp\/v2\/product_brand?post=2883"},{"taxonomy":"product_cat","embeddable":true,"href":"https:\/\/rollnikow.you2.pl\/index.php\/wp-json\/wp\/v2\/product_cat?post=2883"},{"taxonomy":"product_tag","embeddable":true,"href":"https:\/\/rollnikow.you2.pl\/index.php\/wp-json\/wp\/v2\/product_tag?post=2883"}],"curies":[{"name":"wp","href":"https:\/\/api.w.org\/{rel}","templated":true}]}}