{"id":2956,"date":"2026-02-20T10:22:06","date_gmt":"2026-02-20T09:22:06","guid":{"rendered":"https:\/\/rollnikow.you2.pl\/?post_type=product&#038;p=2956"},"modified":"2026-03-09T18:25:01","modified_gmt":"2026-03-09T17:25:01","slug":"mieszadlo-do-gnojowicy","status":"publish","type":"product","link":"https:\/\/rollnikow.you2.pl\/index.php\/produkt\/mieszadlo-do-gnojowicy\/","title":{"rendered":"Mieszad\u0142o do gnojowicy"},"content":{"rendered":"<h2>Mieszad\u0142o do gnojowicy<\/h2>\n<p data-start=\"89\" data-end=\"368\">Specjalistyczne urz\u0105dzenie przeznaczone do mieszania gnojowicy w zbiornikach, lagunach oraz kana\u0142ach pod rusztami w oborach. Jego zadaniem jest ujednolicenie struktury nawozu naturalnego przed wypompowaniem lub aplikacj\u0105 na pole.<\/p>\n<p data-start=\"370\" data-end=\"505\">To niezb\u0119dny element nowoczesnego gospodarstwa, kt\u00f3re stawia na efektywne zarz\u0105dzanie odchodami oraz kompleksowe <strong data-start=\"483\" data-end=\"504\">wyposa\u017cenie obory<\/strong>.<\/p>\n<h2 data-start=\"370\" data-end=\"505\">Co to jest Mieszad\u0142o do gnojowicy?<\/h2>\n<div class=\"flex flex-col text-sm pb-25\">\n<article class=\"text-token-text-primary w-full focus:outline-none [--shadow-height:45px] has-data-writing-block:pointer-events-none has-data-writing-block:-mt-(--shadow-height) has-data-writing-block:pt-(--shadow-height) [&amp;:has([data-writing-block])&gt;*]:pointer-events-auto scroll-mt-[calc(var(--header-height)+min(200px,max(70px,20svh)))]\" dir=\"auto\" tabindex=\"-1\" data-turn-id=\"request-69a59e27-8d68-8397-af93-742762dd910a-6\" data-testid=\"conversation-turn-166\" data-scroll-anchor=\"true\" data-turn=\"assistant\">\n<div class=\"text-base my-auto mx-auto pb-10 [--thread-content-margin:var(--thread-content-margin-xs,calc(var(--spacing)*4))] @w-sm\/main:[--thread-content-margin:var(--thread-content-margin-sm,calc(var(--spacing)*6))] @w-lg\/main:[--thread-content-margin:var(--thread-content-margin-lg,calc(var(--spacing)*16))] px-(--thread-content-margin)\">\n<div class=\"[--thread-content-max-width:40rem] @w-lg\/main:[--thread-content-max-width:48rem] mx-auto max-w-(--thread-content-max-width) flex-1 group\/turn-messages focus-visible:outline-hidden relative flex w-full min-w-0 flex-col agent-turn\" tabindex=\"-1\">\n<div class=\"flex max-w-full flex-col gap-4 grow\">\n<div class=\"min-h-8 text-message relative flex w-full flex-col items-end gap-2 text-start break-words whitespace-normal [.text-message+&amp;]:mt-1\" dir=\"auto\" data-message-author-role=\"assistant\" data-message-id=\"e739f045-9c65-4553-a254-0d56b975c349\" data-message-model-slug=\"gpt-5-3\">\n<div class=\"flex w-full flex-col gap-1 empty:hidden\">\n<div class=\"markdown prose dark:prose-invert w-full wrap-break-word light markdown-new-styling\">\n<p data-start=\"123\" data-end=\"730\" data-is-last-node=\"\" data-is-only-node=\"\">Mieszad\u0142o do gnojowicy to specjalistyczne urz\u0105dzenie rolnicze przeznaczone do mieszania gnojowicy w zbiornikach, lagunach oraz kana\u0142ach pod rusztami w oborach. Pozwala na uzyskanie jednolitej struktury nawozu naturalnego, co u\u0142atwia jego wypompowanie i r\u00f3wnomiern\u0105 aplikacj\u0119 na polu. Dzi\u0119ki solidnej konstrukcji oraz nap\u0119dowi z wa\u0142ka WOM mieszad\u0142o zapewnia wydajn\u0105 i niezawodn\u0105 prac\u0119 w gospodarstwach zajmuj\u0105cych si\u0119 hodowl\u0105 byd\u0142a mlecznego i mi\u0119snego. Urz\u0105dzenie pomaga zapobiega\u0107 rozwarstwianiu si\u0119 gnojowicy, poprawia jej warto\u015b\u0107 nawozow\u0105 oraz usprawnia zarz\u0105dzanie odchodami w nowoczesnym gospodarstwie.<\/p>\n<\/div>\n<\/div>\n<\/div>\n<\/div>\n<\/div>\n<\/div>\n<\/article>\n<\/div>\n<hr data-start=\"507\" data-end=\"510\" \/>\n<h3 data-start=\"512\" data-end=\"554\">Do czego s\u0142u\u017cy mieszad\u0142o do gnojowicy?<\/h3>\n<p data-start=\"556\" data-end=\"590\">Urz\u0105dzenie wykorzystywane jest do:<\/p>\n<ul data-start=\"592\" data-end=\"810\">\n<li data-start=\"592\" data-end=\"648\">\n<p data-start=\"594\" data-end=\"648\">mieszania osadu i cieczy w zbiornikach na gnojowic\u0119,<\/p>\n<\/li>\n<li data-start=\"649\" data-end=\"707\">\n<p data-start=\"651\" data-end=\"707\">zapobiegania tworzeniu si\u0119 twardych frakcji i ko\u017cucha,<\/p>\n<\/li>\n<li data-start=\"708\" data-end=\"758\">\n<p data-start=\"710\" data-end=\"758\">przygotowania jednolitej mieszaniny do wywozu,<\/p>\n<\/li>\n<li data-start=\"759\" data-end=\"810\">\n<p data-start=\"761\" data-end=\"810\">poprawy warto\u015bci nawozowej aplikowanej gnojowicy.<\/p>\n<\/li>\n<\/ul>\n<p data-start=\"812\" data-end=\"1012\">W gospodarstwach prowadz\u0105cych intensywne <strong data-start=\"853\" data-end=\"880\">\u017cywienie byd\u0142a mi\u0119snego<\/strong> oraz <strong data-start=\"886\" data-end=\"905\">\u017cywienie opas\u00f3w<\/strong>, ilo\u015b\u0107 powstaj\u0105cej gnojowicy jest znaczna \u2013 dlatego jej prawid\u0142owe zagospodarowanie ma kluczowe znaczenie.<\/p>\n<hr data-start=\"1014\" data-end=\"1017\" \/>\n<h3 data-start=\"1019\" data-end=\"1067\">Dlaczego mieszanie gnojowicy jest tak wa\u017cne?<\/h3>\n<p data-start=\"1069\" data-end=\"1141\">Bez odpowiedniego mieszania w zbiorniku dochodzi do rozwarstwienia masy:<\/p>\n<ul data-start=\"1143\" data-end=\"1274\">\n<li data-start=\"1143\" data-end=\"1178\">\n<p data-start=\"1145\" data-end=\"1178\">ci\u0119\u017ckie frakcje opadaj\u0105 na dno,<\/p>\n<\/li>\n<li data-start=\"1179\" data-end=\"1221\">\n<p data-start=\"1181\" data-end=\"1221\">l\u017cejsze tworz\u0105 warstw\u0119 powierzchniow\u0105,<\/p>\n<\/li>\n<li data-start=\"1222\" data-end=\"1274\">\n<p data-start=\"1224\" data-end=\"1274\">sk\u0142adniki od\u017cywcze rozk\u0142adaj\u0105 si\u0119 nier\u00f3wnomiernie.<\/p>\n<\/li>\n<\/ul>\n<p data-start=\"1276\" data-end=\"1326\">Mieszad\u0142o pozwala uzyska\u0107 jednolit\u0105 struktur\u0119, co:<\/p>\n<ul data-start=\"1328\" data-end=\"1483\">\n<li data-start=\"1328\" data-end=\"1363\">\n<p data-start=\"1330\" data-end=\"1363\">zwi\u0119ksza efektywno\u015b\u0107 nawo\u017cenia,<\/p>\n<\/li>\n<li data-start=\"1364\" data-end=\"1399\">\n<p data-start=\"1366\" data-end=\"1399\">u\u0142atwia pompowanie i aplikacj\u0119,<\/p>\n<\/li>\n<li data-start=\"1400\" data-end=\"1439\">\n<p data-start=\"1402\" data-end=\"1439\">ogranicza ryzyko zapchania systemu,<\/p>\n<\/li>\n<li data-start=\"1440\" data-end=\"1483\">\n<p data-start=\"1442\" data-end=\"1483\">poprawia gospodark\u0119 nawozami naturalnymi.<\/p>\n<\/li>\n<\/ul>\n<p data-start=\"1485\" data-end=\"1652\">W dobrze zorganizowanym gospodarstwie zarz\u0105dzanie odchodami jest r\u00f3wnie istotne jak odpowiednie <strong data-start=\"1581\" data-end=\"1600\">karmienie byd\u0142a<\/strong> czy stosowanie wysokiej jako\u015bci <strong data-start=\"1633\" data-end=\"1651\">pasz dla byd\u0142a<\/strong>.<\/p>\n<hr data-start=\"1654\" data-end=\"1657\" \/>\n<h3 data-start=\"1659\" data-end=\"1692\">Najwa\u017cniejsze zalety produktu<\/h3>\n<p data-start=\"1694\" data-end=\"1816\"><strong data-start=\"1694\" data-end=\"1725\">1. Wydajny system mieszania<\/strong><br data-start=\"1725\" data-end=\"1728\" \/>Specjalnie zaprojektowane \u015bmig\u0142o lub wirnik zapewnia intensywne i r\u00f3wnomierne mieszanie.<\/p>\n<p data-start=\"1818\" data-end=\"1921\"><strong data-start=\"1818\" data-end=\"1844\">2. Solidna konstrukcja<\/strong><br data-start=\"1844\" data-end=\"1847\" \/>Wykonanie ze stali odpornej na korozj\u0119 i dzia\u0142anie agresywnego \u015brodowiska.<\/p>\n<p data-start=\"1923\" data-end=\"2027\"><strong data-start=\"1923\" data-end=\"1953\">3. Nap\u0119d z wa\u0142ka WOM (PTO)<\/strong><br data-start=\"1953\" data-end=\"1956\" \/>Mo\u017cliwo\u015b\u0107 pod\u0142\u0105czenia do ci\u0105gnika rolniczego zapewnia du\u017c\u0105 moc robocz\u0105.<\/p>\n<p data-start=\"2029\" data-end=\"2106\"><strong data-start=\"2029\" data-end=\"2055\">4. R\u00f3\u017cne d\u0142ugo\u015bci wa\u0142u<\/strong><br data-start=\"2055\" data-end=\"2058\" \/>Dostosowanie do g\u0142\u0119boko\u015bci zbiornika lub laguny.<\/p>\n<hr data-start=\"2108\" data-end=\"2111\" \/>\n<h3 data-start=\"2113\" data-end=\"2154\">Znaczenie w nowoczesnym gospodarstwie<\/h3>\n<p data-start=\"2156\" data-end=\"2310\">W gospodarstwach wyposa\u017conych w profesjonalny <strong data-start=\"2202\" data-end=\"2229\">sprz\u0119t do hodowli byd\u0142a<\/strong>, mieszad\u0142o do gnojowicy stanowi istotny element systemu zarz\u0105dzania produkcj\u0105.<\/p>\n<p data-start=\"2312\" data-end=\"2327\">W po\u0142\u0105czeniu z:<\/p>\n<ul data-start=\"2329\" data-end=\"2462\">\n<li data-start=\"2329\" data-end=\"2370\">\n<p data-start=\"2331\" data-end=\"2370\">systemami pojenia (poid\u0142a dla byd\u0142a),<\/p>\n<\/li>\n<li data-start=\"2371\" data-end=\"2396\">\n<p data-start=\"2373\" data-end=\"2396\">karmnikami dla byd\u0142a,<\/p>\n<\/li>\n<li data-start=\"2397\" data-end=\"2423\">\n<p data-start=\"2399\" data-end=\"2423\">legowiskami dla byd\u0142a,<\/p>\n<\/li>\n<li data-start=\"2424\" data-end=\"2462\">\n<p data-start=\"2426\" data-end=\"2462\">systemami \u017cywienia na sucho byd\u0142a,<\/p>\n<\/li>\n<\/ul>\n<p data-start=\"2464\" data-end=\"2517\">tworzy sp\u00f3jny i efektywny model funkcjonowania obory.<\/p>\n<hr data-start=\"2519\" data-end=\"2522\" \/>\n<h3 data-start=\"2524\" data-end=\"2563\">Dla kogo przeznaczony jest produkt?<\/h3>\n<ul data-start=\"2565\" data-end=\"2821\">\n<li data-start=\"2565\" data-end=\"2598\">\n<p data-start=\"2567\" data-end=\"2598\">dla hodowc\u00f3w byd\u0142a mlecznego,<\/p>\n<\/li>\n<li data-start=\"2599\" data-end=\"2634\">\n<p data-start=\"2601\" data-end=\"2634\">dla producent\u00f3w byd\u0142a mi\u0119snego,<\/p>\n<\/li>\n<li data-start=\"2635\" data-end=\"2698\">\n<p data-start=\"2637\" data-end=\"2698\">dla gospodarstw prowadz\u0105cych intensywne <strong data-start=\"2677\" data-end=\"2695\">\u017cywienie byd\u0142a<\/strong>,<\/p>\n<\/li>\n<li data-start=\"2699\" data-end=\"2760\">\n<p data-start=\"2701\" data-end=\"2760\">dla rolnik\u00f3w zarz\u0105dzaj\u0105cych du\u017cymi zbiornikami gnojowicy,<\/p>\n<\/li>\n<li data-start=\"2761\" data-end=\"2821\">\n<p data-start=\"2763\" data-end=\"2821\">dla gospodarstw modernizuj\u0105cych infrastruktur\u0119 techniczn\u0105.<\/p>\n<\/li>\n<\/ul>\n<hr data-start=\"2823\" data-end=\"2826\" \/>\n<h3 data-start=\"2828\" data-end=\"2861\">Parametry techniczne (og\u00f3lne)<\/h3>\n<ul data-start=\"2863\" data-end=\"3097\">\n<li data-start=\"2863\" data-end=\"2888\">\n<p data-start=\"2865\" data-end=\"2888\">typ nap\u0119du: WOM (PTO)<\/p>\n<\/li>\n<li data-start=\"2889\" data-end=\"2933\">\n<p data-start=\"2891\" data-end=\"2933\">konstrukcja: stalowa, odporna na korozj\u0119<\/p>\n<\/li>\n<li data-start=\"2934\" data-end=\"2981\">\n<p data-start=\"2936\" data-end=\"2981\">element roboczy: \u015bmig\u0142o \/ wirnik mieszaj\u0105cy<\/p>\n<\/li>\n<li data-start=\"2982\" data-end=\"3038\">\n<p data-start=\"2984\" data-end=\"3038\">zastosowanie: zbiorniki, kana\u0142y pod rusztami, laguny<\/p>\n<\/li>\n<li data-start=\"3039\" data-end=\"3097\">\n<p data-start=\"3041\" data-end=\"3097\">przeznaczenie: gospodarstwa byd\u0142a mlecznego i mi\u0119snego<\/p>\n<\/li>\n<\/ul>\n<p data-start=\"3099\" data-end=\"3192\"><em data-start=\"3099\" data-end=\"3192\">(Dok\u0142adna d\u0142ugo\u015b\u0107 wa\u0142u, \u015brednica \u015bmig\u0142a i zapotrzebowanie mocy zale\u017c\u0105 od wybranego modelu.)<\/em><\/p>\n<hr data-start=\"3194\" data-end=\"3197\" \/>\n<h3 data-start=\"3199\" data-end=\"3215\">Podsumowanie<\/h3>\n<p data-start=\"3217\" data-end=\"3423\">Mieszad\u0142o do gnojowicy to kluczowe urz\u0105dzenie w profesjonalnej hodowli byd\u0142a. Umo\u017cliwia efektywne wykorzystanie nawozu naturalnego, poprawia organizacj\u0119 pracy i wspiera nowoczesne zarz\u0105dzanie gospodarstwem.<\/p>\n<p data-start=\"3425\" data-end=\"3662\" data-is-last-node=\"\" data-is-only-node=\"\">W produkcji, gdzie istotne jest wydajne <strong data-start=\"3465\" data-end=\"3483\">\u017cywienie byd\u0142a<\/strong>, stosowanie odpowiednich <strong data-start=\"3509\" data-end=\"3528\">pasz dla opas\u00f3w<\/strong> i <strong data-start=\"3531\" data-end=\"3549\">pasz dla byk\u00f3w<\/strong>, r\u00f3wnie wa\u017cne jest w\u0142a\u015bciwe zagospodarowanie odchod\u00f3w \u2013 a mieszad\u0142o stanowi w tym procesie podstawowe narz\u0119dzie.<\/p>\n","protected":false},"excerpt":{"rendered":"<p>Mieszad\u0142o do gnojowicy to specjalistyczne urz\u0105dzenie rolnicze przeznaczone do mieszania gnojowicy w zbiornikach, lagunach oraz kana\u0142ach pod rusztami w oborach. Pozwala na uzyskanie jednolitej struktury nawozu naturalnego, co u\u0142atwia jego wypompowanie i r\u00f3wnomiern\u0105 aplikacj\u0119 na polu.<\/p>\n","protected":false},"featured_media":2970,"comment_status":"open","ping_status":"closed","template":"","meta":[],"product_brand":[],"product_cat":[327],"product_tag":[],"class_list":{"0":"post-2956","1":"product","2":"type-product","3":"status-publish","4":"has-post-thumbnail","6":"product_cat-sprzet-do-hodowli-zwierzat","8":"first","9":"instock","10":"shipping-taxable","11":"product-type-simple"},"_links":{"self":[{"href":"https:\/\/rollnikow.you2.pl\/index.php\/wp-json\/wp\/v2\/product\/2956","targetHints":{"allow":["GET"]}}],"collection":[{"href":"https:\/\/rollnikow.you2.pl\/index.php\/wp-json\/wp\/v2\/product"}],"about":[{"href":"https:\/\/rollnikow.you2.pl\/index.php\/wp-json\/wp\/v2\/types\/product"}],"replies":[{"embeddable":true,"href":"https:\/\/rollnikow.you2.pl\/index.php\/wp-json\/wp\/v2\/comments?post=2956"}],"version-history":[{"count":4,"href":"https:\/\/rollnikow.you2.pl\/index.php\/wp-json\/wp\/v2\/product\/2956\/revisions"}],"predecessor-version":[{"id":3250,"href":"https:\/\/rollnikow.you2.pl\/index.php\/wp-json\/wp\/v2\/product\/2956\/revisions\/3250"}],"wp:featuredmedia":[{"embeddable":true,"href":"https:\/\/rollnikow.you2.pl\/index.php\/wp-json\/wp\/v2\/media\/2970"}],"wp:attachment":[{"href":"https:\/\/rollnikow.you2.pl\/index.php\/wp-json\/wp\/v2\/media?parent=2956"}],"wp:term":[{"taxonomy":"product_brand","embeddable":true,"href":"https:\/\/rollnikow.you2.pl\/index.php\/wp-json\/wp\/v2\/product_brand?post=2956"},{"taxonomy":"product_cat","embeddable":true,"href":"https:\/\/rollnikow.you2.pl\/index.php\/wp-json\/wp\/v2\/product_cat?post=2956"},{"taxonomy":"product_tag","embeddable":true,"href":"https:\/\/rollnikow.you2.pl\/index.php\/wp-json\/wp\/v2\/product_tag?post=2956"}],"curies":[{"name":"wp","href":"https:\/\/api.w.org\/{rel}","templated":true}]}}