{"id":3087,"date":"2026-03-02T19:04:57","date_gmt":"2026-03-02T18:04:57","guid":{"rendered":"https:\/\/rollnikow.you2.pl\/?post_type=product&#038;p=3087"},"modified":"2026-03-02T19:05:00","modified_gmt":"2026-03-02T18:05:00","slug":"korytowe-poidlo-automatyczne","status":"publish","type":"product","link":"https:\/\/rollnikow.you2.pl\/index.php\/produkt\/korytowe-poidlo-automatyczne\/","title":{"rendered":"Korytowe poid\u0142o automatyczne"},"content":{"rendered":"<h1 data-start=\"879\" data-end=\"965\">Korytowe poid\u0142o automatyczne dla byd\u0142a 150\u2013200 cm \u2013 wydajny system pojenia grupowego<\/h1>\n<p data-start=\"967\" data-end=\"1463\">Sta\u0142y dost\u0119p do czystej i \u015bwie\u017cej wody to jeden z kluczowych czynnik\u00f3w wp\u0142ywaj\u0105cych na zdrowie oraz wydajno\u015b\u0107 byd\u0142a. Produkt z kategorii <a href=\"https:\/\/rollnikow.you2.pl\/index.php\/kategoria-produktu\/poidla-dla-zwierzat\/poidla-dla-bydla\/\">poid\u0142a dla byd\u0142a<\/a>. W nowoczesnej hodowli nie mo\u017cna bagatelizowa\u0107 znaczenia odpowiedniego nawodnienia, poniewa\u017c bezpo\u015brednio przek\u0142ada si\u0119 ono na produkcj\u0119 mleka, przyrosty masy cia\u0142a oraz og\u00f3ln\u0105 kondycj\u0119 stada. Prezentowane <strong data-start=\"1289\" data-end=\"1331\">korytowe poid\u0142o automatyczne dla byd\u0142a<\/strong> to rozwi\u0105zanie przeznaczone do pojenia grupowego, kt\u00f3re sprawdzi si\u0119 zar\u00f3wno w oborach mlecznych, jak i w hodowlach byd\u0142a mi\u0119snego.<\/p>\n<h2 data-start=\"1465\" data-end=\"1511\">Czym jest poid\u0142o korytowe i do czego s\u0142u\u017cy?<\/h2>\n<p data-start=\"1513\" data-end=\"1899\">Poid\u0142o korytowe, nazywane tak\u017ce rynn\u0105 wodn\u0105 lub \u017c\u0142obem wodnym, to wyd\u0142u\u017cony zbiornik umo\u017cliwiaj\u0105cy jednoczesne pojenie kilku zwierz\u0105t. W przeciwie\u0144stwie do modeli indywidualnych montowanych przy stanowiskach, poid\u0142o rynnowe instaluje si\u0119 w miejscach og\u00f3lnodost\u0119pnych \u2013 np. w oborach wolnostanowiskowych, na wybiegach lub w budynkach przeznaczonych do utrzymania wi\u0119kszych grup zwierz\u0105t.<\/p>\n<p data-start=\"1901\" data-end=\"2088\">Model ten wyposa\u017cony jest w <strong data-start=\"1929\" data-end=\"1962\">automatyczny system p\u0142ywakowy<\/strong>, kt\u00f3ry utrzymuje sta\u0142y poziom wody. Oznacza to, \u017ce woda uzupe\u0142niana jest samoczynnie w momencie jej pobrania przez zwierz\u0119ta.<\/p>\n<h2 data-start=\"2090\" data-end=\"2142\">Automatyczny system p\u0142ywakowy \u2013 sta\u0142y poziom wody<\/h2>\n<p data-start=\"2144\" data-end=\"2324\">Zastosowany zaw\u00f3r p\u0142ywakowy dzia\u0142a na zasadzie kontroli poziomu cieczy w zbiorniku. Gdy poziom wody spada, zaw\u00f3r otwiera dop\u0142yw, a po osi\u0105gni\u0119ciu odpowiedniego poziomu \u2013 zamyka go.<\/p>\n<p data-start=\"2326\" data-end=\"2344\">Takie rozwi\u0105zanie:<\/p>\n<ul data-start=\"2346\" data-end=\"2507\">\n<li data-start=\"2346\" data-end=\"2396\">\n<p data-start=\"2348\" data-end=\"2396\">eliminuje konieczno\u015b\u0107 r\u0119cznego dolewania wody,<\/p>\n<\/li>\n<li data-start=\"2397\" data-end=\"2439\">\n<p data-start=\"2399\" data-end=\"2439\">zapewnia sta\u0142y dost\u0119p do \u015bwie\u017cej wody,<\/p>\n<\/li>\n<li data-start=\"2440\" data-end=\"2480\">\n<p data-start=\"2442\" data-end=\"2480\">zapobiega przelewaniu si\u0119 zbiornika,<\/p>\n<\/li>\n<li data-start=\"2481\" data-end=\"2507\">\n<p data-start=\"2483\" data-end=\"2507\">ogranicza straty wody.<\/p>\n<\/li>\n<\/ul>\n<p data-start=\"2509\" data-end=\"2646\">Dzi\u0119ki temu zwierz\u0119ta mog\u0105 pi\u0107 wod\u0119 w dowolnym momencie, co jest szczeg\u00f3lnie istotne w okresie letnim oraz w czasie intensywnej laktacji.<\/p>\n<h2 data-start=\"2648\" data-end=\"2689\">Wp\u0142yw nawodnienia na wydajno\u015b\u0107 mleczn\u0105<\/h2>\n<p data-start=\"2691\" data-end=\"2917\">Woda stanowi podstawowy sk\u0142adnik mleka, dlatego jej niedob\u00f3r bardzo szybko przek\u0142ada si\u0119 na spadek produkcji. Krowa mleczna mo\u017ce spo\u017cywa\u0107 nawet 70\u2013100 litr\u00f3w wody dziennie, w zale\u017cno\u015bci od wydajno\u015bci i warunk\u00f3w \u015brodowiskowych.<\/p>\n<p data-start=\"2919\" data-end=\"2948\">Sta\u0142y dost\u0119p do czystej wody:<\/p>\n<ul data-start=\"2950\" data-end=\"3098\">\n<li data-start=\"2950\" data-end=\"2975\">\n<p data-start=\"2952\" data-end=\"2975\">zwi\u0119ksza pob\u00f3r paszy,<\/p>\n<\/li>\n<li data-start=\"2976\" data-end=\"2999\">\n<p data-start=\"2978\" data-end=\"2999\">poprawia trawienie,<\/p>\n<\/li>\n<li data-start=\"3000\" data-end=\"3023\">\n<p data-start=\"3002\" data-end=\"3023\">wspiera metabolizm,<\/p>\n<\/li>\n<li data-start=\"3024\" data-end=\"3067\">\n<p data-start=\"3026\" data-end=\"3067\">zmniejsza ryzyko chor\u00f3b metabolicznych,<\/p>\n<\/li>\n<li data-start=\"3068\" data-end=\"3098\">\n<p data-start=\"3070\" data-end=\"3098\">podnosi wydajno\u015b\u0107 mleczn\u0105.<\/p>\n<\/li>\n<\/ul>\n<p data-start=\"3100\" data-end=\"3213\">Poid\u0142o korytowe pozwala na jednoczesne pojenie wi\u0119kszej liczby sztuk, co zmniejsza rywalizacj\u0119 i stres w stadzie.<\/p>\n<h2 data-start=\"3215\" data-end=\"3260\">Dwie dost\u0119pne d\u0142ugo\u015bci \u2013 150 cm lub 200 cm<\/h2>\n<p data-start=\"3262\" data-end=\"3312\">Produkt dost\u0119pny jest w dw\u00f3ch wariantach d\u0142ugo\u015bci:<\/p>\n<ul data-start=\"3314\" data-end=\"3335\">\n<li data-start=\"3314\" data-end=\"3324\">\n<p data-start=\"3316\" data-end=\"3324\">150 cm<\/p>\n<\/li>\n<li data-start=\"3325\" data-end=\"3335\">\n<p data-start=\"3327\" data-end=\"3335\">200 cm<\/p>\n<\/li>\n<\/ul>\n<p data-start=\"3337\" data-end=\"3519\">Szeroko\u015b\u0107 50 cm oraz g\u0142\u0119boko\u015b\u0107 25 cm zapewniaj\u0105 odpowiedni\u0105 obj\u0119to\u015b\u0107 wody i komfort u\u017cytkowania. Wysoko\u015b\u0107 ca\u0142kowita 50 cm pozwala na wygodny monta\u017c w oborze lub przy \u015bcianie budynku.<\/p>\n<p data-start=\"3521\" data-end=\"3559\">Wyb\u00f3r odpowiedniej d\u0142ugo\u015bci zale\u017cy od:<\/p>\n<ul data-start=\"3561\" data-end=\"3685\">\n<li data-start=\"3561\" data-end=\"3590\">\n<p data-start=\"3563\" data-end=\"3590\">liczby zwierz\u0105t w grupie,<\/p>\n<\/li>\n<li data-start=\"3591\" data-end=\"3628\">\n<p data-start=\"3593\" data-end=\"3628\">organizacji przestrzeni w oborze,<\/p>\n<\/li>\n<li data-start=\"3629\" data-end=\"3685\">\n<p data-start=\"3631\" data-end=\"3685\">systemu utrzymania (wolnostanowiskowy \/ p\u00f3\u0142otwarty).<\/p>\n<\/li>\n<\/ul>\n<h2 data-start=\"3687\" data-end=\"3730\">Dolny korek spustowy \u2013 \u0142atwe czyszczenie<\/h2>\n<p data-start=\"3732\" data-end=\"3925\">Jedn\u0105 z kluczowych cech tego modelu jest dolny korek spustowy umo\u017cliwiaj\u0105cy szybkie opr\u00f3\u017cnienie poid\u0142a. Regularne czyszczenie zbiornika ma ogromne znaczenie dla jako\u015bci wody i zdrowia zwierz\u0105t.<\/p>\n<p data-start=\"3927\" data-end=\"3951\">System spustowy pozwala:<\/p>\n<ul data-start=\"3953\" data-end=\"4093\">\n<li data-start=\"3953\" data-end=\"3988\">\n<p data-start=\"3955\" data-end=\"3988\">szybko usun\u0105\u0107 zanieczyszczenia,<\/p>\n<\/li>\n<li data-start=\"3989\" data-end=\"4022\">\n<p data-start=\"3991\" data-end=\"4022\">przeprowadzi\u0107 dok\u0142adne mycie,<\/p>\n<\/li>\n<li data-start=\"4023\" data-end=\"4057\">\n<p data-start=\"4025\" data-end=\"4057\">zapobiega\u0107 rozwojowi bakterii,<\/p>\n<\/li>\n<li data-start=\"4058\" data-end=\"4093\">\n<p data-start=\"4060\" data-end=\"4093\">utrzyma\u0107 wysoki poziom higieny.<\/p>\n<\/li>\n<\/ul>\n<p data-start=\"4095\" data-end=\"4194\">W praktyce oznacza to kr\u00f3tszy czas konserwacji i mniejsze ryzyko chor\u00f3b zwi\u0105zanych z jako\u015bci\u0105 wody.<\/p>\n<h2 data-start=\"4196\" data-end=\"4240\">Przy\u0142\u0105cze \u00bd cala \u2013 uniwersalna instalacja<\/h2>\n<p data-start=\"4242\" data-end=\"4326\">Poid\u0142o posiada standardowe przy\u0142\u0105cze wody \u00bd cala, co umo\u017cliwia \u0142atwe pod\u0142\u0105czenie do:<\/p>\n<ul data-start=\"4328\" data-end=\"4421\">\n<li data-start=\"4328\" data-end=\"4356\">\n<p data-start=\"4330\" data-end=\"4356\">instalacji wodoci\u0105gowej,<\/p>\n<\/li>\n<li data-start=\"4357\" data-end=\"4378\">\n<p data-start=\"4359\" data-end=\"4378\">zbiornika z wod\u0105,<\/p>\n<\/li>\n<li data-start=\"4379\" data-end=\"4421\">\n<p data-start=\"4381\" data-end=\"4421\">systemu ci\u015bnieniowego w gospodarstwie.<\/p>\n<\/li>\n<\/ul>\n<p data-start=\"4423\" data-end=\"4520\">Uniwersalne przy\u0142\u0105cze u\u0142atwia monta\u017c zar\u00f3wno w nowych budynkach, jak i w modernizowanych oborach.<\/p>\n<h2 data-start=\"4522\" data-end=\"4568\">Zastosowanie w r\u00f3\u017cnych systemach utrzymania<\/h2>\n<p data-start=\"4570\" data-end=\"4614\">Korytowe poid\u0142o automatyczne sprawdzi si\u0119 w:<\/p>\n<ul data-start=\"4616\" data-end=\"4761\">\n<li data-start=\"4616\" data-end=\"4648\">\n<p data-start=\"4618\" data-end=\"4648\">oborach wolnostanowiskowych,<\/p>\n<\/li>\n<li data-start=\"4649\" data-end=\"4674\">\n<p data-start=\"4651\" data-end=\"4674\">halach produkcyjnych,<\/p>\n<\/li>\n<li data-start=\"4675\" data-end=\"4708\">\n<p data-start=\"4677\" data-end=\"4708\">budynkach dla byd\u0142a mi\u0119snego,<\/p>\n<\/li>\n<li data-start=\"4709\" data-end=\"4734\">\n<p data-start=\"4711\" data-end=\"4734\">wiatrach hodowlanych,<\/p>\n<\/li>\n<li data-start=\"4735\" data-end=\"4761\">\n<p data-start=\"4737\" data-end=\"4761\">wybiegach zadaszonych.<\/p>\n<\/li>\n<\/ul>\n<p data-start=\"4763\" data-end=\"4868\">Mo\u017ce by\u0107 montowane przy \u015bcianie lub w centralnej cz\u0119\u015bci budynku, w zale\u017cno\u015bci od organizacji przestrzeni.<\/p>\n<h2 data-start=\"4870\" data-end=\"4893\">Korzy\u015bci dla hodowcy<\/h2>\n<p data-start=\"4895\" data-end=\"4969\">Wprowadzenie wydajnego systemu pojenia grupowego przynosi realne korzy\u015bci:<\/p>\n<ul data-start=\"4971\" data-end=\"5149\">\n<li data-start=\"4971\" data-end=\"5002\">\n<p data-start=\"4973\" data-end=\"5002\">zmniejszenie nak\u0142adu pracy,<\/p>\n<\/li>\n<li data-start=\"5003\" data-end=\"5049\">\n<p data-start=\"5005\" data-end=\"5049\">sta\u0142y dost\u0119p do wody bez kontroli r\u0119cznej,<\/p>\n<\/li>\n<li data-start=\"5050\" data-end=\"5078\">\n<p data-start=\"5052\" data-end=\"5078\">ograniczenie strat wody,<\/p>\n<\/li>\n<li data-start=\"5079\" data-end=\"5113\">\n<p data-start=\"5081\" data-end=\"5113\">poprawa wynik\u00f3w produkcyjnych,<\/p>\n<\/li>\n<li data-start=\"5114\" data-end=\"5149\">\n<p data-start=\"5116\" data-end=\"5149\">lepsza organizacja przestrzeni.<\/p>\n<\/li>\n<\/ul>\n<p data-start=\"5151\" data-end=\"5245\">To inwestycja, kt\u00f3ra w d\u0142u\u017cszej perspektywie przek\u0142ada si\u0119 na wy\u017csz\u0105 efektywno\u015b\u0107 gospodarstwa.<\/p>\n<h2 data-start=\"5247\" data-end=\"5284\">Najwa\u017cniejsze parametry techniczne<\/h2>\n<ul data-start=\"5286\" data-end=\"5471\">\n<li data-start=\"5286\" data-end=\"5316\">\n<p data-start=\"5288\" data-end=\"5316\">D\u0142ugo\u015b\u0107: 150 cm lub 200 cm<\/p>\n<\/li>\n<li data-start=\"5317\" data-end=\"5337\">\n<p data-start=\"5319\" data-end=\"5337\">Szeroko\u015b\u0107: 50 cm<\/p>\n<\/li>\n<li data-start=\"5338\" data-end=\"5358\">\n<p data-start=\"5340\" data-end=\"5358\">G\u0142\u0119boko\u015b\u0107: 25 cm<\/p>\n<\/li>\n<li data-start=\"5359\" data-end=\"5378\">\n<p data-start=\"5361\" data-end=\"5378\">Wysoko\u015b\u0107: 50 cm<\/p>\n<\/li>\n<li data-start=\"5379\" data-end=\"5400\">\n<p data-start=\"5381\" data-end=\"5400\">Przy\u0142\u0105cze: \u00bd cala<\/p>\n<\/li>\n<li data-start=\"5401\" data-end=\"5421\">\n<p data-start=\"5403\" data-end=\"5421\">System p\u0142ywakowy<\/p>\n<\/li>\n<li data-start=\"5422\" data-end=\"5446\">\n<p data-start=\"5424\" data-end=\"5446\">Dolny korek spustowy<\/p>\n<\/li>\n<li data-start=\"5447\" data-end=\"5471\">\n<p data-start=\"5449\" data-end=\"5471\">Przeznaczenie: byd\u0142o<\/p>\n<\/li>\n<li data-start=\"5447\" data-end=\"5471\"><strong data-start=\"436\" data-end=\"522\">Zapewnia sta\u0142y dost\u0119p do \u015bwie\u017cej wody dzi\u0119ki automatycznemu systemowi nape\u0142niania.<\/strong><br data-start=\"522\" data-end=\"525\" \/><strong data-start=\"525\" data-end=\"592\">U\u0142atwia utrzymanie higieny dzi\u0119ki dolnemu systemowi spustowemu.<\/strong><\/li>\n<\/ul>\n<h2 data-start=\"5473\" data-end=\"5528\">Profesjonalny system pojenia dla nowoczesnej hodowli<\/h2>\n<p data-start=\"5530\" data-end=\"5844\">Korytowe poid\u0142o automatyczne dla byd\u0142a to trwa\u0142e i funkcjonalne rozwi\u0105zanie zapewniaj\u0105ce sta\u0142y dost\u0119p do \u015bwie\u017cej wody. Automatyczny system nape\u0142niania, mo\u017cliwo\u015b\u0107 wyboru d\u0142ugo\u015bci oraz \u0142atwe czyszczenie sprawiaj\u0105, \u017ce model ten spe\u0142nia wymagania zar\u00f3wno ma\u0142ych gospodarstw rodzinnych, jak i du\u017cych ferm produkcyjnych.<\/p>\n<p data-start=\"5846\" data-end=\"6031\">Je\u015bli zale\u017cy Ci na poprawie dobrostanu zwierz\u0105t oraz zwi\u0119kszeniu wydajno\u015bci produkcyjnej, profesjonalne poid\u0142o korytowe b\u0119dzie solidnym i praktycznym elementem wyposa\u017cenia Twojej obory.<\/p>\n<p><strong>Produkty Podobne:<\/strong><\/p>\n<p><a href=\"https:\/\/rollnikow.you2.pl\/index.php\/produkt\/podwojne-poidlo\/\">-Podw\u00f3jne poid\u0142o dla ma\u0142ych prze\u017cuwaczy<\/a><\/p>\n<p><a href=\"https:\/\/rollnikow.you2.pl\/index.php\/produkt\/poidlo-zeliwne-dla-zwierzat-gospodarskich\/\">-Poid\u0142o \u017celiwne<\/a><\/p>\n","protected":false},"excerpt":{"rendered":"<p data-start=\"623\" data-end=\"872\">Korytowe poid\u0142o automatyczne dla byd\u0142a o d\u0142ugo\u015bci 150 cm lub 200 cm, wyposa\u017cone w system p\u0142ywakowy utrzymuj\u0105cy sta\u0142y poziom wody. Posiada dolny korek spustowy u\u0142atwiaj\u0105cy czyszczenie. Idealne do pojenia grupowego w oborach i budynkach inwentarskich.<\/p>\n","protected":false},"featured_media":3089,"comment_status":"open","ping_status":"closed","template":"","meta":[],"product_brand":[],"product_cat":[331],"product_tag":[469,467,468,474,412,472,470,465,466,418,473,421,471,455,454],"class_list":{"0":"post-3087","1":"product","2":"type-product","3":"status-publish","4":"has-post-thumbnail","6":"product_cat-poidla-dla-bydla","7":"product_tag-automatyczne-poidlo-plywakowe","8":"product_tag-poidlo-150-cm-dla-bydla","9":"product_tag-poidlo-200-cm-dla-krow","10":"product_tag-poidlo-dla-bydla-miesnego","11":"product_tag-poidlo-dla-bydla-mlecznego","12":"product_tag-poidlo-do-obory-wolnostanowiskowej","13":"product_tag-poidlo-grupowe-dla-bydla","14":"product_tag-poidlo-korytowe-dla-bydla","15":"product_tag-poidlo-rynnowe-dla-krow","16":"product_tag-poidlo-z-korkiem-spustowym","17":"product_tag-poidlo-z-przylaczem-1-2-cala","18":"product_tag-profesjonalne-poidlo-dla-gospodarstwa","19":"product_tag-rynna-wodna-dla-krow","20":"product_tag-system-pojenia-bydla","21":"product_tag-wyposazenie-obory-poidla","23":"first","24":"instock","25":"shipping-taxable","26":"purchasable","27":"product-type-simple"},"_links":{"self":[{"href":"https:\/\/rollnikow.you2.pl\/index.php\/wp-json\/wp\/v2\/product\/3087","targetHints":{"allow":["GET"]}}],"collection":[{"href":"https:\/\/rollnikow.you2.pl\/index.php\/wp-json\/wp\/v2\/product"}],"about":[{"href":"https:\/\/rollnikow.you2.pl\/index.php\/wp-json\/wp\/v2\/types\/product"}],"replies":[{"embeddable":true,"href":"https:\/\/rollnikow.you2.pl\/index.php\/wp-json\/wp\/v2\/comments?post=3087"}],"version-history":[{"count":1,"href":"https:\/\/rollnikow.you2.pl\/index.php\/wp-json\/wp\/v2\/product\/3087\/revisions"}],"predecessor-version":[{"id":3090,"href":"https:\/\/rollnikow.you2.pl\/index.php\/wp-json\/wp\/v2\/product\/3087\/revisions\/3090"}],"wp:featuredmedia":[{"embeddable":true,"href":"https:\/\/rollnikow.you2.pl\/index.php\/wp-json\/wp\/v2\/media\/3089"}],"wp:attachment":[{"href":"https:\/\/rollnikow.you2.pl\/index.php\/wp-json\/wp\/v2\/media?parent=3087"}],"wp:term":[{"taxonomy":"product_brand","embeddable":true,"href":"https:\/\/rollnikow.you2.pl\/index.php\/wp-json\/wp\/v2\/product_brand?post=3087"},{"taxonomy":"product_cat","embeddable":true,"href":"https:\/\/rollnikow.you2.pl\/index.php\/wp-json\/wp\/v2\/product_cat?post=3087"},{"taxonomy":"product_tag","embeddable":true,"href":"https:\/\/rollnikow.you2.pl\/index.php\/wp-json\/wp\/v2\/product_tag?post=3087"}],"curies":[{"name":"wp","href":"https:\/\/api.w.org\/{rel}","templated":true}]}}