{"id":3098,"date":"2026-03-04T22:20:54","date_gmt":"2026-03-04T21:20:54","guid":{"rendered":"https:\/\/rollnikow.you2.pl\/?post_type=product&#038;p=3098"},"modified":"2026-03-04T22:20:57","modified_gmt":"2026-03-04T21:20:57","slug":"automatyczna-szczotka-dla-bydla","status":"publish","type":"product","link":"https:\/\/rollnikow.you2.pl\/index.php\/produkt\/automatyczna-szczotka-dla-bydla\/","title":{"rendered":"Automatyczna szczotka dla byd\u0142a"},"content":{"rendered":"<h1 data-start=\"1182\" data-end=\"1256\">Automatyczna szczotka dla byd\u0142a \u2013 poprawa dobrostanu i komfortu zwierz\u0105t<\/h1>\n<p data-start=\"1258\" data-end=\"1574\">W nowoczesnej hodowli byd\u0142a coraz wi\u0119ksz\u0105 uwag\u0119 przyk\u0142ada si\u0119 do dobrostanu zwierz\u0105t. Komfort \u017cycia kr\u00f3w ma bezpo\u015bredni wp\u0142yw na ich zdrowie, wydajno\u015b\u0107 mleczn\u0105 oraz og\u00f3ln\u0105 kondycj\u0119. Jednym z urz\u0105dze\u0144 poprawiaj\u0105cych warunki bytowe zwierz\u0105t jest <strong data-start=\"1502\" data-end=\"1537\">automatyczna szczotka dla byd\u0142a<\/strong>, zwana r\u00f3wnie\u017c czochrad\u0142em oborowym. Produkt z kategorii <a href=\"https:\/\/rollnikow.you2.pl\/index.php\/kategoria-produktu\/czochradla-dla-bydla\/\">Czochrad\u0142a dla byd\u0142a<\/a>.<\/p>\n<p data-start=\"1576\" data-end=\"1773\">Prezentowana <strong data-start=\"1589\" data-end=\"1631\">automatyczna maszyna do drapania byd\u0142a<\/strong> zosta\u0142a zaprojektowana z my\u015bl\u0105 o gospodarstwach, kt\u00f3re chc\u0105 zapewni\u0107 zwierz\u0119tom naturaln\u0105 mo\u017cliwo\u015b\u0107 czyszczenia sier\u015bci oraz redukcji stresu.<\/p>\n<h2 data-start=\"1775\" data-end=\"1824\">Czym jest szczotka dla byd\u0142a i do czego s\u0142u\u017cy?<\/h2>\n<p data-start=\"1826\" data-end=\"2023\">Czochrad\u0142o dla byd\u0142a to urz\u0105dzenie wyposa\u017cone w obracaj\u0105c\u0105 si\u0119 szczotk\u0119, z kt\u00f3rej zwierz\u0119ta korzystaj\u0105 samodzielnie. Gdy krowa dotknie szczotki, uruchamia si\u0119 silnik i szczotka zaczyna si\u0119 obraca\u0107.<\/p>\n<p data-start=\"2025\" data-end=\"2057\">Urz\u0105dzenie umo\u017cliwia zwierz\u0119tom:<\/p>\n<ul data-start=\"2059\" data-end=\"2185\">\n<li data-start=\"2059\" data-end=\"2106\">\n<p data-start=\"2061\" data-end=\"2106\">drapanie si\u0119 w trudno dost\u0119pnych miejscach,<\/p>\n<\/li>\n<li data-start=\"2107\" data-end=\"2135\">\n<p data-start=\"2109\" data-end=\"2135\">usuwanie martwego w\u0142osa,<\/p>\n<\/li>\n<li data-start=\"2136\" data-end=\"2160\">\n<p data-start=\"2138\" data-end=\"2160\">czyszczenie sier\u015bci,<\/p>\n<\/li>\n<li data-start=\"2161\" data-end=\"2185\">\n<p data-start=\"2163\" data-end=\"2185\">popraw\u0119 kr\u0105\u017cenia krwi.<\/p>\n<\/li>\n<\/ul>\n<p data-start=\"2187\" data-end=\"2250\">To naturalna potrzeba zwierz\u0105t, szczeg\u00f3lnie w okresie linienia.<\/p>\n<h2 data-start=\"2252\" data-end=\"2287\">Automatyczny system uruchamiania<\/h2>\n<p data-start=\"2289\" data-end=\"2439\">Szczotka wyposa\u017cona jest w system automatycznego startu. Oznacza to, \u017ce urz\u0105dzenie uruchamia si\u0119 wy\u0142\u0105cznie w momencie kontaktu zwierz\u0119cia ze szczotk\u0105.<\/p>\n<p data-start=\"2441\" data-end=\"2464\">Po odej\u015bciu zwierz\u0119cia:<\/p>\n<ul data-start=\"2466\" data-end=\"2580\">\n<li data-start=\"2466\" data-end=\"2508\">\n<p data-start=\"2468\" data-end=\"2508\">szczotka zatrzymuje si\u0119 automatycznie,<\/p>\n<\/li>\n<li data-start=\"2509\" data-end=\"2543\">\n<p data-start=\"2511\" data-end=\"2543\">urz\u0105dzenie nie zu\u017cywa energii,<\/p>\n<\/li>\n<li data-start=\"2544\" data-end=\"2580\">\n<p data-start=\"2546\" data-end=\"2580\">zmniejsza si\u0119 zu\u017cycie mechaniczne.<\/p>\n<\/li>\n<\/ul>\n<p data-start=\"2582\" data-end=\"2670\">Takie rozwi\u0105zanie zwi\u0119ksza trwa\u0142o\u015b\u0107 urz\u0105dzenia i ogranicza zu\u017cycie energii elektrycznej.<\/p>\n<h2 data-start=\"2672\" data-end=\"2706\">Poprawa zdrowia i kr\u0105\u017cenia krwi<\/h2>\n<p data-start=\"2708\" data-end=\"2843\">Regularne korzystanie z czochrad\u0142a wp\u0142ywa korzystnie na organizm zwierz\u0119cia. Obracaj\u0105ca si\u0119 szczotka delikatnie masuje cia\u0142o krowy, co:<\/p>\n<ul data-start=\"2845\" data-end=\"2972\">\n<li data-start=\"2845\" data-end=\"2872\">\n<p data-start=\"2847\" data-end=\"2872\">poprawia kr\u0105\u017cenie krwi,<\/p>\n<\/li>\n<li data-start=\"2873\" data-end=\"2896\">\n<p data-start=\"2875\" data-end=\"2896\">wspiera metabolizm,<\/p>\n<\/li>\n<li data-start=\"2897\" data-end=\"2925\">\n<p data-start=\"2899\" data-end=\"2925\">poprawia kondycj\u0119 sk\u00f3ry,<\/p>\n<\/li>\n<li data-start=\"2926\" data-end=\"2972\">\n<p data-start=\"2928\" data-end=\"2972\">pomaga w naturalnym usuwaniu martwego w\u0142osa.<\/p>\n<\/li>\n<\/ul>\n<p data-start=\"2974\" data-end=\"3065\">Zdrowa sk\u00f3ra i sier\u015b\u0107 s\u0105 bardzo wa\u017cne dla prawid\u0142owego funkcjonowania organizmu zwierz\u0119cia.<\/p>\n<h2 data-start=\"3067\" data-end=\"3096\">Redukcja stresu u zwierz\u0105t<\/h2>\n<p data-start=\"3098\" data-end=\"3244\">Krowy korzystaj\u0105ce z automatycznych szczotek wykazuj\u0105 ni\u017cszy poziom stresu. Drapanie dzia\u0142a uspokajaj\u0105co i pozwala zwierz\u0119tom roz\u0142adowa\u0107 napi\u0119cie.<\/p>\n<p data-start=\"3246\" data-end=\"3268\">W praktyce oznacza to:<\/p>\n<ul data-start=\"3270\" data-end=\"3357\">\n<li data-start=\"3270\" data-end=\"3294\">\n<p data-start=\"3272\" data-end=\"3294\">spokojniejsze stado,<\/p>\n<\/li>\n<li data-start=\"3295\" data-end=\"3335\">\n<p data-start=\"3297\" data-end=\"3335\">mniejsz\u0105 agresj\u0119 mi\u0119dzy zwierz\u0119tami,<\/p>\n<\/li>\n<li data-start=\"3336\" data-end=\"3357\">\n<p data-start=\"3338\" data-end=\"3357\">popraw\u0119 dobrostanu.<\/p>\n<\/li>\n<\/ul>\n<p data-start=\"3359\" data-end=\"3451\">W wielu gospodarstwach zauwa\u017cono tak\u017ce popraw\u0119 wydajno\u015bci mlecznej po zastosowaniu szczotek.<\/p>\n<h2 data-start=\"3453\" data-end=\"3478\">Bezpieczna konstrukcja<\/h2>\n<p data-start=\"3480\" data-end=\"3647\">Urz\u0105dzenie wyposa\u017cone jest w czujniki zapobiegaj\u0105ce wci\u0105gni\u0119ciu ogona lub sier\u015bci. W przypadku wykrycia nieprawid\u0142owego oporu system automatycznie zatrzymuje szczotk\u0119.<\/p>\n<p data-start=\"3649\" data-end=\"3664\">To rozwi\u0105zanie:<\/p>\n<ul data-start=\"3666\" data-end=\"3793\">\n<li data-start=\"3666\" data-end=\"3701\">\n<p data-start=\"3668\" data-end=\"3701\">chroni zwierz\u0119ta przed urazami,<\/p>\n<\/li>\n<li data-start=\"3702\" data-end=\"3742\">\n<p data-start=\"3704\" data-end=\"3742\">zwi\u0119ksza bezpiecze\u0144stwo u\u017cytkowania,<\/p>\n<\/li>\n<li data-start=\"3743\" data-end=\"3793\">\n<p data-start=\"3745\" data-end=\"3793\">pozwala na bezpieczn\u0105 prac\u0119 urz\u0105dzenia w oborze.<\/p>\n<\/li>\n<\/ul>\n<h2 data-start=\"3795\" data-end=\"3824\">Wydajny silnik elektryczny<\/h2>\n<p data-start=\"3826\" data-end=\"3920\">Szczotka nap\u0119dzana jest silnikiem o mocy <strong data-start=\"3867\" data-end=\"3878\">0,25 kW<\/strong>, kt\u00f3ry zapewnia stabiln\u0105 i wydajn\u0105 prac\u0119.<\/p>\n<p data-start=\"3922\" data-end=\"3938\">Parametry pracy:<\/p>\n<ul data-start=\"3940\" data-end=\"4028\">\n<li data-start=\"3940\" data-end=\"3979\">\n<p data-start=\"3942\" data-end=\"3979\">pr\u0119dko\u015b\u0107 obrotowa: <strong data-start=\"3961\" data-end=\"3976\">30 obr.\/min<\/strong>,<\/p>\n<\/li>\n<li data-start=\"3980\" data-end=\"4005\">\n<p data-start=\"3982\" data-end=\"4005\">zasilanie: <strong data-start=\"3993\" data-end=\"4002\">220 V<\/strong>,<\/p>\n<\/li>\n<li data-start=\"4006\" data-end=\"4028\">\n<p data-start=\"4008\" data-end=\"4028\">niski pob\u00f3r energii.<\/p>\n<\/li>\n<\/ul>\n<p data-start=\"4030\" data-end=\"4129\">Urz\u0105dzenie mo\u017ce by\u0107 pod\u0142\u0105czone do standardowej instalacji elektrycznej stosowanej w gospodarstwach.<\/p>\n<h2 data-start=\"4131\" data-end=\"4160\">Optymalne wymiary szczotki<\/h2>\n<p data-start=\"4162\" data-end=\"4249\">Szczotka zosta\u0142a zaprojektowana tak, aby umo\u017cliwi\u0107 wygodne korzystanie przez zwierz\u0119ta.<\/p>\n<p data-start=\"4251\" data-end=\"4270\">Parametry szczotki:<\/p>\n<ul data-start=\"4272\" data-end=\"4318\">\n<li data-start=\"4272\" data-end=\"4296\">\n<p data-start=\"4274\" data-end=\"4296\">\u015brednica: <strong data-start=\"4284\" data-end=\"4293\">50 cm<\/strong>,<\/p>\n<\/li>\n<li data-start=\"4297\" data-end=\"4318\">\n<p data-start=\"4299\" data-end=\"4318\">d\u0142ugo\u015b\u0107: <strong data-start=\"4308\" data-end=\"4317\">65 cm<\/strong>.<\/p>\n<\/li>\n<\/ul>\n<p data-start=\"4320\" data-end=\"4396\">Takie wymiary pozwalaj\u0105 zwierz\u0119ciu drapa\u0107 zar\u00f3wno boki cia\u0142a, jak i grzbiet.<\/p>\n<h2 data-start=\"4398\" data-end=\"4413\">\u0141atwy monta\u017c<\/h2>\n<p data-start=\"4415\" data-end=\"4539\">Urz\u0105dzenie dostarczane jest w formie gotowej do instalacji. Monta\u017c odbywa si\u0119 przy u\u017cyciu obejm znajduj\u0105cych si\u0119 w zestawie.<\/p>\n<p data-start=\"4541\" data-end=\"4565\">Mo\u017cliwe sposoby monta\u017cu:<\/p>\n<ul data-start=\"4567\" data-end=\"4641\">\n<li data-start=\"4567\" data-end=\"4588\">\n<p data-start=\"4569\" data-end=\"4588\">na \u015bcianie obory,<\/p>\n<\/li>\n<li data-start=\"4589\" data-end=\"4618\">\n<p data-start=\"4591\" data-end=\"4618\">na s\u0142upie konstrukcyjnym,<\/p>\n<\/li>\n<li data-start=\"4619\" data-end=\"4641\">\n<p data-start=\"4621\" data-end=\"4641\">na specjalnej ramie.<\/p>\n<\/li>\n<\/ul>\n<p data-start=\"4643\" data-end=\"4736\">W przypadku monta\u017cu do \u015bciany zaleca si\u0119 zastosowanie stalowych kotew lub ko\u0142k\u00f3w rozporowych.<\/p>\n<p data-start=\"4738\" data-end=\"4895\">Szczotk\u0119 nale\u017cy zamontowa\u0107 na wysoko\u015bci umo\u017cliwiaj\u0105cej zwierz\u0119ciu wygodne korzystanie z urz\u0105dzenia \u2013 zwykle na wysoko\u015bci \u015brodkowej cz\u0119\u015bci brzucha zwierz\u0119cia.<\/p>\n<h2 data-start=\"4897\" data-end=\"4929\">Zastosowanie w gospodarstwach<\/h2>\n<p data-start=\"4931\" data-end=\"4978\">Automatyczne szczotki dla byd\u0142a stosowane s\u0105 w:<\/p>\n<ul data-start=\"4980\" data-end=\"5110\">\n<li data-start=\"4980\" data-end=\"5012\">\n<p data-start=\"4982\" data-end=\"5012\">oborach wolnostanowiskowych,<\/p>\n<\/li>\n<li data-start=\"5013\" data-end=\"5035\">\n<p data-start=\"5015\" data-end=\"5035\">oborach mlecznych,<\/p>\n<\/li>\n<li data-start=\"5036\" data-end=\"5065\">\n<p data-start=\"5038\" data-end=\"5065\">hodowlach byd\u0142a mi\u0119snego,<\/p>\n<\/li>\n<li data-start=\"5066\" data-end=\"5110\">\n<p data-start=\"5068\" data-end=\"5110\">nowoczesnych gospodarstwach produkcyjnych.<\/p>\n<\/li>\n<\/ul>\n<p data-start=\"5112\" data-end=\"5266\">Urz\u0105dzenie sprawdza si\u0119 szczeg\u00f3lnie w du\u017cych stadach, gdzie zwierz\u0119ta maj\u0105 ograniczone mo\u017cliwo\u015bci naturalnego drapania si\u0119 o elementy konstrukcji budynku.<\/p>\n<h2 data-start=\"5268\" data-end=\"5294\">Najwa\u017cniejsze parametry<\/h2>\n<ul data-start=\"5296\" data-end=\"5489\">\n<li data-start=\"5296\" data-end=\"5324\">\n<p data-start=\"5298\" data-end=\"5324\">\u015brednica szczotki: 50 cm<\/p>\n<\/li>\n<li data-start=\"5325\" data-end=\"5352\">\n<p data-start=\"5327\" data-end=\"5352\">d\u0142ugo\u015b\u0107 szczotki: 65 cm<\/p>\n<\/li>\n<li data-start=\"5353\" data-end=\"5377\">\n<p data-start=\"5355\" data-end=\"5377\">moc silnika: 0,25 kW<\/p>\n<\/li>\n<li data-start=\"5378\" data-end=\"5412\">\n<p data-start=\"5380\" data-end=\"5412\">pr\u0119dko\u015b\u0107 obrotowa: 30 obr.\/min<\/p>\n<\/li>\n<li data-start=\"5413\" data-end=\"5433\">\n<p data-start=\"5415\" data-end=\"5433\">zasilanie: 220 V<\/p>\n<\/li>\n<li data-start=\"5434\" data-end=\"5463\">\n<p data-start=\"5436\" data-end=\"5463\">automatyczne uruchamianie<\/p>\n<\/li>\n<li data-start=\"5464\" data-end=\"5489\">\n<p data-start=\"5466\" data-end=\"5489\">czujniki bezpiecze\u0144stwa<\/p>\n<\/li>\n<\/ul>\n<h2 data-start=\"5491\" data-end=\"5533\">Niezb\u0119dne wyposa\u017cenie nowoczesnej obory<\/h2>\n<p data-start=\"5535\" data-end=\"5746\">Automatyczna szczotka dla byd\u0142a to urz\u0105dzenie, kt\u00f3re znacz\u0105co poprawia komfort \u017cycia zwierz\u0105t. Dzi\u0119ki niej krowy mog\u0105 zaspokoi\u0107 naturaln\u0105 potrzeb\u0119 drapania, co wp\u0142ywa na ich zdrowie, spok\u00f3j oraz og\u00f3ln\u0105 kondycj\u0119.<\/p>\n<p data-start=\"5748\" data-end=\"5929\">W nowoczesnych gospodarstwach hodowlanych czochrad\u0142a dla byd\u0142a staj\u0105 si\u0119 standardowym elementem wyposa\u017cenia obory, wspieraj\u0105c dobrostan zwierz\u0105t i poprawiaj\u0105c efektywno\u015b\u0107 produkcji.<\/p>\n","protected":false},"excerpt":{"rendered":"<p>Automatyczna szczotka dla byd\u0142a o \u015brednicy 50 cm i d\u0142ugo\u015bci 65 cm, wyposa\u017cona w silnik o mocy 0,25 kW. Uruchamia si\u0119 automatycznie po kontakcie zwierz\u0119cia i zatrzymuje po jego odej\u015bciu. Poprawia dobrostan byd\u0142a, wspiera kr\u0105\u017cenie krwi i redukuje stres.<\/p>\n","protected":false},"featured_media":3099,"comment_status":"open","ping_status":"closed","template":"","meta":[],"product_brand":[],"product_cat":[520],"product_tag":[533,534,539,532,537,540,538,543,536,541,535,542,518],"class_list":{"0":"post-3098","1":"product","2":"type-product","3":"status-publish","4":"has-post-thumbnail","6":"product_cat-czochradla-dla-bydla","7":"product_tag-automatyczna-szczotka-dla-krow","8":"product_tag-czochradlo-dla-bydla","9":"product_tag-szczotka-automatyczna-do-obory","10":"product_tag-szczotka-dla-bydla","11":"product_tag-szczotka-dla-krow-220v","12":"product_tag-szczotka-dla-krow-mlecznych","13":"product_tag-szczotka-do-drapania-bydla","14":"product_tag-szczotka-do-obory-wolnostanowiskowej","15":"product_tag-szczotka-elektryczna-dla-bydla","16":"product_tag-szczotka-masujaca-dla-bydla","17":"product_tag-szczotka-oborowa-dla-krow","18":"product_tag-urzadzenie-do-czyszczenia-siersci-krow","19":"product_tag-wyposazenie-obory-bydlo","21":"first","22":"instock","23":"shipping-taxable","24":"purchasable","25":"product-type-simple"},"_links":{"self":[{"href":"https:\/\/rollnikow.you2.pl\/index.php\/wp-json\/wp\/v2\/product\/3098","targetHints":{"allow":["GET"]}}],"collection":[{"href":"https:\/\/rollnikow.you2.pl\/index.php\/wp-json\/wp\/v2\/product"}],"about":[{"href":"https:\/\/rollnikow.you2.pl\/index.php\/wp-json\/wp\/v2\/types\/product"}],"replies":[{"embeddable":true,"href":"https:\/\/rollnikow.you2.pl\/index.php\/wp-json\/wp\/v2\/comments?post=3098"}],"version-history":[{"count":2,"href":"https:\/\/rollnikow.you2.pl\/index.php\/wp-json\/wp\/v2\/product\/3098\/revisions"}],"predecessor-version":[{"id":3102,"href":"https:\/\/rollnikow.you2.pl\/index.php\/wp-json\/wp\/v2\/product\/3098\/revisions\/3102"}],"wp:featuredmedia":[{"embeddable":true,"href":"https:\/\/rollnikow.you2.pl\/index.php\/wp-json\/wp\/v2\/media\/3099"}],"wp:attachment":[{"href":"https:\/\/rollnikow.you2.pl\/index.php\/wp-json\/wp\/v2\/media?parent=3098"}],"wp:term":[{"taxonomy":"product_brand","embeddable":true,"href":"https:\/\/rollnikow.you2.pl\/index.php\/wp-json\/wp\/v2\/product_brand?post=3098"},{"taxonomy":"product_cat","embeddable":true,"href":"https:\/\/rollnikow.you2.pl\/index.php\/wp-json\/wp\/v2\/product_cat?post=3098"},{"taxonomy":"product_tag","embeddable":true,"href":"https:\/\/rollnikow.you2.pl\/index.php\/wp-json\/wp\/v2\/product_tag?post=3098"}],"curies":[{"name":"wp","href":"https:\/\/api.w.org\/{rel}","templated":true}]}}