{"id":3123,"date":"2026-03-04T23:14:18","date_gmt":"2026-03-04T22:14:18","guid":{"rendered":"https:\/\/rollnikow.you2.pl\/?post_type=product&#038;p=3123"},"modified":"2026-03-04T23:16:16","modified_gmt":"2026-03-04T22:16:16","slug":"niezamarzajace-poidlo-dla-bydla-80-l","status":"publish","type":"product","link":"https:\/\/rollnikow.you2.pl\/index.php\/produkt\/niezamarzajace-poidlo-dla-bydla-80-l\/","title":{"rendered":"Niezamarzaj\u0105ce poid\u0142o dla byd\u0142a 80 L"},"content":{"rendered":"<h1 data-start=\"1048\" data-end=\"1121\">Niezamarzaj\u0105ce poid\u0142o dla byd\u0142a 80 L \u2013 niezawodne pojenie zwierz\u0105t zim\u0105<\/h1>\n<p data-start=\"1123\" data-end=\"1534\">Niezamarzaj\u0105ce poid\u0142o &#8211; Sta\u0142y dost\u0119p do \u015bwie\u017cej wody jest jednym z najwa\u017cniejszych element\u00f3w prawid\u0142owego \u017cywienia zwierz\u0105t gospodarskich. W okresie zimowym problemem w wielu gospodarstwach jest zamarzanie wody w poid\u0142ach, co utrudnia zwierz\u0119tom dost\u0119p do wody i wymaga cz\u0119stego jej wymieniania. Rozwi\u0105zaniem tego problemu jest <strong data-start=\"1427\" data-end=\"1462\">niezamarzaj\u0105ce poid\u0142o dla byd\u0142a<\/strong>, kt\u00f3re zapewnia dost\u0119p do wody nawet przy bardzo niskich temperaturach. Produkt z kategorii <a href=\"https:\/\/rollnikow.you2.pl\/index.php\/kategoria-produktu\/poidla-dla-zwierzat\/poidla-dla-bydla\/\">poid\u0142a dla byd\u0142a<\/a>.<\/p>\n<p data-start=\"1536\" data-end=\"1698\">Prezentowane <strong data-start=\"1549\" data-end=\"1597\">poid\u0142o niezamarzaj\u0105ce o pojemno\u015bci 80 litr\u00f3w<\/strong> zosta\u0142o zaprojektowane z my\u015bl\u0105 o gospodarstwach hoduj\u0105cych byd\u0142o w trudnych warunkach klimatycznych.<\/p>\n<h2 data-start=\"1700\" data-end=\"1735\">Czym jest Niezamarzaj\u0105ce poid\u0142o?<\/h2>\n<p data-start=\"1737\" data-end=\"1966\">Poid\u0142o niezamarzaj\u0105ce to specjalny zbiornik przeznaczony do pojenia zwierz\u0105t w okresie zimowym. Konstrukcja poid\u0142a oraz zastosowany system doprowadzania wody sprawiaj\u0105, \u017ce woda nie zamarza nawet przy bardzo niskich temperaturach.<\/p>\n<p data-start=\"1968\" data-end=\"2061\">Dzi\u0119ki temu zwierz\u0119ta maj\u0105 dost\u0119p do wody przez ca\u0142y rok, niezale\u017cnie od warunk\u00f3w pogodowych.<\/p>\n<h2 data-start=\"2063\" data-end=\"2099\">Odporno\u015b\u0107 na temperatury do -35\u00b0C<\/h2>\n<p data-start=\"2101\" data-end=\"2319\">Jedn\u0105 z najwa\u017cniejszych cech poid\u0142a jest jego odporno\u015b\u0107 na bardzo niskie temperatury. Konstrukcja zbiornika oraz system dzia\u0142ania pozwalaj\u0105 utrzyma\u0107 wod\u0119 w stanie p\u0142ynnym nawet przy temperaturach si\u0119gaj\u0105cych <strong data-start=\"2309\" data-end=\"2318\">-35\u00b0C<\/strong>.<\/p>\n<p data-start=\"2321\" data-end=\"2392\">Jest to szczeg\u00f3lnie wa\u017cne w gospodarstwach, gdzie zwierz\u0119ta przebywaj\u0105:<\/p>\n<ul data-start=\"2394\" data-end=\"2479\">\n<li data-start=\"2394\" data-end=\"2420\">\n<p data-start=\"2396\" data-end=\"2420\">na wybiegach zimowych,<\/p>\n<\/li>\n<li data-start=\"2421\" data-end=\"2440\">\n<p data-start=\"2423\" data-end=\"2440\">na pastwiskach,<\/p>\n<\/li>\n<li data-start=\"2441\" data-end=\"2479\">\n<p data-start=\"2443\" data-end=\"2479\">w otwartych budynkach gospodarczych.<\/p>\n<\/li>\n<\/ul>\n<p data-start=\"2481\" data-end=\"2573\">Poid\u0142o pozwala unikn\u0105\u0107 konieczno\u015bci cz\u0119stego rozbijania lodu lub r\u0119cznego dostarczania wody.<\/p>\n<h2 data-start=\"2575\" data-end=\"2604\">Du\u017ca pojemno\u015b\u0107 \u2013 80 litr\u00f3w<\/h2>\n<p data-start=\"2606\" data-end=\"2703\">Zbiornik o pojemno\u015bci <strong data-start=\"2628\" data-end=\"2641\">80 litr\u00f3w<\/strong> zapewnia odpowiedni\u0105 ilo\u015b\u0107 wody dla wi\u0119kszej liczby zwierz\u0105t.<\/p>\n<p data-start=\"2705\" data-end=\"2728\">Du\u017ca pojemno\u015b\u0107 oznacza:<\/p>\n<ul data-start=\"2730\" data-end=\"2851\">\n<li data-start=\"2730\" data-end=\"2760\">\n<p data-start=\"2732\" data-end=\"2760\">rzadsze uzupe\u0142nianie wody,<\/p>\n<\/li>\n<li data-start=\"2761\" data-end=\"2821\">\n<p data-start=\"2763\" data-end=\"2821\">mo\u017cliwo\u015b\u0107 korzystania przez kilka zwierz\u0105t jednocze\u015bnie,<\/p>\n<\/li>\n<li data-start=\"2822\" data-end=\"2851\">\n<p data-start=\"2824\" data-end=\"2851\">wi\u0119ksz\u0105 wygod\u0119 u\u017cytkowania.<\/p>\n<\/li>\n<\/ul>\n<p data-start=\"2853\" data-end=\"2929\">To szczeg\u00f3lnie przydatne w gospodarstwach utrzymuj\u0105cych wi\u0119ksze stada byd\u0142a.<\/p>\n<h2 data-start=\"2931\" data-end=\"2963\">Automatyczny system p\u0142ywakowy<\/h2>\n<p data-start=\"2965\" data-end=\"3093\">Poid\u0142o wyposa\u017cone jest w <strong data-start=\"2990\" data-end=\"3022\">automatyczny zaw\u00f3r p\u0142ywakowy<\/strong>, kt\u00f3ry odpowiada za utrzymanie odpowiedniego poziomu wody w zbiorniku.<\/p>\n<p data-start=\"3095\" data-end=\"3132\">System dzia\u0142a w bardzo prosty spos\u00f3b:<\/p>\n<ol data-start=\"3134\" data-end=\"3254\">\n<li data-start=\"3134\" data-end=\"3188\">\n<p data-start=\"3137\" data-end=\"3188\">Gdy poziom wody spada, zaw\u00f3r otwiera dop\u0142yw wody.<\/p>\n<\/li>\n<li data-start=\"3189\" data-end=\"3254\">\n<p data-start=\"3192\" data-end=\"3254\">Po osi\u0105gni\u0119ciu odpowiedniego poziomu dop\u0142yw zostaje zamkni\u0119ty.<\/p>\n<\/li>\n<\/ol>\n<p data-start=\"3256\" data-end=\"3312\">Dzi\u0119ki temu zbiornik jest stale uzupe\u0142niany \u015bwie\u017c\u0105 wod\u0105.<\/p>\n<h2 data-start=\"3314\" data-end=\"3345\">Sta\u0142y dost\u0119p do \u015bwie\u017cej wody<\/h2>\n<p data-start=\"3347\" data-end=\"3410\">Sta\u0142y dost\u0119p do wody ma ogromne znaczenie dla zdrowia zwierz\u0105t.<\/p>\n<p data-start=\"3412\" data-end=\"3444\">Regularne nawodnienie wp\u0142ywa na:<\/p>\n<ul data-start=\"3446\" data-end=\"3565\">\n<li data-start=\"3446\" data-end=\"3477\">\n<p data-start=\"3448\" data-end=\"3477\">prawid\u0142owe trawienie paszy,<\/p>\n<\/li>\n<li data-start=\"3478\" data-end=\"3498\">\n<p data-start=\"3480\" data-end=\"3498\">produkcj\u0119 mleka,<\/p>\n<\/li>\n<li data-start=\"3499\" data-end=\"3521\">\n<p data-start=\"3501\" data-end=\"3521\">kondycj\u0119 zwierz\u0105t,<\/p>\n<\/li>\n<li data-start=\"3522\" data-end=\"3565\">\n<p data-start=\"3524\" data-end=\"3565\">utrzymanie prawid\u0142owej temperatury cia\u0142a.<\/p>\n<\/li>\n<\/ul>\n<p data-start=\"3567\" data-end=\"3628\">Automatyczne poid\u0142o zapewnia zwierz\u0119tom wod\u0119 w ka\u017cdej chwili.<\/p>\n<h2 data-start=\"3630\" data-end=\"3652\">Solidna konstrukcja<\/h2>\n<p data-start=\"3654\" data-end=\"3752\">Poid\u0142o wykonane jest z wytrzyma\u0142ego materia\u0142u odpornego na uszkodzenia oraz warunki atmosferyczne.<\/p>\n<p data-start=\"3754\" data-end=\"3767\">Materia\u0142 ten:<\/p>\n<ul data-start=\"3769\" data-end=\"3888\">\n<li data-start=\"3769\" data-end=\"3805\">\n<p data-start=\"3771\" data-end=\"3805\">dobrze znosi niskie temperatury,<\/p>\n<\/li>\n<li data-start=\"3806\" data-end=\"3833\">\n<p data-start=\"3808\" data-end=\"3833\">jest odporny na wilgo\u0107,<\/p>\n<\/li>\n<li data-start=\"3834\" data-end=\"3851\">\n<p data-start=\"3836\" data-end=\"3851\">nie koroduje,<\/p>\n<\/li>\n<li data-start=\"3852\" data-end=\"3888\">\n<p data-start=\"3854\" data-end=\"3888\">jest \u0142atwy w utrzymaniu czysto\u015bci.<\/p>\n<\/li>\n<\/ul>\n<p data-start=\"3890\" data-end=\"3949\">Dzi\u0119ki temu poid\u0142o mo\u017ce by\u0107 u\u017cytkowane przez wiele sezon\u00f3w.<\/p>\n<h2 data-start=\"3951\" data-end=\"3978\">Gotowy zestaw do monta\u017cu<\/h2>\n<p data-start=\"3980\" data-end=\"4069\">Produkt dostarczany jest jako <strong data-start=\"4010\" data-end=\"4030\">kompletny zestaw<\/strong>, gotowy do instalacji w gospodarstwie.<\/p>\n<p data-start=\"4071\" data-end=\"4170\">U\u0142atwia to szybkie uruchomienie systemu pojenia bez konieczno\u015bci dokupowania dodatkowych element\u00f3w.<\/p>\n<h2 data-start=\"4172\" data-end=\"4204\">Zastosowanie w gospodarstwach<\/h2>\n<p data-start=\"4206\" data-end=\"4249\">Niezamarzaj\u0105ce poid\u0142o mo\u017ce by\u0107 stosowane w:<\/p>\n<ul data-start=\"4251\" data-end=\"4357\">\n<li data-start=\"4251\" data-end=\"4273\">\n<p data-start=\"4253\" data-end=\"4273\">oborach dla byd\u0142a,<\/p>\n<\/li>\n<li data-start=\"4274\" data-end=\"4305\">\n<p data-start=\"4276\" data-end=\"4305\">gospodarstwach hodowlanych,<\/p>\n<\/li>\n<li data-start=\"4306\" data-end=\"4342\">\n<p data-start=\"4308\" data-end=\"4342\">zimowych wybiegach dla zwierz\u0105t,<\/p>\n<\/li>\n<li data-start=\"4343\" data-end=\"4357\">\n<p data-start=\"4345\" data-end=\"4357\">pastwiskach.<\/p>\n<\/li>\n<\/ul>\n<p data-start=\"4359\" data-end=\"4441\">Sprawdza si\u0119 zar\u00f3wno w ma\u0142ych gospodarstwach rodzinnych, jak i w du\u017cych hodowlach.<\/p>\n<h2 data-start=\"4443\" data-end=\"4469\">Najwa\u017cniejsze parametry<\/h2>\n<ul data-start=\"4471\" data-end=\"4620\">\n<li data-start=\"4471\" data-end=\"4495\">\n<p data-start=\"4473\" data-end=\"4495\">pojemno\u015b\u0107: 80 litr\u00f3w<\/p>\n<\/li>\n<li data-start=\"4496\" data-end=\"4529\">\n<p data-start=\"4498\" data-end=\"4529\">automatyczny system p\u0142ywakowy<\/p>\n<\/li>\n<li data-start=\"4530\" data-end=\"4567\">\n<p data-start=\"4532\" data-end=\"4567\">odporno\u015b\u0107 na temperatury do -35\u00b0C<\/p>\n<\/li>\n<li data-start=\"4568\" data-end=\"4597\">\n<p data-start=\"4570\" data-end=\"4597\">sta\u0142y dop\u0142yw \u015bwie\u017cej wody<\/p>\n<\/li>\n<li data-start=\"4598\" data-end=\"4620\">\n<p data-start=\"4600\" data-end=\"4620\">przeznaczenie: byd\u0142o<\/p>\n<\/li>\n<\/ul>\n<h2 data-start=\"4622\" data-end=\"4664\">Niezb\u0119dne wyposa\u017cenie gospodarstwa zim\u0105<\/h2>\n<p data-start=\"4666\" data-end=\"4971\">Niezamarzaj\u0105ce poid\u0142o dla byd\u0142a to praktyczne rozwi\u0105zanie, kt\u00f3re pozwala zapewni\u0107 zwierz\u0119tom dost\u0119p do wody nawet podczas bardzo mro\u017anych zim. Automatyczny system nape\u0142niania, du\u017ca pojemno\u015b\u0107 oraz odporno\u015b\u0107 na niskie temperatury sprawiaj\u0105, \u017ce urz\u0105dzenie doskonale sprawdza si\u0119 w gospodarstwach hodowlanych.<\/p>\n<p data-start=\"4973\" data-end=\"5051\">To rozwi\u0105zanie zwi\u0119ksza komfort zwierz\u0105t oraz u\u0142atwia codzienn\u0105 prac\u0119 hodowcy.<\/p>\n<div class=\"flex flex-col text-sm pb-25\">\n<article class=\"text-token-text-primary w-full focus:outline-none [--shadow-height:45px] has-data-writing-block:pointer-events-none has-data-writing-block:-mt-(--shadow-height) has-data-writing-block:pt-(--shadow-height) [&amp;:has([data-writing-block])&gt;*]:pointer-events-auto scroll-mt-[calc(var(--header-height)+min(200px,max(70px,20svh)))]\" dir=\"auto\" tabindex=\"-1\" data-turn-id=\"request-69a59e27-8d68-8397-af93-742762dd910a-16\" data-testid=\"conversation-turn-74\" data-scroll-anchor=\"true\" data-turn=\"assistant\">\n<div class=\"text-base my-auto mx-auto pb-10 [--thread-content-margin:--spacing(4)] @w-sm\/main:[--thread-content-margin:--spacing(6)] @w-lg\/main:[--thread-content-margin:--spacing(16)] px-(--thread-content-margin)\">\n<div class=\"[--thread-content-max-width:40rem] @w-lg\/main:[--thread-content-max-width:48rem] mx-auto max-w-(--thread-content-max-width) flex-1 group\/turn-messages focus-visible:outline-hidden relative flex w-full min-w-0 flex-col agent-turn\" tabindex=\"-1\">\n<div class=\"flex max-w-full flex-col grow\">\n<div class=\"min-h-8 text-message relative flex w-full flex-col items-end gap-2 text-start break-words whitespace-normal [.text-message+&amp;]:mt-1\" dir=\"auto\" data-message-author-role=\"assistant\" data-message-id=\"4f860f1a-a8e0-4c6e-926f-73c16fdd230f\" data-message-model-slug=\"gpt-5-3\">\n<div class=\"flex w-full flex-col gap-1 empty:hidden first:pt-[1px]\">\n<div class=\"markdown prose dark:prose-invert w-full wrap-break-word light markdown-new-styling\">\n<h2 data-start=\"70\" data-end=\"133\">Niezamarzaj\u0105ce Poid\u0142o \u2013 wygoda u\u017cytkowania w okresie zimowym<\/h2>\n<p data-start=\"135\" data-end=\"727\" data-is-last-node=\"\" data-is-only-node=\"\">W okresie zimowym utrzymanie sta\u0142ego dost\u0119pu do wody dla zwierz\u0105t bywa du\u017cym wyzwaniem. Tradycyjne poid\u0142a cz\u0119sto zamarzaj\u0105, co wymaga cz\u0119stego usuwania lodu lub r\u0119cznego dolewania wody. Zastosowanie poid\u0142a niezamarzaj\u0105cego pozwala znacz\u0105co ograniczy\u0107 te problemy i usprawnia codzienn\u0105 prac\u0119 w gospodarstwie. Dzi\u0119ki automatycznemu systemowi p\u0142ywakowemu woda jest stale uzupe\u0142niana, a du\u017ca pojemno\u015b\u0107 zbiornika sprawia, \u017ce kilka zwierz\u0105t mo\u017ce korzysta\u0107 z niego jednocze\u015bnie. Takie rozwi\u0105zanie poprawia komfort zwierz\u0105t oraz pozwala hodowcy zaoszcz\u0119dzi\u0107 czas potrzebny na obs\u0142ug\u0119 systemu pojenia.<\/p>\n<\/div>\n<\/div>\n<\/div>\n<\/div>\n<div class=\"z-0 flex min-h-[46px] justify-start\"><\/div>\n<div class=\"mt-3 w-full empty:hidden\">\n<div class=\"text-center\"><\/div>\n<\/div>\n<\/div>\n<\/div>\n<\/article>\n<\/div>\n<div class=\"pointer-events-none h-px w-px absolute bottom-0\" aria-hidden=\"true\" data-edge=\"true\"><\/div>\n","protected":false},"excerpt":{"rendered":"<p>Poid\u0142o niezamarzaj\u0105ce dla byd\u0142a o pojemno\u015bci 80 litr\u00f3w wyposa\u017cone w automatyczny system p\u0142ywakowy. Odporne na temperatury do -35\u00b0C, zapewnia zwierz\u0119tom sta\u0142y dost\u0119p do \u015bwie\u017cej wody nawet w trudnych warunkach zimowych.<\/p>\n","protected":false},"featured_media":3124,"comment_status":"open","ping_status":"closed","template":"","meta":[],"product_brand":[],"product_cat":[331],"product_tag":[586,640,644,646,645,643,642,638,641,639,647,648,419],"class_list":{"0":"post-3123","1":"product","2":"type-product","3":"status-publish","4":"has-post-thumbnail","6":"product_cat-poidla-dla-bydla","7":"product_tag-automatyczne-poidlo-dla-bydla","8":"product_tag-poidlo-80l-dla-bydla","9":"product_tag-poidlo-dla-bydla-35-stopni","10":"product_tag-poidlo-dla-bydla-z-plywakiem","11":"product_tag-poidlo-dla-krow-na-zewnatrz","12":"product_tag-poidlo-dla-krow-zima","13":"product_tag-poidlo-na-pastwisko-dla-bydla","14":"product_tag-poidlo-niezamarzajace-dla-bydla","15":"product_tag-poidlo-z-plywakiem-dla-krow","16":"product_tag-poidlo-zimowe-dla-krow","17":"product_tag-poidlo-zimowe-dla-zwierzat-gospodarskich","18":"product_tag-system-pojenia-bydla-zima","19":"product_tag-wyposazenie-obory-poidlo","21":"first","22":"instock","23":"shipping-taxable","24":"purchasable","25":"product-type-simple"},"_links":{"self":[{"href":"https:\/\/rollnikow.you2.pl\/index.php\/wp-json\/wp\/v2\/product\/3123","targetHints":{"allow":["GET"]}}],"collection":[{"href":"https:\/\/rollnikow.you2.pl\/index.php\/wp-json\/wp\/v2\/product"}],"about":[{"href":"https:\/\/rollnikow.you2.pl\/index.php\/wp-json\/wp\/v2\/types\/product"}],"replies":[{"embeddable":true,"href":"https:\/\/rollnikow.you2.pl\/index.php\/wp-json\/wp\/v2\/comments?post=3123"}],"version-history":[{"count":3,"href":"https:\/\/rollnikow.you2.pl\/index.php\/wp-json\/wp\/v2\/product\/3123\/revisions"}],"predecessor-version":[{"id":3127,"href":"https:\/\/rollnikow.you2.pl\/index.php\/wp-json\/wp\/v2\/product\/3123\/revisions\/3127"}],"wp:featuredmedia":[{"embeddable":true,"href":"https:\/\/rollnikow.you2.pl\/index.php\/wp-json\/wp\/v2\/media\/3124"}],"wp:attachment":[{"href":"https:\/\/rollnikow.you2.pl\/index.php\/wp-json\/wp\/v2\/media?parent=3123"}],"wp:term":[{"taxonomy":"product_brand","embeddable":true,"href":"https:\/\/rollnikow.you2.pl\/index.php\/wp-json\/wp\/v2\/product_brand?post=3123"},{"taxonomy":"product_cat","embeddable":true,"href":"https:\/\/rollnikow.you2.pl\/index.php\/wp-json\/wp\/v2\/product_cat?post=3123"},{"taxonomy":"product_tag","embeddable":true,"href":"https:\/\/rollnikow.you2.pl\/index.php\/wp-json\/wp\/v2\/product_tag?post=3123"}],"curies":[{"name":"wp","href":"https:\/\/api.w.org\/{rel}","templated":true}]}}