{"id":3144,"date":"2026-03-04T23:59:22","date_gmt":"2026-03-04T22:59:22","guid":{"rendered":"https:\/\/rollnikow.you2.pl\/?post_type=product&#038;p=3144"},"modified":"2026-03-08T21:24:09","modified_gmt":"2026-03-08T20:24:09","slug":"automatyczne-poidlo-5-l-dla-owiec","status":"publish","type":"product","link":"https:\/\/rollnikow.you2.pl\/index.php\/produkt\/automatyczne-poidlo-5-l-dla-owiec\/","title":{"rendered":"Automatyczne poid\u0142o 5 L dla owiec"},"content":{"rendered":"<h1 data-start=\"1138\" data-end=\"1210\">Automatyczne poid\u0142o 5 L dla owiec i k\u00f3z \u2013 sta\u0142y dost\u0119p do \u015bwie\u017cej wody<\/h1>\n<p data-start=\"1212\" data-end=\"1638\">Sta\u0142y dost\u0119p do czystej wody jest jednym z najwa\u017cniejszych element\u00f3w prawid\u0142owego utrzymania zwierz\u0105t gospodarskich. W przypadku owiec, k\u00f3z czy jagni\u0105t odpowiednie nawodnienie ma bezpo\u015bredni wp\u0142yw na ich zdrowie, rozw\u00f3j oraz wydajno\u015b\u0107 produkcyjn\u0105. Dlatego w nowoczesnych gospodarstwach coraz cz\u0119\u015bciej stosuje si\u0119 <strong data-start=\"1525\" data-end=\"1582\">automatyczne poid\u0142a dla ma\u0142ych zwierz\u0105t gospodarskich<\/strong>, kt\u00f3re zapewniaj\u0105 wygodny i higieniczny system pojenia. Produkt z kategorii <a href=\"https:\/\/rollnikow.you2.pl\/index.php\/kategoria-produktu\/poidla-dla-zwierzat\/poidla-dla-bydla\/\">poid\u0142a dla byd\u0142a<\/a>.<\/p>\n<p data-start=\"1640\" data-end=\"1781\">Prezentowane <strong data-start=\"1653\" data-end=\"1698\">automatyczne poid\u0142o o pojemno\u015bci 5 litr\u00f3w<\/strong> zosta\u0142o zaprojektowane z my\u015bl\u0105 o hodowcach owiec, k\u00f3z oraz innych ma\u0142ych zwierz\u0105t.<\/p>\n<h2 data-start=\"1783\" data-end=\"1832\">Czym jest automatyczne poid\u0142o dla owiec i k\u00f3z?<\/h2>\n<p data-start=\"1834\" data-end=\"2066\">Automatyczne poid\u0142o to niewielki zbiornik wyposa\u017cony w system p\u0142ywakowy, kt\u00f3ry kontroluje poziom wody w poidle. Dzi\u0119ki temu zwierz\u0119ta zawsze maj\u0105 dost\u0119p do \u015bwie\u017cej wody bez konieczno\u015bci r\u0119cznego uzupe\u0142niania zbiornika przez hodowc\u0119.<\/p>\n<p data-start=\"2068\" data-end=\"2105\">Dzia\u0142anie systemu jest bardzo proste:<\/p>\n<ol data-start=\"2107\" data-end=\"2242\">\n<li data-start=\"2107\" data-end=\"2171\">\n<p data-start=\"2110\" data-end=\"2171\">Gdy poziom wody spada, zaw\u00f3r p\u0142ywakowy otwiera dop\u0142yw wody.<\/p>\n<\/li>\n<li data-start=\"2172\" data-end=\"2242\">\n<p data-start=\"2175\" data-end=\"2242\">Po osi\u0105gni\u0119ciu odpowiedniego poziomu dop\u0142yw wody zostaje zamkni\u0119ty.<\/p>\n<\/li>\n<\/ol>\n<p data-start=\"2244\" data-end=\"2311\">Dzi\u0119ki temu w zbiorniku zawsze znajduje si\u0119 odpowiednia ilo\u015b\u0107 wody.<\/p>\n<h2 data-start=\"2313\" data-end=\"2334\">Pojemno\u015b\u0107 5 litr\u00f3w<\/h2>\n<p data-start=\"2336\" data-end=\"2442\">Poid\u0142o posiada pojemno\u015b\u0107 <strong data-start=\"2361\" data-end=\"2373\">5 litr\u00f3w<\/strong>, co jest wystarczaj\u0105ce dla ma\u0142ych zwierz\u0105t gospodarskich takich jak:<\/p>\n<ul data-start=\"2444\" data-end=\"2475\">\n<li data-start=\"2444\" data-end=\"2453\">\n<p data-start=\"2446\" data-end=\"2453\">owce,<\/p>\n<\/li>\n<li data-start=\"2454\" data-end=\"2463\">\n<p data-start=\"2456\" data-end=\"2463\">kozy,<\/p>\n<\/li>\n<li data-start=\"2464\" data-end=\"2475\">\n<p data-start=\"2466\" data-end=\"2475\">jagni\u0119ta.<\/p>\n<\/li>\n<\/ul>\n<p data-start=\"2477\" data-end=\"2554\">Pojemno\u015b\u0107 ta zapewnia wygodny dost\u0119p do wody dla kilku zwierz\u0105t jednocze\u015bnie.<\/p>\n<h2 data-start=\"2556\" data-end=\"2588\">Automatyczny system p\u0142ywakowy<\/h2>\n<p data-start=\"2590\" data-end=\"2676\">Zastosowany <strong data-start=\"2602\" data-end=\"2622\">system p\u0142ywakowy<\/strong> umo\u017cliwia automatyczne uzupe\u0142nianie wody w zbiorniku.<\/p>\n<p data-start=\"2678\" data-end=\"2689\">System ten:<\/p>\n<ul data-start=\"2691\" data-end=\"2806\">\n<li data-start=\"2691\" data-end=\"2723\">\n<p data-start=\"2693\" data-end=\"2723\">utrzymuje sta\u0142y poziom wody,<\/p>\n<\/li>\n<li data-start=\"2724\" data-end=\"2769\">\n<p data-start=\"2726\" data-end=\"2769\">ogranicza konieczno\u015b\u0107 r\u0119cznego dolewania,<\/p>\n<\/li>\n<li data-start=\"2770\" data-end=\"2806\">\n<p data-start=\"2772\" data-end=\"2806\">zapewnia \u015bwie\u017c\u0105 wod\u0119 dla zwierz\u0105t.<\/p>\n<\/li>\n<\/ul>\n<p data-start=\"2808\" data-end=\"2878\">Automatyczne poid\u0142a znacz\u0105co u\u0142atwiaj\u0105 codzienn\u0105 obs\u0142ug\u0119 gospodarstwa.<\/p>\n<h2 data-start=\"2880\" data-end=\"2903\">Dolny korek spustowy<\/h2>\n<p data-start=\"2905\" data-end=\"3002\">Poid\u0142o wyposa\u017cone jest w <strong data-start=\"2930\" data-end=\"2954\">dolny korek spustowy<\/strong>, kt\u00f3ry umo\u017cliwia szybkie opr\u00f3\u017cnienie zbiornika.<\/p>\n<p data-start=\"3004\" data-end=\"3028\">Dzi\u0119ki temu mo\u017cna \u0142atwo:<\/p>\n<ul data-start=\"3030\" data-end=\"3137\">\n<li data-start=\"3030\" data-end=\"3058\">\n<p data-start=\"3032\" data-end=\"3058\">usun\u0105\u0107 zanieczyszczenia,<\/p>\n<\/li>\n<li data-start=\"3059\" data-end=\"3099\">\n<p data-start=\"3061\" data-end=\"3099\">przeprowadzi\u0107 czyszczenie zbiornika,<\/p>\n<\/li>\n<li data-start=\"3100\" data-end=\"3137\">\n<p data-start=\"3102\" data-end=\"3137\">utrzyma\u0107 odpowiedni poziom higieny.<\/p>\n<\/li>\n<\/ul>\n<p data-start=\"3139\" data-end=\"3207\">Regularne czyszczenie poid\u0142a jest bardzo wa\u017cne dla zdrowia zwierz\u0105t.<\/p>\n<h2 data-start=\"3209\" data-end=\"3225\">Prosty monta\u017c<\/h2>\n<p data-start=\"3227\" data-end=\"3358\">Produkt dostarczany jest z <strong data-start=\"3254\" data-end=\"3284\">dwoma obejmami monta\u017cowymi<\/strong>, dzi\u0119ki kt\u00f3rym mo\u017cna szybko zamontowa\u0107 poid\u0142o w miejscu pojenia zwierz\u0105t.<\/p>\n<p data-start=\"3360\" data-end=\"3384\">Poid\u0142o mo\u017cna zamontowa\u0107:<\/p>\n<ul data-start=\"3386\" data-end=\"3479\">\n<li data-start=\"3386\" data-end=\"3421\">\n<p data-start=\"3388\" data-end=\"3421\">na \u015bcianie budynku hodowlanego,<\/p>\n<\/li>\n<li data-start=\"3422\" data-end=\"3451\">\n<p data-start=\"3424\" data-end=\"3451\">na konstrukcji metalowej,<\/p>\n<\/li>\n<li data-start=\"3452\" data-end=\"3479\">\n<p data-start=\"3454\" data-end=\"3479\">w owczarni lub zagrodzie.<\/p>\n<\/li>\n<\/ul>\n<p data-start=\"3481\" data-end=\"3540\">Monta\u017c jest szybki i nie wymaga specjalistycznych narz\u0119dzi.<\/p>\n<h2 data-start=\"3542\" data-end=\"3573\">Sta\u0142y dost\u0119p do \u015bwie\u017cej wody<\/h2>\n<p data-start=\"3575\" data-end=\"3641\">Odpowiednie nawodnienie ma ogromne znaczenie dla zdrowia zwierz\u0105t.<\/p>\n<p data-start=\"3643\" data-end=\"3679\">Regularne pobieranie wody wp\u0142ywa na:<\/p>\n<ul data-start=\"3681\" data-end=\"3767\">\n<li data-start=\"3681\" data-end=\"3712\">\n<p data-start=\"3683\" data-end=\"3712\">prawid\u0142owe trawienie paszy,<\/p>\n<\/li>\n<li data-start=\"3713\" data-end=\"3742\">\n<p data-start=\"3715\" data-end=\"3742\">wzrost i rozw\u00f3j zwierz\u0105t,<\/p>\n<\/li>\n<li data-start=\"3743\" data-end=\"3767\">\n<p data-start=\"3745\" data-end=\"3767\">og\u00f3ln\u0105 kondycj\u0119 stada.<\/p>\n<\/li>\n<\/ul>\n<p data-start=\"3769\" data-end=\"3845\">Automatyczne poid\u0142o sprawia, \u017ce zwierz\u0119ta mog\u0105 pi\u0107 wod\u0119 w dowolnym momencie.<\/p>\n<h2 data-start=\"3847\" data-end=\"3879\">Zastosowanie w gospodarstwach<\/h2>\n<p data-start=\"3881\" data-end=\"3917\">Poid\u0142o przeznaczone jest do pojenia:<\/p>\n<ul data-start=\"3919\" data-end=\"3949\">\n<li data-start=\"3919\" data-end=\"3929\">\n<p data-start=\"3921\" data-end=\"3929\">owiec,<\/p>\n<\/li>\n<li data-start=\"3930\" data-end=\"3938\">\n<p data-start=\"3932\" data-end=\"3938\">k\u00f3z,<\/p>\n<\/li>\n<li data-start=\"3939\" data-end=\"3949\">\n<p data-start=\"3941\" data-end=\"3949\">jagni\u0105t.<\/p>\n<\/li>\n<\/ul>\n<p data-start=\"3951\" data-end=\"3972\">Mo\u017ce by\u0107 stosowane w:<\/p>\n<ul data-start=\"3974\" data-end=\"4093\">\n<li data-start=\"3974\" data-end=\"3990\">\n<p data-start=\"3976\" data-end=\"3990\">owczarniach,<\/p>\n<\/li>\n<li data-start=\"3991\" data-end=\"4017\">\n<p data-start=\"3993\" data-end=\"4017\">budynkach hodowlanych,<\/p>\n<\/li>\n<li data-start=\"4018\" data-end=\"4051\">\n<p data-start=\"4020\" data-end=\"4051\">gospodarstwach ekologicznych,<\/p>\n<\/li>\n<li data-start=\"4052\" data-end=\"4093\">\n<p data-start=\"4054\" data-end=\"4093\">ma\u0142ych i du\u017cych gospodarstwach rolnych.<\/p>\n<\/li>\n<\/ul>\n<h2 data-start=\"4095\" data-end=\"4121\">Najwa\u017cniejsze parametry<\/h2>\n<ul data-start=\"4123\" data-end=\"4252\">\n<li data-start=\"4123\" data-end=\"4146\">\n<p data-start=\"4125\" data-end=\"4146\">pojemno\u015b\u0107: 5 litr\u00f3w<\/p>\n<\/li>\n<li data-start=\"4147\" data-end=\"4180\">\n<p data-start=\"4149\" data-end=\"4180\">automatyczny system p\u0142ywakowy<\/p>\n<\/li>\n<li data-start=\"4181\" data-end=\"4205\">\n<p data-start=\"4183\" data-end=\"4205\">dolny korek spustowy<\/p>\n<\/li>\n<li data-start=\"4206\" data-end=\"4223\">\n<p data-start=\"4208\" data-end=\"4223\">szybki monta\u017c<\/p>\n<\/li>\n<li data-start=\"4224\" data-end=\"4252\">\n<p data-start=\"4226\" data-end=\"4252\">przeznaczenie: owce i kozy<\/p>\n<\/li>\n<\/ul>\n<h2 data-start=\"4254\" data-end=\"4292\">Praktyczne rozwi\u0105zanie dla hodowc\u00f3w<\/h2>\n<p data-start=\"4294\" data-end=\"4600\">Automatyczne poid\u0142o dla ma\u0142ych zwierz\u0105t gospodarskich to wygodne i funkcjonalne rozwi\u0105zanie dla gospodarstw zajmuj\u0105cych si\u0119 hodowl\u0105 owiec i k\u00f3z. Dzi\u0119ki systemowi automatycznego nape\u0142niania oraz \u0142atwemu czyszczeniu urz\u0105dzenie u\u0142atwia codzienn\u0105 obs\u0142ug\u0119 zwierz\u0105t oraz zapewnia im sta\u0142y dost\u0119p do \u015bwie\u017cej wody.<\/p>\n<h2 data-start=\"70\" data-end=\"136\">Dlaczego odpowiednie poid\u0142a s\u0105 tak wa\u017cne w hodowli owiec i k\u00f3z?<\/h2>\n<p data-start=\"138\" data-end=\"527\">Woda jest jednym z najwa\u017cniejszych element\u00f3w w \u017cywieniu zwierz\u0105t gospodarskich. Owce i kozy potrzebuj\u0105 regularnego dost\u0119pu do \u015bwie\u017cej wody, aby prawid\u0142owo trawi\u0107 pasz\u0119, utrzymywa\u0107 odpowiedni poziom energii oraz zachowa\u0107 dobr\u0105 kondycj\u0119 organizmu. W przypadku braku sta\u0142ego dost\u0119pu do wody zwierz\u0119ta mog\u0105 pobiera\u0107 mniej paszy, co bezpo\u015brednio wp\u0142ywa na ich rozw\u00f3j oraz wydajno\u015b\u0107 produkcyjn\u0105.<\/p>\n<p data-start=\"529\" data-end=\"866\">Zastosowanie automatycznych poide\u0142 w gospodarstwie pozwala rozwi\u0105za\u0107 wiele problem\u00f3w zwi\u0105zanych z r\u0119cznym uzupe\u0142nianiem wody. Dzi\u0119ki systemowi p\u0142ywakowemu zbiornik automatycznie nape\u0142nia si\u0119 w momencie, gdy poziom wody spada. Pozwala to utrzyma\u0107 sta\u0142y poziom wody w poidle oraz zapewnia zwierz\u0119tom dost\u0119p do \u015bwie\u017cej wody przez ca\u0142y czas.<\/p>\n<p data-start=\"868\" data-end=\"1179\" data-is-last-node=\"\" data-is-only-node=\"\">Dodatkow\u0105 zalet\u0105 jest \u0142atwo\u015b\u0107 utrzymania czysto\u015bci. Dzi\u0119ki dolnemu korkowi spustowemu poid\u0142o mo\u017cna szybko opr\u00f3\u017cni\u0107 i wyczy\u015bci\u0107, co jest bardzo wa\u017cne dla utrzymania higieny w miejscu pojenia zwierz\u0105t. Regularne czyszczenie poid\u0142a zapobiega rozwojowi bakterii oraz poprawia jako\u015b\u0107 wody spo\u017cywanej przez zwierz\u0119ta.<\/p>\n","protected":false},"excerpt":{"rendered":"<p data-start=\"908\" data-end=\"1131\">Automatyczne poid\u0142o dla owiec i k\u00f3z o pojemno\u015bci 5 litr\u00f3w wyposa\u017cone w system p\u0142ywakowy zapewniaj\u0105cy sta\u0142y poziom wody. Posiada dolny korek spustowy u\u0142atwiaj\u0105cy czyszczenie oraz obejmy monta\u017cowe umo\u017cliwiaj\u0105ce szybki monta\u017c.<\/p>\n","protected":false},"featured_media":3145,"comment_status":"open","ping_status":"closed","template":"","meta":[],"product_brand":[],"product_cat":[331],"product_tag":[680,679,671,665,673,667,664,589,681,670,668,672,676],"class_list":{"0":"post-3144","1":"product","2":"type-product","3":"status-publish","4":"has-post-thumbnail","6":"product_cat-poidla-dla-bydla","7":"product_tag-poidlo-5l-dla-zwierzat","8":"product_tag-poidlo-automatyczne-dla-owiec","9":"product_tag-poidlo-dla-jagniat","10":"product_tag-poidlo-dla-koz","11":"product_tag-poidlo-dla-koz-automatyczne","12":"product_tag-poidlo-dla-malych-zwierzat-gospodarskich","13":"product_tag-poidlo-dla-owiec","14":"product_tag-poidlo-dla-zwierzat-gospodarskich","15":"product_tag-poidlo-do-hodowli-owiec","16":"product_tag-poidlo-do-owczarni","17":"product_tag-poidlo-z-plywakiem-dla-owiec","18":"product_tag-system-pojenia-owiec","19":"product_tag-wyposazenie-owczarni-poidlo","21":"first","22":"instock","23":"shipping-taxable","24":"purchasable","25":"product-type-simple"},"_links":{"self":[{"href":"https:\/\/rollnikow.you2.pl\/index.php\/wp-json\/wp\/v2\/product\/3144","targetHints":{"allow":["GET"]}}],"collection":[{"href":"https:\/\/rollnikow.you2.pl\/index.php\/wp-json\/wp\/v2\/product"}],"about":[{"href":"https:\/\/rollnikow.you2.pl\/index.php\/wp-json\/wp\/v2\/types\/product"}],"replies":[{"embeddable":true,"href":"https:\/\/rollnikow.you2.pl\/index.php\/wp-json\/wp\/v2\/comments?post=3144"}],"version-history":[{"count":1,"href":"https:\/\/rollnikow.you2.pl\/index.php\/wp-json\/wp\/v2\/product\/3144\/revisions"}],"predecessor-version":[{"id":3147,"href":"https:\/\/rollnikow.you2.pl\/index.php\/wp-json\/wp\/v2\/product\/3144\/revisions\/3147"}],"wp:featuredmedia":[{"embeddable":true,"href":"https:\/\/rollnikow.you2.pl\/index.php\/wp-json\/wp\/v2\/media\/3145"}],"wp:attachment":[{"href":"https:\/\/rollnikow.you2.pl\/index.php\/wp-json\/wp\/v2\/media?parent=3144"}],"wp:term":[{"taxonomy":"product_brand","embeddable":true,"href":"https:\/\/rollnikow.you2.pl\/index.php\/wp-json\/wp\/v2\/product_brand?post=3144"},{"taxonomy":"product_cat","embeddable":true,"href":"https:\/\/rollnikow.you2.pl\/index.php\/wp-json\/wp\/v2\/product_cat?post=3144"},{"taxonomy":"product_tag","embeddable":true,"href":"https:\/\/rollnikow.you2.pl\/index.php\/wp-json\/wp\/v2\/product_tag?post=3144"}],"curies":[{"name":"wp","href":"https:\/\/api.w.org\/{rel}","templated":true}]}}