{"id":3161,"date":"2026-03-05T15:26:33","date_gmt":"2026-03-05T14:26:33","guid":{"rendered":"https:\/\/rollnikow.you2.pl\/?post_type=product&#038;p=3161"},"modified":"2026-03-05T15:26:33","modified_gmt":"2026-03-05T14:26:33","slug":"system-blokady-karmnika-dla-owiec","status":"publish","type":"product","link":"https:\/\/rollnikow.you2.pl\/index.php\/produkt\/system-blokady-karmnika-dla-owiec\/","title":{"rendered":"System blokady karmnika dla owiec"},"content":{"rendered":"<h1 data-start=\"936\" data-end=\"1004\">System blokady karmnika dla owiec 3 m \u2013 wygodne zarz\u0105dzanie stadem<\/h1>\n<p data-start=\"1006\" data-end=\"1387\">W hodowli owiec niezwykle wa\u017cna jest odpowiednia organizacja karmienia oraz mo\u017cliwo\u015b\u0107 sprawnej obs\u0142ugi zwierz\u0105t. Jednym z element\u00f3w wyposa\u017cenia gospodarstwa, kt\u00f3ry znacz\u0105co u\u0142atwia prac\u0119 hodowcy, jest <strong data-start=\"1207\" data-end=\"1244\">system blokady karmnika dla owiec<\/strong>. Dzi\u0119ki temu rozwi\u0105zaniu mo\u017cliwe jest jednoczesne karmienie zwierz\u0105t oraz ich bezpieczne unieruchomienie podczas r\u00f3\u017cnych zabieg\u00f3w hodowlanych. <a href=\"https:\/\/rollnikow.you2.pl\/index.php\/kategoria-produktu\/karmniki-dla-bydla\/\">Produkt z kategorii Karmniki dla byd\u0142a<\/a><\/p>\n<p data-start=\"1389\" data-end=\"1536\">Prezentowany <strong data-start=\"1402\" data-end=\"1459\">system blokady karmnika dla owiec o d\u0142ugo\u015bci 3 metr\u00f3w<\/strong> zosta\u0142 zaprojektowany z my\u015bl\u0105 o gospodarstwach utrzymuj\u0105cych owce oraz kozy.<\/p>\n<h2 data-start=\"1538\" data-end=\"1573\">Do czego s\u0142u\u017cy blokada karmnika?<\/h2>\n<p data-start=\"1575\" data-end=\"1823\">Blokada karmnika umo\u017cliwia kontrolowanie dost\u0119pu zwierz\u0105t do paszy oraz chwilowe unieruchomienie ich przy stanowisku karmienia. Zwierz\u0119 wk\u0142ada g\u0142ow\u0119 do karmnika, a mechanizm blokuj\u0105cy mo\u017ce zosta\u0107 zamkni\u0119ty, co utrzymuje zwierz\u0119 w stabilnej pozycji.<\/p>\n<p data-start=\"1825\" data-end=\"1875\">Rozwi\u0105zanie to jest szczeg\u00f3lnie przydatne podczas:<\/p>\n<ul data-start=\"1877\" data-end=\"1981\">\n<li data-start=\"1877\" data-end=\"1899\">\n<p data-start=\"1879\" data-end=\"1899\">karmienia zwierz\u0105t<\/p>\n<\/li>\n<li data-start=\"1900\" data-end=\"1913\">\n<p data-start=\"1902\" data-end=\"1913\">szczepie\u0144<\/p>\n<\/li>\n<li data-start=\"1914\" data-end=\"1934\">\n<p data-start=\"1916\" data-end=\"1934\">strzy\u017cenia owiec<\/p>\n<\/li>\n<li data-start=\"1935\" data-end=\"1954\">\n<p data-start=\"1937\" data-end=\"1954\">podawania lek\u00f3w<\/p>\n<\/li>\n<li data-start=\"1955\" data-end=\"1981\">\n<p data-start=\"1957\" data-end=\"1981\">zabieg\u00f3w weterynaryjnych<\/p>\n<\/li>\n<\/ul>\n<p data-start=\"1983\" data-end=\"2065\">Dzi\u0119ki temu hodowca mo\u017ce wykonywa\u0107 wszystkie te czynno\u015bci szybciej i bezpieczniej.<\/p>\n<h2 data-start=\"2067\" data-end=\"2100\">Automatyczny system blokowania<\/h2>\n<p data-start=\"2102\" data-end=\"2236\">System wyposa\u017cony jest w <strong data-start=\"2127\" data-end=\"2163\">automatyczny mechanizm blokuj\u0105cy<\/strong>, kt\u00f3ry pozwala na szybkie zamkni\u0119cie zwierz\u0105t przy stanowisku karmienia.<\/p>\n<p data-start=\"2238\" data-end=\"2266\">Dost\u0119pne s\u0105 dwa tryby pracy:<\/p>\n<ul data-start=\"2268\" data-end=\"2340\">\n<li data-start=\"2268\" data-end=\"2306\">\n<p data-start=\"2270\" data-end=\"2306\">blokowanie pojedynczego zwierz\u0119cia<\/p>\n<\/li>\n<li data-start=\"2307\" data-end=\"2340\">\n<p data-start=\"2309\" data-end=\"2340\">blokowanie ca\u0142ej grupy zwierz\u0105t<\/p>\n<\/li>\n<\/ul>\n<p data-start=\"2342\" data-end=\"2417\">Takie rozwi\u0105zanie pozwala dopasowa\u0107 system do r\u00f3\u017cnych potrzeb gospodarstwa.<\/p>\n<h2 data-start=\"2419\" data-end=\"2449\">Solidna konstrukcja stalowa<\/h2>\n<p data-start=\"2451\" data-end=\"2582\">Blokada karmnika wykonana jest z <strong data-start=\"2484\" data-end=\"2522\">wysokiej jako\u015bci stali ocynkowanej<\/strong>, kt\u00f3ra jest odporna na korozj\u0119 oraz intensywne u\u017cytkowanie.<\/p>\n<p data-start=\"2584\" data-end=\"2722\">Dolna misa karmnika zosta\u0142a wykonana z <strong data-start=\"2623\" data-end=\"2654\">ocynkowanej blachy stalowej<\/strong>, co zapewnia jej wysok\u0105 trwa\u0142o\u015b\u0107 oraz \u0142atwo\u015b\u0107 utrzymania czysto\u015bci.<\/p>\n<p data-start=\"2724\" data-end=\"2740\">Ocynkowana stal:<\/p>\n<ul data-start=\"2742\" data-end=\"2846\">\n<li data-start=\"2742\" data-end=\"2768\">\n<p data-start=\"2744\" data-end=\"2768\">jest odporna na wilgo\u0107<\/p>\n<\/li>\n<li data-start=\"2769\" data-end=\"2808\">\n<p data-start=\"2771\" data-end=\"2808\">dobrze znosi intensywne u\u017cytkowanie<\/p>\n<\/li>\n<li data-start=\"2809\" data-end=\"2846\">\n<p data-start=\"2811\" data-end=\"2846\">zapewnia d\u0142ug\u0105 \u017cywotno\u015b\u0107 urz\u0105dzenia<\/p>\n<\/li>\n<\/ul>\n<h2 data-start=\"2848\" data-end=\"2866\">D\u0142ugo\u015b\u0107 3 metry<\/h2>\n<p data-start=\"2868\" data-end=\"2973\">System blokady posiada <strong data-start=\"2891\" data-end=\"2911\">d\u0142ugo\u015b\u0107 3 metr\u00f3w<\/strong>, dzi\u0119ki czemu umo\u017cliwia jednoczesne karmienie kilku zwierz\u0105t.<\/p>\n<p data-start=\"2975\" data-end=\"2999\">D\u0142u\u017cszy karmnik pozwala:<\/p>\n<ul data-start=\"3001\" data-end=\"3111\">\n<li data-start=\"3001\" data-end=\"3046\">\n<p data-start=\"3003\" data-end=\"3046\">zmniejszy\u0107 rywalizacj\u0119 mi\u0119dzy zwierz\u0119tami<\/p>\n<\/li>\n<li data-start=\"3047\" data-end=\"3082\">\n<p data-start=\"3049\" data-end=\"3082\">usprawni\u0107 organizacj\u0119 karmienia<\/p>\n<\/li>\n<li data-start=\"3083\" data-end=\"3111\">\n<p data-start=\"3085\" data-end=\"3111\">zwi\u0119kszy\u0107 komfort zwierz\u0105t<\/p>\n<\/li>\n<\/ul>\n<p data-start=\"3113\" data-end=\"3190\">Jest to szczeg\u00f3lnie wa\u017cne w gospodarstwach utrzymuj\u0105cych wi\u0119ksze stada owiec.<\/p>\n<h2 data-start=\"3192\" data-end=\"3224\">Zastosowanie w gospodarstwach<\/h2>\n<p data-start=\"3226\" data-end=\"3271\">System blokady karmnika mo\u017ce by\u0107 stosowany w:<\/p>\n<ul data-start=\"3273\" data-end=\"3368\">\n<li data-start=\"3273\" data-end=\"3288\">\n<p data-start=\"3275\" data-end=\"3288\">owczarniach<\/p>\n<\/li>\n<li data-start=\"3289\" data-end=\"3319\">\n<p data-start=\"3291\" data-end=\"3319\">gospodarstwach hodowlanych<\/p>\n<\/li>\n<li data-start=\"3320\" data-end=\"3352\">\n<p data-start=\"3322\" data-end=\"3352\">gospodarstwach ekologicznych<\/p>\n<\/li>\n<li data-start=\"3353\" data-end=\"3368\">\n<p data-start=\"3355\" data-end=\"3368\">fermach owiec<\/p>\n<\/li>\n<\/ul>\n<p data-start=\"3370\" data-end=\"3416\">Mo\u017ce by\u0107 r\u00f3wnie\u017c wykorzystywany w hodowli k\u00f3z.<\/p>\n<h2 data-start=\"3418\" data-end=\"3441\">Korzy\u015bci dla hodowcy<\/h2>\n<p data-start=\"3443\" data-end=\"3505\">Zastosowanie systemu blokady karmnika przynosi wiele korzy\u015bci:<\/p>\n<ul data-start=\"3507\" data-end=\"3656\">\n<li data-start=\"3507\" data-end=\"3540\">\n<p data-start=\"3509\" data-end=\"3540\">\u0142atwiejsze karmienie zwierz\u0105t<\/p>\n<\/li>\n<li data-start=\"3541\" data-end=\"3588\">\n<p data-start=\"3543\" data-end=\"3588\">mo\u017cliwo\u015b\u0107 bezpiecznego wykonywania zabieg\u00f3w<\/p>\n<\/li>\n<li data-start=\"3589\" data-end=\"3619\">\n<p data-start=\"3591\" data-end=\"3619\">lepsza kontrola nad stadem<\/p>\n<\/li>\n<li data-start=\"3620\" data-end=\"3656\">\n<p data-start=\"3622\" data-end=\"3656\">usprawnienie pracy w gospodarstwie<\/p>\n<\/li>\n<\/ul>\n<h2 data-start=\"3658\" data-end=\"3690\">Najwa\u017cniejsze zalety produktu<\/h2>\n<ul data-start=\"3692\" data-end=\"3841\">\n<li data-start=\"3692\" data-end=\"3726\">\n<p data-start=\"3694\" data-end=\"3726\">automatyczny system blokowania<\/p>\n<\/li>\n<li data-start=\"3727\" data-end=\"3773\">\n<p data-start=\"3729\" data-end=\"3773\">mo\u017cliwo\u015b\u0107 blokady indywidualnej i grupowej<\/p>\n<\/li>\n<li data-start=\"3774\" data-end=\"3805\">\n<p data-start=\"3776\" data-end=\"3805\">solidna konstrukcja stalowa<\/p>\n<\/li>\n<li data-start=\"3806\" data-end=\"3825\">\n<p data-start=\"3808\" data-end=\"3825\">d\u0142ugo\u015b\u0107 3 metry<\/p>\n<\/li>\n<li data-start=\"3826\" data-end=\"3841\">\n<p data-start=\"3828\" data-end=\"3841\">\u0142atwa obs\u0142uga<\/p>\n<\/li>\n<\/ul>\n<h2 data-start=\"3843\" data-end=\"3882\">Praktyczne wyposa\u017cenie hodowli owiec<\/h2>\n<p data-start=\"3884\" data-end=\"4174\">System blokady karmnika dla owiec to funkcjonalne rozwi\u0105zanie, kt\u00f3re znacz\u0105co u\u0142atwia codzienn\u0105 prac\u0119 w gospodarstwie. Dzi\u0119ki solidnej konstrukcji oraz wygodnemu systemowi blokowania urz\u0105dzenie poprawia organizacj\u0119 karmienia oraz pozwala na bezpieczne wykonywanie zabieg\u00f3w przy zwierz\u0119tach.<\/p>\n<div class=\"flex flex-col text-sm pb-25\">\n<article class=\"text-token-text-primary w-full focus:outline-none [--shadow-height:45px] has-data-writing-block:pointer-events-none has-data-writing-block:-mt-(--shadow-height) has-data-writing-block:pt-(--shadow-height) [&amp;:has([data-writing-block])&gt;*]:pointer-events-auto scroll-mt-[calc(var(--header-height)+min(200px,max(70px,20svh)))]\" dir=\"auto\" tabindex=\"-1\" data-turn-id=\"request-69a59e27-8d68-8397-af93-742762dd910a-5\" data-testid=\"conversation-turn-106\" data-scroll-anchor=\"true\" data-turn=\"assistant\">\n<div class=\"text-base my-auto mx-auto pb-10 [--thread-content-margin:--spacing(4)] @w-sm\/main:[--thread-content-margin:--spacing(6)] @w-lg\/main:[--thread-content-margin:--spacing(16)] px-(--thread-content-margin)\">\n<div class=\"[--thread-content-max-width:40rem] @w-lg\/main:[--thread-content-max-width:48rem] mx-auto max-w-(--thread-content-max-width) flex-1 group\/turn-messages focus-visible:outline-hidden relative flex w-full min-w-0 flex-col agent-turn\" tabindex=\"-1\">\n<div class=\"flex max-w-full flex-col grow\">\n<div class=\"min-h-8 text-message relative flex w-full flex-col items-end gap-2 text-start break-words whitespace-normal [.text-message+&amp;]:mt-1\" dir=\"auto\" data-message-author-role=\"assistant\" data-message-id=\"49cf9cf3-9d42-4328-a552-9b63c07d8784\" data-message-model-slug=\"gpt-5-3\">\n<div class=\"flex w-full flex-col gap-1 empty:hidden first:pt-[1px]\">\n<div class=\"markdown prose dark:prose-invert w-full wrap-break-word light markdown-new-styling\">\n<h2 data-start=\"70\" data-end=\"115\">Znaczenie system\u00f3w blokady w hodowli owiec<\/h2>\n<p data-start=\"117\" data-end=\"481\">W nowoczesnych gospodarstwach hodowlanych coraz wi\u0119ksz\u0105 uwag\u0119 zwraca si\u0119 na rozwi\u0105zania, kt\u00f3re usprawniaj\u0105 codzienn\u0105 prac\u0119 oraz poprawiaj\u0105 organizacj\u0119 stada. Jednym z takich element\u00f3w wyposa\u017cenia s\u0105 systemy blokady karmnik\u00f3w dla owiec. Dzi\u0119ki nim mo\u017cliwe jest nie tylko wygodne karmienie zwierz\u0105t, ale r\u00f3wnie\u017c \u0142atwiejsze przeprowadzanie wielu zabieg\u00f3w hodowlanych.<\/p>\n<p data-start=\"483\" data-end=\"860\">Owce w naturalny spos\u00f3b ustawiaj\u0105 si\u0119 przy karmniku w grupach, co cz\u0119sto prowadzi do przepychania si\u0119 oraz nier\u00f3wnego dost\u0119pu do paszy. Zastosowanie systemu blokady pozwala uporz\u0105dkowa\u0107 stanowiska karmienia, dzi\u0119ki czemu ka\u017cde zwierz\u0119 ma dost\u0119p do odpowiedniej ilo\u015bci paszy. Takie rozwi\u0105zanie wp\u0142ywa na lepsz\u0105 organizacj\u0119 \u017cywienia stada oraz ogranicza stres mi\u0119dzy zwierz\u0119tami.<\/p>\n<p data-start=\"862\" data-end=\"1243\">System blokady karmnika jest r\u00f3wnie\u017c bardzo pomocny podczas wykonywania r\u00f3\u017cnych zabieg\u00f3w hodowlanych. W wielu gospodarstwach hodowcy regularnie przeprowadzaj\u0105 szczepienia, strzy\u017cenie owiec, podawanie lek\u00f3w czy kontrol\u0119 zdrowia zwierz\u0105t. Dzi\u0119ki mo\u017cliwo\u015bci zablokowania zwierz\u0119cia przy stanowisku karmienia wszystkie te czynno\u015bci mog\u0105 by\u0107 wykonywane znacznie szybciej i bezpieczniej.<\/p>\n<p data-start=\"1245\" data-end=\"1483\">Kolejn\u0105 zalet\u0105 stosowania takich system\u00f3w jest poprawa bezpiecze\u0144stwa pracy w gospodarstwie. Zwierz\u0119ta znajduj\u0105ce si\u0119 w stabilnej pozycji s\u0105 \u0142atwiejsze do obs\u0142ugi, co zmniejsza ryzyko uraz\u00f3w zar\u00f3wno dla hodowcy, jak i dla samych zwierz\u0105t.<\/p>\n<p data-start=\"1485\" data-end=\"1752\" data-is-last-node=\"\" data-is-only-node=\"\">Systemy blokady karmnik\u00f3w stanowi\u0105 wi\u0119c praktyczne wyposa\u017cenie owczarni, kt\u00f3re pomaga w codziennym zarz\u0105dzaniu stadem. Dzi\u0119ki nim hodowca mo\u017ce sprawniej organizowa\u0107 karmienie zwierz\u0105t, wykonywa\u0107 zabiegi piel\u0119gnacyjne oraz utrzymywa\u0107 porz\u0105dek w miejscu \u017cywienia stada.<\/p>\n<\/div>\n<\/div>\n<\/div>\n<\/div>\n<div class=\"z-0 flex min-h-[46px] justify-start\"><\/div>\n<div class=\"mt-3 w-full empty:hidden\">\n<div class=\"text-center\"><\/div>\n<\/div>\n<\/div>\n<\/div>\n<\/article>\n<\/div>\n<div class=\"pointer-events-none h-px w-px absolute bottom-0\" aria-hidden=\"true\" data-edge=\"true\"><\/div>\n","protected":false},"excerpt":{"rendered":"<p>System blokady karmnika dla owiec o d\u0142ugo\u015bci 3 metr\u00f3w wykonany z ocynkowanej stali. Wyposa\u017cony w automatyczny mechanizm blokuj\u0105cy umo\u017cliwiaj\u0105cy indywidualne lub grupowe blokowanie zwierz\u0105t przy stanowisku karmienia.<\/p>\n","protected":false},"featured_media":3162,"comment_status":"open","ping_status":"closed","template":"","meta":[],"product_brand":[],"product_cat":[388],"product_tag":[],"class_list":{"0":"post-3161","1":"product","2":"type-product","3":"status-publish","4":"has-post-thumbnail","6":"product_cat-karmniki-dla-bydla","8":"first","9":"instock","10":"shipping-taxable","11":"purchasable","12":"product-type-simple"},"_links":{"self":[{"href":"https:\/\/rollnikow.you2.pl\/index.php\/wp-json\/wp\/v2\/product\/3161","targetHints":{"allow":["GET"]}}],"collection":[{"href":"https:\/\/rollnikow.you2.pl\/index.php\/wp-json\/wp\/v2\/product"}],"about":[{"href":"https:\/\/rollnikow.you2.pl\/index.php\/wp-json\/wp\/v2\/types\/product"}],"replies":[{"embeddable":true,"href":"https:\/\/rollnikow.you2.pl\/index.php\/wp-json\/wp\/v2\/comments?post=3161"}],"version-history":[{"count":2,"href":"https:\/\/rollnikow.you2.pl\/index.php\/wp-json\/wp\/v2\/product\/3161\/revisions"}],"predecessor-version":[{"id":3164,"href":"https:\/\/rollnikow.you2.pl\/index.php\/wp-json\/wp\/v2\/product\/3161\/revisions\/3164"}],"wp:featuredmedia":[{"embeddable":true,"href":"https:\/\/rollnikow.you2.pl\/index.php\/wp-json\/wp\/v2\/media\/3162"}],"wp:attachment":[{"href":"https:\/\/rollnikow.you2.pl\/index.php\/wp-json\/wp\/v2\/media?parent=3161"}],"wp:term":[{"taxonomy":"product_brand","embeddable":true,"href":"https:\/\/rollnikow.you2.pl\/index.php\/wp-json\/wp\/v2\/product_brand?post=3161"},{"taxonomy":"product_cat","embeddable":true,"href":"https:\/\/rollnikow.you2.pl\/index.php\/wp-json\/wp\/v2\/product_cat?post=3161"},{"taxonomy":"product_tag","embeddable":true,"href":"https:\/\/rollnikow.you2.pl\/index.php\/wp-json\/wp\/v2\/product_tag?post=3161"}],"curies":[{"name":"wp","href":"https:\/\/api.w.org\/{rel}","templated":true}]}}