{"id":3165,"date":"2026-03-05T15:33:46","date_gmt":"2026-03-05T14:33:46","guid":{"rendered":"https:\/\/rollnikow.you2.pl\/?post_type=product&#038;p=3165"},"modified":"2026-03-09T18:15:43","modified_gmt":"2026-03-09T17:15:43","slug":"dwustronny-karmnik-z-blokada-dla-owiec","status":"publish","type":"product","link":"https:\/\/rollnikow.you2.pl\/index.php\/produkt\/dwustronny-karmnik-z-blokada-dla-owiec\/","title":{"rendered":"Dwustronny karmnik z blokad\u0105 dla owiec"},"content":{"rendered":"<h1 data-start=\"957\" data-end=\"1034\">Dwustronny karmnik z blokad\u0105 dla owiec \u2013 wygodne karmienie i kontrola stada<\/h1>\n<p data-start=\"1036\" data-end=\"1425\">W hodowli owiec niezwykle wa\u017cne jest zapewnienie zwierz\u0119tom wygodnego dost\u0119pu do paszy oraz mo\u017cliwo\u015b\u0107 sprawnej obs\u0142ugi stada. Jednym z element\u00f3w wyposa\u017cenia gospodarstwa, kt\u00f3ry znacz\u0105co u\u0142atwia codzienn\u0105 prac\u0119 hodowcy, jest <strong>Dwustronny karmnik z blokad\u0105 dla owiec<\/strong>. Dzi\u0119ki temu rozwi\u0105zaniu mo\u017cna jednocze\u015bnie karmi\u0107 zwierz\u0119ta oraz w razie potrzeby unieruchomi\u0107 je przy stanowisku paszowym. <a href=\"https:\/\/rollnikow.you2.pl\/index.php\/kategoria-produktu\/karmniki-dla-bydla\/\">Produkt z kategorii Karmniki dla byd\u0142a<\/a><\/p>\n<p data-start=\"1427\" data-end=\"1569\">Prezentowany <strong data-start=\"1440\" data-end=\"1482\">dwustronny karmnik z blokad\u0105 dla owiec<\/strong> zosta\u0142 zaprojektowany z my\u015bl\u0105 o gospodarstwach zajmuj\u0105cych si\u0119 hodowl\u0105 owiec oraz k\u00f3z.<\/p>\n<h2 data-start=\"1571\" data-end=\"1605\">Dwustronna konstrukcja karmnika<\/h2>\n<p data-start=\"1607\" data-end=\"1786\">Karmnik posiada <strong data-start=\"1623\" data-end=\"1649\">dwustronn\u0105 konstrukcj\u0119<\/strong>, dzi\u0119ki czemu zwierz\u0119ta mog\u0105 korzysta\u0107 z niego z obu stron. Takie rozwi\u0105zanie pozwala na jednoczesne karmienie wi\u0119kszej liczby zwierz\u0105t.<\/p>\n<p data-start=\"1788\" data-end=\"1807\">Dwustronny karmnik:<\/p>\n<ul data-start=\"1809\" data-end=\"1926\">\n<li data-start=\"1809\" data-end=\"1838\">\n<p data-start=\"1811\" data-end=\"1838\">zwi\u0119ksza dost\u0119pno\u015b\u0107 paszy<\/p>\n<\/li>\n<li data-start=\"1839\" data-end=\"1883\">\n<p data-start=\"1841\" data-end=\"1883\">ogranicza rywalizacj\u0119 mi\u0119dzy zwierz\u0119tami<\/p>\n<\/li>\n<li data-start=\"1884\" data-end=\"1926\">\n<p data-start=\"1886\" data-end=\"1926\">poprawia organizacj\u0119 karmienia w stadzie<\/p>\n<\/li>\n<\/ul>\n<p data-start=\"1928\" data-end=\"2009\">Jest to szczeg\u00f3lnie wa\u017cne w gospodarstwach utrzymuj\u0105cych wi\u0119ksz\u0105 liczb\u0119 zwierz\u0105t.<\/p>\n<h2 data-start=\"2011\" data-end=\"2044\">Automatyczny system blokowania<\/h2>\n<p data-start=\"2046\" data-end=\"2185\">Karmnik wyposa\u017cony jest w <strong data-start=\"2072\" data-end=\"2108\">automatyczny mechanizm blokuj\u0105cy<\/strong>, kt\u00f3ry umo\u017cliwia szybkie unieruchomienie zwierz\u0105t przy stanowisku karmienia.<\/p>\n<p data-start=\"2187\" data-end=\"2215\">Dost\u0119pne s\u0105 dwa tryby pracy:<\/p>\n<ul data-start=\"2217\" data-end=\"2289\">\n<li data-start=\"2217\" data-end=\"2255\">\n<p data-start=\"2219\" data-end=\"2255\">blokowanie pojedynczego zwierz\u0119cia<\/p>\n<\/li>\n<li data-start=\"2256\" data-end=\"2289\">\n<p data-start=\"2258\" data-end=\"2289\">blokowanie ca\u0142ej grupy zwierz\u0105t<\/p>\n<\/li>\n<\/ul>\n<p data-start=\"2291\" data-end=\"2351\">Pozwala to dopasowa\u0107 system do r\u00f3\u017cnych potrzeb gospodarstwa.<\/p>\n<h2 data-start=\"2353\" data-end=\"2390\">Pomoc podczas zabieg\u00f3w hodowlanych<\/h2>\n<p data-start=\"2392\" data-end=\"2485\">System blokady karmnika jest bardzo przydatny podczas wykonywania wielu prac w gospodarstwie.<\/p>\n<p data-start=\"2487\" data-end=\"2539\">Urz\u0105dzenie u\u0142atwia wykonywanie takich czynno\u015bci jak:<\/p>\n<ul data-start=\"2541\" data-end=\"2651\">\n<li data-start=\"2541\" data-end=\"2561\">\n<p data-start=\"2543\" data-end=\"2561\">strzy\u017cenie owiec<\/p>\n<\/li>\n<li data-start=\"2562\" data-end=\"2577\">\n<p data-start=\"2564\" data-end=\"2577\">szczepienia<\/p>\n<\/li>\n<li data-start=\"2578\" data-end=\"2597\">\n<p data-start=\"2580\" data-end=\"2597\">podawanie lek\u00f3w<\/p>\n<\/li>\n<li data-start=\"2598\" data-end=\"2627\">\n<p data-start=\"2600\" data-end=\"2627\">kontrola zdrowia zwierz\u0105t<\/p>\n<\/li>\n<li data-start=\"2628\" data-end=\"2651\">\n<p data-start=\"2630\" data-end=\"2651\">zabiegi weterynaryjne<\/p>\n<\/li>\n<\/ul>\n<p data-start=\"2653\" data-end=\"2745\">Dzi\u0119ki blokadzie zwierz\u0119ta pozostaj\u0105 w stabilnej pozycji, co znacznie u\u0142atwia prac\u0119 hodowcy.<\/p>\n<h2 data-start=\"2747\" data-end=\"2777\">Solidna konstrukcja stalowa<\/h2>\n<p data-start=\"2779\" data-end=\"2913\">Karmnik wykonany jest z <strong data-start=\"2803\" data-end=\"2824\">ocynkowanej stali<\/strong>, kt\u00f3ra zapewnia wysok\u0105 odporno\u015b\u0107 na korozj\u0119 oraz intensywne u\u017cytkowanie w gospodarstwie.<\/p>\n<p data-start=\"2915\" data-end=\"3049\">Dolna misa karmnika zosta\u0142a wykonana z <strong data-start=\"2954\" data-end=\"2985\">ocynkowanej blachy stalowej<\/strong>, dzi\u0119ki czemu jest trwa\u0142a oraz \u0142atwa do utrzymania w czysto\u015bci.<\/p>\n<p data-start=\"3051\" data-end=\"3067\">Stal ocynkowana:<\/p>\n<ul data-start=\"3069\" data-end=\"3175\">\n<li data-start=\"3069\" data-end=\"3092\">\n<p data-start=\"3071\" data-end=\"3092\">dobrze znosi wilgo\u0107<\/p>\n<\/li>\n<li data-start=\"3093\" data-end=\"3136\">\n<p data-start=\"3095\" data-end=\"3136\">jest odporna na uszkodzenia mechaniczne<\/p>\n<\/li>\n<li data-start=\"3137\" data-end=\"3175\">\n<p data-start=\"3139\" data-end=\"3175\">zapewnia d\u0142ug\u0105 \u017cywotno\u015b\u0107 konstrukcji<\/p>\n<\/li>\n<\/ul>\n<h2 data-start=\"3177\" data-end=\"3195\">D\u0142ugo\u015b\u0107 3 metry<\/h2>\n<p data-start=\"3197\" data-end=\"3286\">Karmnik posiada <strong data-start=\"3213\" data-end=\"3233\">d\u0142ugo\u015b\u0107 3 metr\u00f3w<\/strong>, co pozwala na jednoczesne karmienie kilku zwierz\u0105t.<\/p>\n<p data-start=\"3288\" data-end=\"3313\">Wi\u0119ksza d\u0142ugo\u015b\u0107 karmnika:<\/p>\n<ul data-start=\"3315\" data-end=\"3422\">\n<li data-start=\"3315\" data-end=\"3349\">\n<p data-start=\"3317\" data-end=\"3349\">poprawia organizacj\u0119 karmienia<\/p>\n<\/li>\n<li data-start=\"3350\" data-end=\"3394\">\n<p data-start=\"3352\" data-end=\"3394\">zmniejsza rywalizacj\u0119 mi\u0119dzy zwierz\u0119tami<\/p>\n<\/li>\n<li data-start=\"3395\" data-end=\"3422\">\n<p data-start=\"3397\" data-end=\"3422\">zwi\u0119ksza komfort zwierz\u0105t<\/p>\n<\/li>\n<\/ul>\n<h2 data-start=\"3424\" data-end=\"3456\">Zastosowanie w gospodarstwach<\/h2>\n<p data-start=\"3458\" data-end=\"3508\">Dwustronny karmnik z blokad\u0105 mo\u017ce by\u0107 stosowany w:<\/p>\n<ul data-start=\"3510\" data-end=\"3590\">\n<li data-start=\"3510\" data-end=\"3525\">\n<p data-start=\"3512\" data-end=\"3525\">owczarniach<\/p>\n<\/li>\n<li data-start=\"3526\" data-end=\"3556\">\n<p data-start=\"3528\" data-end=\"3556\">gospodarstwach hodowlanych<\/p>\n<\/li>\n<li data-start=\"3557\" data-end=\"3574\">\n<p data-start=\"3559\" data-end=\"3574\">fermach owiec<\/p>\n<\/li>\n<li data-start=\"3575\" data-end=\"3590\">\n<p data-start=\"3577\" data-end=\"3590\">hodowlach k\u00f3z<\/p>\n<\/li>\n<\/ul>\n<p data-start=\"3592\" data-end=\"3677\">Sprawdza si\u0119 zar\u00f3wno w ma\u0142ych gospodarstwach rodzinnych, jak i w wi\u0119kszych hodowlach.<\/p>\n<h2 data-start=\"3679\" data-end=\"3702\">Korzy\u015bci dla hodowcy<\/h2>\n<p data-start=\"3704\" data-end=\"3760\">Zastosowanie karmnika z blokad\u0105 przynosi wiele korzy\u015bci:<\/p>\n<ul data-start=\"3762\" data-end=\"3899\">\n<li data-start=\"3762\" data-end=\"3792\">\n<p data-start=\"3764\" data-end=\"3792\">wygodne karmienie zwierz\u0105t<\/p>\n<\/li>\n<li data-start=\"3793\" data-end=\"3821\">\n<p data-start=\"3795\" data-end=\"3821\">lepsza organizacja pracy<\/p>\n<\/li>\n<li data-start=\"3822\" data-end=\"3869\">\n<p data-start=\"3824\" data-end=\"3869\">\u0142atwiejsze wykonywanie zabieg\u00f3w hodowlanych<\/p>\n<\/li>\n<li data-start=\"3870\" data-end=\"3899\">\n<p data-start=\"3872\" data-end=\"3899\">wi\u0119ksza kontrola nad stadem<\/p>\n<\/li>\n<\/ul>\n<h2 data-start=\"3901\" data-end=\"3933\">Najwa\u017cniejsze zalety produktu<\/h2>\n<ul data-start=\"3935\" data-end=\"4102\">\n<li data-start=\"3935\" data-end=\"3970\">\n<p data-start=\"3937\" data-end=\"3970\">dwustronna konstrukcja karmnika<\/p>\n<\/li>\n<li data-start=\"3971\" data-end=\"4005\">\n<p data-start=\"3973\" data-end=\"4005\">automatyczny system blokowania<\/p>\n<\/li>\n<li data-start=\"4006\" data-end=\"4052\">\n<p data-start=\"4008\" data-end=\"4052\">mo\u017cliwo\u015b\u0107 blokady indywidualnej i grupowej<\/p>\n<\/li>\n<li data-start=\"4053\" data-end=\"4084\">\n<p data-start=\"4055\" data-end=\"4084\">solidna konstrukcja stalowa<\/p>\n<\/li>\n<li data-start=\"4085\" data-end=\"4102\">\n<p data-start=\"4087\" data-end=\"4102\">d\u0142ugo\u015b\u0107 3 metry<\/p>\n<\/li>\n<\/ul>\n<h2 data-start=\"4104\" data-end=\"4138\">Praktyczne wyposa\u017cenie owczarni<\/h2>\n<p data-start=\"4140\" data-end=\"4418\">Dwustronny karmnik z blokad\u0105 dla owiec to funkcjonalne rozwi\u0105zanie, kt\u00f3re znacz\u0105co u\u0142atwia codzienn\u0105 prac\u0119 hodowcy. Dzi\u0119ki solidnej konstrukcji oraz wygodnemu systemowi blokowania urz\u0105dzenie pozwala na wygodne karmienie zwierz\u0105t oraz bezpieczne wykonywanie zabieg\u00f3w hodowlanych.<\/p>\n<h2 data-start=\"70\" data-end=\"141\">Dlaczego warto stosowa\u0107 karmniki z systemem blokady w hodowli owiec?<\/h2>\n<p data-start=\"143\" data-end=\"566\">W gospodarstwach zajmuj\u0105cych si\u0119 hodowl\u0105 owiec bardzo wa\u017cna jest odpowiednia organizacja karmienia oraz mo\u017cliwo\u015b\u0107 sprawnej obs\u0142ugi stada. Tradycyjne karmniki cz\u0119sto powoduj\u0105, \u017ce zwierz\u0119ta przepychaj\u0105 si\u0119 przy dost\u0119pie do paszy, co mo\u017ce prowadzi\u0107 do stresu oraz nier\u00f3wnego pobierania pokarmu. Zastosowanie karmnik\u00f3w z systemem blokady pozwala rozwi\u0105za\u0107 ten problem i zapewnia bardziej uporz\u0105dkowany system \u017cywienia zwierz\u0105t.<\/p>\n<p data-start=\"568\" data-end=\"926\">Dzi\u0119ki blokadzie ka\u017cde zwierz\u0119 ma swoje miejsce przy karmniku, co pozwala na spokojne pobieranie paszy bez rywalizacji z innymi osobnikami. Ma to pozytywny wp\u0142yw na dobrostan zwierz\u0105t oraz poprawia organizacj\u0119 pracy w gospodarstwie. Hodowca mo\u017ce w \u0142atwy spos\u00f3b kontrolowa\u0107 dost\u0119p zwierz\u0105t do karmnika oraz w razie potrzeby szybko zablokowa\u0107 wybrane osobniki.<\/p>\n<p data-start=\"928\" data-end=\"1351\" data-is-last-node=\"\" data-is-only-node=\"\">System blokady jest r\u00f3wnie\u017c bardzo przydatny podczas wykonywania zabieg\u00f3w hodowlanych, takich jak szczepienia, podawanie lek\u00f3w czy kontrola stanu zdrowia zwierz\u0105t. Dzi\u0119ki stabilnej pozycji zwierz\u0119cia wszystkie te czynno\u015bci mog\u0105 by\u0107 wykonywane szybciej i bezpieczniej. Karmniki z blokad\u0105 stanowi\u0105 wi\u0119c praktyczne wyposa\u017cenie owczarni, kt\u00f3re znacz\u0105co u\u0142atwia codzienn\u0105 prac\u0119 hodowcy oraz poprawia warunki utrzymania zwierz\u0105t.<\/p>\n","protected":false},"excerpt":{"rendered":"<p>Dwustronny karmnik dla owiec z systemem automatycznej blokady. Konstrukcja o d\u0142ugo\u015bci 3 metr\u00f3w wykonana z ocynkowanej stali umo\u017cliwia indywidualne lub grupowe blokowanie zwierz\u0105t podczas karmienia.<\/p>\n","protected":false},"featured_media":3166,"comment_status":"open","ping_status":"closed","template":"","meta":[],"product_brand":[],"product_cat":[388],"product_tag":[722,721,718,723,720,717,719,724,558,564],"class_list":{"0":"post-3165","1":"product","2":"type-product","3":"status-publish","4":"has-post-thumbnail","6":"product_cat-karmniki-dla-bydla","7":"product_tag-blokada-paszowa-dla-owiec","8":"product_tag-karmnik-dla-koz-z-blokada","9":"product_tag-karmnik-dla-owiec-3m","10":"product_tag-karmnik-dla-owiec-profesjonalny","11":"product_tag-karmnik-dwustronny-dla-owiec","12":"product_tag-karmnik-z-blokada-dla-owiec","13":"product_tag-system-blokady-karmnika-owce","14":"product_tag-system-blokowania-owiec","15":"product_tag-system-karmienia-owiec","16":"product_tag-wyposazenie-owczarni-karmnik","18":"first","19":"instock","20":"shipping-taxable","21":"purchasable","22":"product-type-simple"},"_links":{"self":[{"href":"https:\/\/rollnikow.you2.pl\/index.php\/wp-json\/wp\/v2\/product\/3165","targetHints":{"allow":["GET"]}}],"collection":[{"href":"https:\/\/rollnikow.you2.pl\/index.php\/wp-json\/wp\/v2\/product"}],"about":[{"href":"https:\/\/rollnikow.you2.pl\/index.php\/wp-json\/wp\/v2\/types\/product"}],"replies":[{"embeddable":true,"href":"https:\/\/rollnikow.you2.pl\/index.php\/wp-json\/wp\/v2\/comments?post=3165"}],"version-history":[{"count":1,"href":"https:\/\/rollnikow.you2.pl\/index.php\/wp-json\/wp\/v2\/product\/3165\/revisions"}],"predecessor-version":[{"id":3168,"href":"https:\/\/rollnikow.you2.pl\/index.php\/wp-json\/wp\/v2\/product\/3165\/revisions\/3168"}],"wp:featuredmedia":[{"embeddable":true,"href":"https:\/\/rollnikow.you2.pl\/index.php\/wp-json\/wp\/v2\/media\/3166"}],"wp:attachment":[{"href":"https:\/\/rollnikow.you2.pl\/index.php\/wp-json\/wp\/v2\/media?parent=3165"}],"wp:term":[{"taxonomy":"product_brand","embeddable":true,"href":"https:\/\/rollnikow.you2.pl\/index.php\/wp-json\/wp\/v2\/product_brand?post=3165"},{"taxonomy":"product_cat","embeddable":true,"href":"https:\/\/rollnikow.you2.pl\/index.php\/wp-json\/wp\/v2\/product_cat?post=3165"},{"taxonomy":"product_tag","embeddable":true,"href":"https:\/\/rollnikow.you2.pl\/index.php\/wp-json\/wp\/v2\/product_tag?post=3165"}],"curies":[{"name":"wp","href":"https:\/\/api.w.org\/{rel}","templated":true}]}}