{"id":3176,"date":"2026-03-05T15:41:21","date_gmt":"2026-03-05T14:41:21","guid":{"rendered":"https:\/\/rollnikow.you2.pl\/?post_type=product&#038;p=3176"},"modified":"2026-03-05T15:44:09","modified_gmt":"2026-03-05T14:44:09","slug":"automatyczny-karmnik-dla-owiec-3m","status":"publish","type":"product","link":"https:\/\/rollnikow.you2.pl\/index.php\/produkt\/automatyczny-karmnik-dla-owiec-3m\/","title":{"rendered":"Automatyczny karmnik dla owiec 3m"},"content":{"rendered":"<h1 data-start=\"1056\" data-end=\"1144\">Automatyczny karmnik dla owiec i k\u00f3z 300 cm \u2013 wydajny system karmienia w gospodarstwie<\/h1>\n<p data-start=\"1146\" data-end=\"1567\">W nowoczesnej hodowli zwierz\u0105t gospodarskich odpowiednia organizacja karmienia ma ogromne znaczenie dla zdrowia zwierz\u0105t oraz efektywno\u015bci produkcji. Regularne i kontrolowane podawanie paszy pozwala utrzyma\u0107 w\u0142a\u015bciwy poziom \u017cywienia stada, a tak\u017ce ograniczy\u0107 straty paszy. Jednym z rozwi\u0105za\u0144 wspieraj\u0105cych ten proces jest <strong data-start=\"1468\" data-end=\"1508\">automatyczny karmnik dla owiec i k\u00f3z<\/strong>, kt\u00f3ry umo\u017cliwia wygodne i higieniczne karmienie zwierz\u0105t. Produkt z kategorii <a href=\"https:\/\/rollnikow.you2.pl\/index.php\/kategoria-produktu\/karmniki\/\">Karmniki dla zwierz\u0105t<\/a><\/p>\n<p data-start=\"1569\" data-end=\"1781\">Prezentowany <strong data-start=\"1582\" data-end=\"1640\">automatyczny karmnik dla ma\u0142ych zwierz\u0105t gospodarskich<\/strong> zosta\u0142 zaprojektowany z my\u015bl\u0105 o gospodarstwach zajmuj\u0105cych si\u0119 hodowl\u0105 owiec, k\u00f3z oraz innych zwierz\u0105t o podobnych wymaganiach \u017cywieniowych.<\/p>\n<h2 data-start=\"1783\" data-end=\"1851\">Czym jest automatyczny karmnik dla ma\u0142ych zwierz\u0105t gospodarskich?<\/h2>\n<p data-start=\"1853\" data-end=\"2128\">Automatyczny karmnik to specjalny system podawania paszy, kt\u00f3ry umo\u017cliwia zwierz\u0119tom pobieranie pokarmu w spos\u00f3b kontrolowany i r\u00f3wnomierny. Dzi\u0119ki zastosowaniu odpowiedniego mechanizmu regulacji paszy zwierz\u0119ta otrzymuj\u0105 dok\u0142adnie tak\u0105 ilo\u015b\u0107 pokarmu, jaka jest im potrzebna.<\/p>\n<p data-start=\"2130\" data-end=\"2156\">Takie rozwi\u0105zanie pozwala:<\/p>\n<ul data-start=\"2158\" data-end=\"2336\">\n<li data-start=\"2158\" data-end=\"2186\">\n<p data-start=\"2160\" data-end=\"2186\">ograniczy\u0107 straty paszy,<\/p>\n<\/li>\n<li data-start=\"2187\" data-end=\"2229\">\n<p data-start=\"2189\" data-end=\"2229\">utrzyma\u0107 porz\u0105dek w miejscu karmienia,<\/p>\n<\/li>\n<li data-start=\"2230\" data-end=\"2289\">\n<p data-start=\"2232\" data-end=\"2289\">zapewni\u0107 r\u00f3wny dost\u0119p do paszy dla wszystkich zwierz\u0105t,<\/p>\n<\/li>\n<li data-start=\"2290\" data-end=\"2336\">\n<p data-start=\"2292\" data-end=\"2336\">usprawni\u0107 organizacj\u0119 pracy w gospodarstwie.<\/p>\n<\/li>\n<\/ul>\n<p data-start=\"2338\" data-end=\"2455\">Automatyczny karmnik jest szczeg\u00f3lnie przydatny w gospodarstwach, w kt\u00f3rych utrzymywana jest wi\u0119ksza liczba zwierz\u0105t.<\/p>\n<h2 data-start=\"2457\" data-end=\"2500\">Solidna konstrukcja z blachy ocynkowanej<\/h2>\n<p data-start=\"2502\" data-end=\"2655\">Karmnik wykonany jest z <strong data-start=\"2526\" data-end=\"2557\">blachy stalowej ocynkowanej<\/strong>, kt\u00f3ra charakteryzuje si\u0119 wysok\u0105 odporno\u015bci\u0105 na korozj\u0119 oraz dzia\u0142anie czynnik\u00f3w atmosferycznych.<\/p>\n<p data-start=\"2657\" data-end=\"2697\">Zastosowanie ocynkowanej stali zapewnia:<\/p>\n<ul data-start=\"2699\" data-end=\"2861\">\n<li data-start=\"2699\" data-end=\"2723\">\n<p data-start=\"2701\" data-end=\"2723\">odporno\u015b\u0107 na wilgo\u0107,<\/p>\n<\/li>\n<li data-start=\"2724\" data-end=\"2765\">\n<p data-start=\"2726\" data-end=\"2765\">odporno\u015b\u0107 na uszkodzenia mechaniczne,<\/p>\n<\/li>\n<li data-start=\"2766\" data-end=\"2797\">\n<p data-start=\"2768\" data-end=\"2797\">d\u0142ug\u0105 \u017cywotno\u015b\u0107 urz\u0105dzenia,<\/p>\n<\/li>\n<li data-start=\"2798\" data-end=\"2861\">\n<p data-start=\"2800\" data-end=\"2861\">mo\u017cliwo\u015b\u0107 u\u017cytkowania zar\u00f3wno w budynkach, jak i na zewn\u0105trz.<\/p>\n<\/li>\n<\/ul>\n<p data-start=\"2863\" data-end=\"2965\">Dzi\u0119ki temu karmnik mo\u017ce by\u0107 stosowany w oborach, owczarniach, wiatrach hodowlanych oraz na wybiegach.<\/p>\n<h2 data-start=\"2967\" data-end=\"3034\">D\u0142ugo\u015b\u0107 200 cm \u2013 mo\u017cliwo\u015b\u0107 karmienia wielu zwierz\u0105t jednocze\u015bnie<\/h2>\n<p data-start=\"3036\" data-end=\"3185\">Jedn\u0105 z najwa\u017cniejszych cech tego karmnika jest jego d\u0142ugo\u015b\u0107 wynosz\u0105ca <strong data-start=\"3107\" data-end=\"3117\">300 cm<\/strong>. Takie rozwi\u0105zanie pozwala na jednoczesne karmienie wielu zwierz\u0105t.<\/p>\n<p data-start=\"3187\" data-end=\"3225\">Korzy\u015bci z wi\u0119kszej d\u0142ugo\u015bci karmnika:<\/p>\n<ul data-start=\"3227\" data-end=\"3392\">\n<li data-start=\"3227\" data-end=\"3275\">\n<p data-start=\"3229\" data-end=\"3275\">zmniejszenie rywalizacji mi\u0119dzy zwierz\u0119tami,<\/p>\n<\/li>\n<li data-start=\"3276\" data-end=\"3304\">\n<p data-start=\"3278\" data-end=\"3304\">wygodny dost\u0119p do paszy,<\/p>\n<\/li>\n<li data-start=\"3305\" data-end=\"3355\">\n<p data-start=\"3307\" data-end=\"3355\">r\u00f3wnomierne roz\u0142o\u017cenie zwierz\u0105t przy karmniku,<\/p>\n<\/li>\n<li data-start=\"3356\" data-end=\"3392\">\n<p data-start=\"3358\" data-end=\"3392\">mo\u017cliwo\u015b\u0107 obs\u0142ugi wi\u0119kszego stada.<\/p>\n<\/li>\n<\/ul>\n<p data-start=\"3394\" data-end=\"3478\">To rozwi\u0105zanie szczeg\u00f3lnie przydatne w gospodarstwach o du\u017cej liczbie owiec lub k\u00f3z.<\/p>\n<h2 data-start=\"3480\" data-end=\"3502\">Regulacja wysoko\u015bci<\/h2>\n<p data-start=\"3504\" data-end=\"3629\">Karmnik wyposa\u017cony jest w system <strong data-start=\"3537\" data-end=\"3560\">regulacji wysoko\u015bci<\/strong>, dzi\u0119ki czemu mo\u017cna dostosowa\u0107 jego po\u0142o\u017cenie do wielko\u015bci zwierz\u0105t.<\/p>\n<p data-start=\"3631\" data-end=\"3659\">Regulacja wysoko\u015bci pozwala:<\/p>\n<ul data-start=\"3661\" data-end=\"3795\">\n<li data-start=\"3661\" data-end=\"3716\">\n<p data-start=\"3663\" data-end=\"3716\">dostosowa\u0107 karmnik do m\u0142odych i doros\u0142ych zwierz\u0105t,<\/p>\n<\/li>\n<li data-start=\"3717\" data-end=\"3755\">\n<p data-start=\"3719\" data-end=\"3755\">poprawi\u0107 komfort pobierania paszy,<\/p>\n<\/li>\n<li data-start=\"3756\" data-end=\"3795\">\n<p data-start=\"3758\" data-end=\"3795\">zmniejszy\u0107 ryzyko rozsypywania paszy.<\/p>\n<\/li>\n<\/ul>\n<p data-start=\"3797\" data-end=\"3872\">Odpowiednie ustawienie karmnika wp\u0142ywa tak\u017ce na lepsz\u0105 ergonomi\u0119 karmienia.<\/p>\n<h2 data-start=\"3874\" data-end=\"3910\">Regulowany system podawania paszy<\/h2>\n<p data-start=\"3912\" data-end=\"4024\">W karmniku zastosowano <strong data-start=\"3935\" data-end=\"3978\">system regulacji ilo\u015bci podawanej paszy<\/strong>, kt\u00f3ry umo\u017cliwia kontrolowanie jej przep\u0142ywu.<\/p>\n<p data-start=\"4026\" data-end=\"4053\">Zalety takiego rozwi\u0105zania:<\/p>\n<ul data-start=\"4055\" data-end=\"4176\">\n<li data-start=\"4055\" data-end=\"4089\">\n<p data-start=\"4057\" data-end=\"4089\">ograniczenie marnowania paszy,<\/p>\n<\/li>\n<li data-start=\"4090\" data-end=\"4148\">\n<p data-start=\"4092\" data-end=\"4148\">mo\u017cliwo\u015b\u0107 dopasowania ilo\u015bci pokarmu do potrzeb stada,<\/p>\n<\/li>\n<li data-start=\"4149\" data-end=\"4176\">\n<p data-start=\"4151\" data-end=\"4176\">lepsza kontrola \u017cywienia.<\/p>\n<\/li>\n<\/ul>\n<p data-start=\"4178\" data-end=\"4308\">Ograniczenie strat paszy ma szczeg\u00f3lne znaczenie w gospodarstwach, gdzie koszty \u017cywienia stanowi\u0105 znaczn\u0105 cz\u0119\u015b\u0107 koszt\u00f3w produkcji.<\/p>\n<h2 data-start=\"4310\" data-end=\"4343\">Higieniczne karmienie zwierz\u0105t<\/h2>\n<p data-start=\"4345\" data-end=\"4445\">Odpowiednio zaprojektowany karmnik umo\u017cliwia utrzymanie wysokiego poziomu higieny podczas karmienia.<\/p>\n<p data-start=\"4447\" data-end=\"4477\">Dzi\u0119ki konstrukcji urz\u0105dzenia:<\/p>\n<ul data-start=\"4479\" data-end=\"4616\">\n<li data-start=\"4479\" data-end=\"4516\">\n<p data-start=\"4481\" data-end=\"4516\">pasza nie ma kontaktu z pod\u0142o\u017cem,<\/p>\n<\/li>\n<li data-start=\"4517\" data-end=\"4567\">\n<p data-start=\"4519\" data-end=\"4567\">zmniejsza si\u0119 ryzyko zanieczyszczenia pokarmu,<\/p>\n<\/li>\n<li data-start=\"4568\" data-end=\"4616\">\n<p data-start=\"4570\" data-end=\"4616\">\u0142atwiej utrzyma\u0107 czysto\u015b\u0107 w miejscu karmienia.<\/p>\n<\/li>\n<\/ul>\n<p data-start=\"4618\" data-end=\"4709\">Higieniczne podawanie paszy jest jednym z podstawowych element\u00f3w dbania o zdrowie zwierz\u0105t.<\/p>\n<h2 data-start=\"4711\" data-end=\"4743\">Zastosowanie w gospodarstwach<\/h2>\n<p data-start=\"4745\" data-end=\"4803\">Automatyczny karmnik dla owiec i k\u00f3z mo\u017ce by\u0107 stosowany w:<\/p>\n<ul data-start=\"4805\" data-end=\"4944\">\n<li data-start=\"4805\" data-end=\"4836\">\n<p data-start=\"4807\" data-end=\"4836\">gospodarstwach hodowlanych,<\/p>\n<\/li>\n<li data-start=\"4837\" data-end=\"4853\">\n<p data-start=\"4839\" data-end=\"4853\">owczarniach,<\/p>\n<\/li>\n<li data-start=\"4854\" data-end=\"4872\">\n<p data-start=\"4856\" data-end=\"4872\">hodowlach k\u00f3z,<\/p>\n<\/li>\n<li data-start=\"4873\" data-end=\"4906\">\n<p data-start=\"4875\" data-end=\"4906\">gospodarstwach ekologicznych,<\/p>\n<\/li>\n<li data-start=\"4907\" data-end=\"4944\">\n<p data-start=\"4909\" data-end=\"4944\">nowoczesnych farmach produkcyjnych.<\/p>\n<\/li>\n<\/ul>\n<p data-start=\"4946\" data-end=\"5054\">Dzi\u0119ki swojej konstrukcji sprawdzi si\u0119 zar\u00f3wno w ma\u0142ych gospodarstwach rodzinnych, jak i w du\u017cych hodowlach.<\/p>\n<h2 data-start=\"5056\" data-end=\"5082\">Najwa\u017cniejsze parametry<\/h2>\n<ul data-start=\"5084\" data-end=\"5213\">\n<li data-start=\"5084\" data-end=\"5103\">\n<p data-start=\"5086\" data-end=\"5103\">d\u0142ugo\u015b\u0107: 200 cm<\/p>\n<\/li>\n<li data-start=\"5104\" data-end=\"5133\">\n<p data-start=\"5106\" data-end=\"5133\">materia\u0142: stal ocynkowana<\/p>\n<\/li>\n<li data-start=\"5134\" data-end=\"5157\">\n<p data-start=\"5136\" data-end=\"5157\">regulacja wysoko\u015bci<\/p>\n<\/li>\n<li data-start=\"5158\" data-end=\"5184\">\n<p data-start=\"5160\" data-end=\"5184\">regulacja ilo\u015bci paszy<\/p>\n<\/li>\n<li data-start=\"5185\" data-end=\"5213\">\n<p data-start=\"5187\" data-end=\"5213\">przeznaczenie: owce i kozy<\/p>\n<\/li>\n<\/ul>\n<h2 data-start=\"5215\" data-end=\"5256\">Niezb\u0119dny element wyposa\u017cenia owczarni<\/h2>\n<p data-start=\"5258\" data-end=\"5517\">Automatyczny karmnik dla owiec i k\u00f3z to praktyczne rozwi\u0105zanie, kt\u00f3re usprawnia proces karmienia zwierz\u0105t oraz poprawia organizacj\u0119 pracy w gospodarstwie. Dzi\u0119ki trwa\u0142ej konstrukcji oraz mo\u017cliwo\u015bci regulacji urz\u0105dzenie mo\u017ce by\u0107 wykorzystywane przez wiele lat.<\/p>\n<p data-start=\"5519\" data-end=\"5628\">To rozwi\u0105zanie pozwala ograniczy\u0107 straty paszy, poprawi\u0107 komfort zwierz\u0105t oraz zwi\u0119kszy\u0107 efektywno\u015b\u0107 hodowli.<\/p>\n<p data-start=\"823\" data-end=\"1049\">Automatyczny karmnik dla owiec i k\u00f3z wykonany z ocynkowanej blachy stalowej o d\u0142ugo\u015bci 240 cm. Wyposa\u017cony w regulacj\u0119 wysoko\u015bci oraz system dozowania paszy, kt\u00f3ry ogranicza jej straty i zapewnia r\u00f3wnomierne karmienie zwierz\u0105t.<\/p>\n","protected":false},"excerpt":{"rendered":"<p data-start=\"823\" data-end=\"1049\">Automatyczny karmnik dla owiec i k\u00f3z wykonany z ocynkowanej blachy stalowej o d\u0142ugo\u015bci 300 cm. Wyposa\u017cony w regulacj\u0119 wysoko\u015bci oraz system dozowania paszy, kt\u00f3ry ogranicza jej straty i zapewnia r\u00f3wnomierne karmienie zwierz\u0105t.<\/p>\n","protected":false},"featured_media":3179,"comment_status":"open","ping_status":"closed","template":"","meta":[],"product_brand":[],"product_cat":[388],"product_tag":[551,552,553,554,560,557,563,562,556,561,559,555,558,564],"class_list":{"0":"post-3176","1":"product","2":"type-product","3":"status-publish","4":"has-post-thumbnail","6":"product_cat-karmniki-dla-bydla","7":"product_tag-automatyczny-karmnik-dla-owiec","8":"product_tag-karmnik-dla-koz","9":"product_tag-karmnik-dla-malych-zwierzat-gospodarskich","10":"product_tag-karmnik-dla-owiec-240-cm","11":"product_tag-karmnik-do-gospodarstwa-rolnego","12":"product_tag-karmnik-do-hodowli-koz","13":"product_tag-karmnik-do-hodowli-malych-zwierzat","14":"product_tag-karmnik-do-obory-dla-koz","15":"product_tag-karmnik-do-owczarni","16":"product_tag-karmnik-paszowy-dla-owiec","17":"product_tag-karmnik-regulowany-dla-owiec","18":"product_tag-karmnik-stalowy-ocynkowany","19":"product_tag-system-karmienia-owiec","20":"product_tag-wyposazenie-owczarni-karmnik","22":"first","23":"instock","24":"shipping-taxable","25":"purchasable","26":"product-type-simple"},"_links":{"self":[{"href":"https:\/\/rollnikow.you2.pl\/index.php\/wp-json\/wp\/v2\/product\/3176","targetHints":{"allow":["GET"]}}],"collection":[{"href":"https:\/\/rollnikow.you2.pl\/index.php\/wp-json\/wp\/v2\/product"}],"about":[{"href":"https:\/\/rollnikow.you2.pl\/index.php\/wp-json\/wp\/v2\/types\/product"}],"replies":[{"embeddable":true,"href":"https:\/\/rollnikow.you2.pl\/index.php\/wp-json\/wp\/v2\/comments?post=3176"}],"version-history":[{"count":1,"href":"https:\/\/rollnikow.you2.pl\/index.php\/wp-json\/wp\/v2\/product\/3176\/revisions"}],"predecessor-version":[{"id":3178,"href":"https:\/\/rollnikow.you2.pl\/index.php\/wp-json\/wp\/v2\/product\/3176\/revisions\/3178"}],"wp:featuredmedia":[{"embeddable":true,"href":"https:\/\/rollnikow.you2.pl\/index.php\/wp-json\/wp\/v2\/media\/3179"}],"wp:attachment":[{"href":"https:\/\/rollnikow.you2.pl\/index.php\/wp-json\/wp\/v2\/media?parent=3176"}],"wp:term":[{"taxonomy":"product_brand","embeddable":true,"href":"https:\/\/rollnikow.you2.pl\/index.php\/wp-json\/wp\/v2\/product_brand?post=3176"},{"taxonomy":"product_cat","embeddable":true,"href":"https:\/\/rollnikow.you2.pl\/index.php\/wp-json\/wp\/v2\/product_cat?post=3176"},{"taxonomy":"product_tag","embeddable":true,"href":"https:\/\/rollnikow.you2.pl\/index.php\/wp-json\/wp\/v2\/product_tag?post=3176"}],"curies":[{"name":"wp","href":"https:\/\/api.w.org\/{rel}","templated":true}]}}