{"id":3186,"date":"2026-03-05T16:00:11","date_gmt":"2026-03-05T15:00:11","guid":{"rendered":"https:\/\/rollnikow.you2.pl\/?post_type=product&#038;p=3186"},"modified":"2026-03-09T18:15:28","modified_gmt":"2026-03-09T17:15:28","slug":"karmnik-dla-koni-z-polietylenu","status":"publish","type":"product","link":"https:\/\/rollnikow.you2.pl\/index.php\/produkt\/karmnik-dla-koni-z-polietylenu\/","title":{"rendered":"Karmnik dla koni z polietylenu"},"content":{"rendered":"<h1 data-start=\"956\" data-end=\"1031\">Karmnik dla koni z polietylenu \u2013 trwa\u0142e i praktyczne rozwi\u0105zanie w stajni<\/h1>\n<p data-start=\"1033\" data-end=\"1414\">Odpowiednie wyposa\u017cenie stajni ma ogromne znaczenie dla zdrowia oraz komfortu zwierz\u0105t. Jednym z podstawowych element\u00f3w wyposa\u017cenia jest solidny karmnik lub poid\u0142o, kt\u00f3re umo\u017cliwia wygodne podawanie paszy oraz wody. Prezentowany <strong data-start=\"1262\" data-end=\"1305\">karmnik dla koni z polietylenu<\/strong> to trwa\u0142e i praktyczne rozwi\u0105zanie przeznaczone dla gospodarstw hodowlanych, stadnin oraz prywatnych stajni. <a href=\"https:\/\/rollnikow.you2.pl\/index.php\/kategoria-produktu\/karmniki-dla-bydla\/\">Produkt z kategorii Karmniki dla byd\u0142a<\/a><\/p>\n<h2 data-start=\"1416\" data-end=\"1455\">Wytrzyma\u0142a konstrukcja z polietylenu<\/h2>\n<p data-start=\"1457\" data-end=\"1666\">Karmnik zosta\u0142 wykonany w ca\u0142o\u015bci z <strong data-start=\"1493\" data-end=\"1525\">wysokiej jako\u015bci polietylenu<\/strong>, kt\u00f3ry charakteryzuje si\u0119 du\u017c\u0105 odporno\u015bci\u0105 na uszkodzenia mechaniczne. Materia\u0142 ten jest odporny na uderzenia, p\u0119kni\u0119cia oraz odkszta\u0142cenia.<\/p>\n<p data-start=\"1668\" data-end=\"1680\">Dzi\u0119ki temu:<\/p>\n<ul data-start=\"1682\" data-end=\"1793\">\n<li data-start=\"1682\" data-end=\"1712\">\n<p data-start=\"1684\" data-end=\"1712\">karmnik jest bardzo trwa\u0142y<\/p>\n<\/li>\n<li data-start=\"1713\" data-end=\"1752\">\n<p data-start=\"1715\" data-end=\"1752\">dobrze znosi intensywne u\u017cytkowanie<\/p>\n<\/li>\n<li data-start=\"1753\" data-end=\"1793\">\n<p data-start=\"1755\" data-end=\"1793\">mo\u017ce by\u0107 stosowany w r\u00f3\u017cnych warunkach<\/p>\n<\/li>\n<\/ul>\n<p data-start=\"1795\" data-end=\"1918\">Polietylen jest materia\u0142em cz\u0119sto stosowanym w wyposa\u017ceniu hodowlanym ze wzgl\u0119du na swoj\u0105 wytrzyma\u0142o\u015b\u0107 oraz bezpiecze\u0144stwo.<\/p>\n<h2 data-start=\"1920\" data-end=\"1978\">Bezpieczny materia\u0142 dopuszczony do kontaktu z \u017cywno\u015bci\u0105<\/h2>\n<p data-start=\"1980\" data-end=\"2111\">Do produkcji karmnika zastosowano <strong data-start=\"2014\" data-end=\"2069\">100% polietylen bez dodatku materia\u0142\u00f3w z recyklingu<\/strong>, co zapewnia bezpiecze\u0144stwo dla zwierz\u0105t.<\/p>\n<p data-start=\"2113\" data-end=\"2142\">Materia\u0142 posiada w\u0142a\u015bciwo\u015bci:<\/p>\n<ul data-start=\"2144\" data-end=\"2227\">\n<li data-start=\"2144\" data-end=\"2160\">\n<p data-start=\"2146\" data-end=\"2160\">nietoksyczne<\/p>\n<\/li>\n<li data-start=\"2161\" data-end=\"2196\">\n<p data-start=\"2163\" data-end=\"2196\">bezpieczne dla zdrowia zwierz\u0105t<\/p>\n<\/li>\n<li data-start=\"2197\" data-end=\"2227\">\n<p data-start=\"2199\" data-end=\"2227\">odporne na dzia\u0142anie wilgoci<\/p>\n<\/li>\n<\/ul>\n<p data-start=\"2229\" data-end=\"2312\">Dzi\u0119ki temu karmnik mo\u017ce by\u0107 wykorzystywany zar\u00f3wno do podawania paszy, jak i wody.<\/p>\n<h2 data-start=\"2314\" data-end=\"2360\">G\u0142adka powierzchnia u\u0142atwiaj\u0105ca czyszczenie<\/h2>\n<p data-start=\"2362\" data-end=\"2480\">Konstrukcja karmnika zosta\u0142a wykonana z <strong data-start=\"2402\" data-end=\"2436\">g\u0142adk\u0105, bezszwow\u0105 powierzchni\u0105<\/strong>, kt\u00f3ra zapobiega gromadzeniu si\u0119 zabrudze\u0144.<\/p>\n<p data-start=\"2482\" data-end=\"2508\">Zalety takiej konstrukcji:<\/p>\n<ul data-start=\"2510\" data-end=\"2609\">\n<li data-start=\"2510\" data-end=\"2538\">\n<p data-start=\"2512\" data-end=\"2538\">\u0142atwe utrzymanie higieny<\/p>\n<\/li>\n<li data-start=\"2539\" data-end=\"2562\">\n<p data-start=\"2541\" data-end=\"2562\">szybkie czyszczenie<\/p>\n<\/li>\n<li data-start=\"2563\" data-end=\"2609\">\n<p data-start=\"2565\" data-end=\"2609\">brak miejsc sprzyjaj\u0105cych rozwojowi bakterii<\/p>\n<\/li>\n<\/ul>\n<p data-start=\"2611\" data-end=\"2681\">Jest to szczeg\u00f3lnie wa\u017cne w stajniach oraz gospodarstwach hodowlanych.<\/p>\n<h2 data-start=\"2683\" data-end=\"2710\">Uniwersalne zastosowanie<\/h2>\n<p data-start=\"2712\" data-end=\"2851\">Karmnik mo\u017ce by\u0107 wykorzystywany w wielu r\u00f3\u017cnych sytuacjach. Sprawdza si\u0119 zar\u00f3wno jako <strong data-start=\"2798\" data-end=\"2819\">pojemnik na pasz\u0119<\/strong>, jak i <strong data-start=\"2827\" data-end=\"2850\">poid\u0142o dla zwierz\u0105t<\/strong>.<\/p>\n<p data-start=\"2853\" data-end=\"2876\">Mo\u017ce by\u0107 stosowany dla:<\/p>\n<ul data-start=\"2878\" data-end=\"2923\">\n<li data-start=\"2878\" data-end=\"2886\">\n<p data-start=\"2880\" data-end=\"2886\">koni<\/p>\n<\/li>\n<li data-start=\"2887\" data-end=\"2898\">\n<p data-start=\"2889\" data-end=\"2898\">\u017arebi\u0105t<\/p>\n<\/li>\n<li data-start=\"2899\" data-end=\"2923\">\n<p data-start=\"2901\" data-end=\"2923\">zwierz\u0105t gospodarskich<\/p>\n<\/li>\n<\/ul>\n<p data-start=\"2925\" data-end=\"3016\">Uniwersalno\u015b\u0107 produktu sprawia, \u017ce jest on bardzo praktycznym elementem wyposa\u017cenia stajni.<\/p>\n<h2 data-start=\"3018\" data-end=\"3033\">\u0141atwy monta\u017c<\/h2>\n<p data-start=\"3035\" data-end=\"3196\">Karmnik zosta\u0142 zaprojektowany z my\u015bl\u0105 o prostym monta\u017cu. Posiada specjalne miejsca na \u015bruby, kt\u00f3re umo\u017cliwiaj\u0105 jego stabilne zamocowanie do \u015bciany lub naro\u017cnika.<\/p>\n<p data-start=\"3198\" data-end=\"3216\">Monta\u017c pozwala na:<\/p>\n<ul data-start=\"3218\" data-end=\"3338\">\n<li data-start=\"3218\" data-end=\"3251\">\n<p data-start=\"3220\" data-end=\"3251\">stabilne zawieszenie karmnika<\/p>\n<\/li>\n<li data-start=\"3252\" data-end=\"3294\">\n<p data-start=\"3254\" data-end=\"3294\">bezpieczne u\u017cytkowanie przez zwierz\u0119ta<\/p>\n<\/li>\n<li data-start=\"3295\" data-end=\"3338\">\n<p data-start=\"3297\" data-end=\"3338\">\u0142atwe dopasowanie do przestrzeni w stajni<\/p>\n<\/li>\n<\/ul>\n<p data-start=\"3340\" data-end=\"3396\">Dzi\u0119ki temu karmnik mo\u017cna zamontowa\u0107 w dowolnym miejscu.<\/p>\n<h2 data-start=\"3398\" data-end=\"3435\">Odporno\u015b\u0107 na warunki atmosferyczne<\/h2>\n<p data-start=\"3437\" data-end=\"3621\">Polietylenowy karmnik dobrze radzi sobie zar\u00f3wno w niskich, jak i wysokich temperaturach. Materia\u0142 nie traci swoich w\u0142a\u015bciwo\u015bci nawet przy intensywnym u\u017cytkowaniu w trudnych warunkach.<\/p>\n<p data-start=\"3623\" data-end=\"3631\">Karmnik:<\/p>\n<ul data-start=\"3633\" data-end=\"3738\">\n<li data-start=\"3633\" data-end=\"3679\">\n<p data-start=\"3635\" data-end=\"3679\">nie odkszta\u0142ca si\u0119 pod wp\u0142ywem temperatury<\/p>\n<\/li>\n<li data-start=\"3680\" data-end=\"3700\">\n<p data-start=\"3682\" data-end=\"3700\">nie traci koloru<\/p>\n<\/li>\n<li data-start=\"3701\" data-end=\"3738\">\n<p data-start=\"3703\" data-end=\"3738\">zachowuje trwa\u0142o\u015b\u0107 przez d\u0142ugi czas<\/p>\n<\/li>\n<\/ul>\n<h2 data-start=\"3740\" data-end=\"3772\">Najwa\u017cniejsze zalety produktu<\/h2>\n<ul data-start=\"3774\" data-end=\"4024\">\n<li data-start=\"3774\" data-end=\"3807\">\n<p data-start=\"3776\" data-end=\"3807\">wykonany w 100% z polietylenu<\/p>\n<\/li>\n<li data-start=\"3808\" data-end=\"3844\">\n<p data-start=\"3810\" data-end=\"3844\">odporny na uderzenia i p\u0119kni\u0119cia<\/p>\n<\/li>\n<li data-start=\"3845\" data-end=\"3904\">\n<p data-start=\"3847\" data-end=\"3904\">bezpieczny materia\u0142 dopuszczony do kontaktu z \u017cywno\u015bci\u0105<\/p>\n<\/li>\n<li data-start=\"3905\" data-end=\"3931\">\n<p data-start=\"3907\" data-end=\"3931\">\u0142atwy monta\u017c do \u015bciany<\/p>\n<\/li>\n<li data-start=\"3932\" data-end=\"3979\">\n<p data-start=\"3934\" data-end=\"3979\">g\u0142adka powierzchnia u\u0142atwiaj\u0105ca czyszczenie<\/p>\n<\/li>\n<li data-start=\"3980\" data-end=\"4024\">\n<p data-start=\"3982\" data-end=\"4024\">mo\u017cliwo\u015b\u0107 u\u017cycia jako karmnik lub poid\u0142o<\/p>\n<\/li>\n<\/ul>\n<h2 data-start=\"4026\" data-end=\"4058\">Praktyczne wyposa\u017cenie stajni<\/h2>\n<p data-start=\"4060\" data-end=\"4309\">Polietylenowy karmnik dla koni to funkcjonalne i trwa\u0142e rozwi\u0105zanie dla ka\u017cdego gospodarstwa hodowlanego lub stajni. Dzi\u0119ki solidnej konstrukcji, bezpiecznemu materia\u0142owi oraz uniwersalnemu zastosowaniu zapewnia wygodne karmienie i pojenie zwierz\u0105t.<\/p>\n<h2 data-start=\"70\" data-end=\"132\">Dlaczego warto stosowa\u0107 karmniki z polietylenu w stajniach?<\/h2>\n<p data-start=\"134\" data-end=\"582\">W hodowli koni bardzo wa\u017cne jest stosowanie wyposa\u017cenia, kt\u00f3re jest trwa\u0142e, bezpieczne dla zwierz\u0105t oraz \u0142atwe w utrzymaniu czysto\u015bci. Karmniki wykonane z polietylenu ciesz\u0105 si\u0119 coraz wi\u0119ksz\u0105 popularno\u015bci\u0105 w stajniach oraz gospodarstwach hodowlanych w\u0142a\u015bnie ze wzgl\u0119du na swoje praktyczne w\u0142a\u015bciwo\u015bci. Materia\u0142 ten jest lekki, a jednocze\u015bnie bardzo odporny na uszkodzenia mechaniczne, co sprawia, \u017ce doskonale sprawdza si\u0119 w codziennym u\u017cytkowaniu.<\/p>\n<p data-start=\"584\" data-end=\"934\">Polietylenowe karmniki s\u0105 odporne na uderzenia oraz nacisk, dzi\u0119ki czemu konie nie s\u0105 w stanie \u0142atwo ich uszkodzi\u0107 podczas karmienia. Jest to szczeg\u00f3lnie wa\u017cne w przypadku silnych i energicznych zwierz\u0105t, kt\u00f3re cz\u0119sto opieraj\u0105 si\u0119 o elementy wyposa\u017cenia stajni. Solidna konstrukcja pozwala na wieloletnie u\u017cytkowanie bez konieczno\u015bci cz\u0119stej wymiany.<\/p>\n<p data-start=\"936\" data-end=\"1341\" data-is-last-node=\"\" data-is-only-node=\"\">Du\u017c\u0105 zalet\u0105 karmnik\u00f3w z polietylenu jest tak\u017ce ich \u0142atwo\u015b\u0107 czyszczenia. G\u0142adka powierzchnia nie zatrzymuje zabrudze\u0144 ani resztek paszy, co pozwala szybko utrzyma\u0107 odpowiedni poziom higieny. Regularne czyszczenie karmnik\u00f3w pomaga zapobiega\u0107 rozwojowi bakterii oraz poprawia warunki \u017cywienia zwierz\u0105t. Dzi\u0119ki temu karmniki polietylenowe stanowi\u0105 praktyczne i wygodne rozwi\u0105zanie w ka\u017cdej nowoczesnej stajni.<\/p>\n","protected":false},"excerpt":{"rendered":"<p>Wytrzyma\u0142y Karmnik dla koni z polietylenu\u00a0i poid\u0142o dla koni wykonane z wysokiej jako\u015bci polietylenu. Odporny na uderzenia, \u0142atwy w monta\u017cu i utrzymaniu czysto\u015bci. Mo\u017ce by\u0107 u\u017cywany zar\u00f3wno do paszy, jak i do wody.<\/p>\n","protected":false},"featured_media":3187,"comment_status":"open","ping_status":"closed","template":"","meta":[],"product_brand":[],"product_cat":[388],"product_tag":[737,740,741,745,744,746,739,738,742,743],"class_list":{"0":"post-3186","1":"product","2":"type-product","3":"status-publish","4":"has-post-thumbnail","6":"product_cat-karmniki-dla-bydla","7":"product_tag-karmnik-dla-koni","8":"product_tag-karmnik-dla-koni-do-stajni","9":"product_tag-karmnik-dla-koni-plastikowy","10":"product_tag-karmnik-dla-koni-scienny","11":"product_tag-karmnik-dla-zrebiat","12":"product_tag-karmnik-dla-zwierzat-gospodarskich","13":"product_tag-karmnik-polietylenowy-dla-koni","14":"product_tag-poidlo-dla-koni","15":"product_tag-poidlo-dla-koni-plastikowe","16":"product_tag-wyposazenie-stajni-karmnik","18":"first","19":"instock","20":"shipping-taxable","21":"purchasable","22":"product-type-simple"},"_links":{"self":[{"href":"https:\/\/rollnikow.you2.pl\/index.php\/wp-json\/wp\/v2\/product\/3186","targetHints":{"allow":["GET"]}}],"collection":[{"href":"https:\/\/rollnikow.you2.pl\/index.php\/wp-json\/wp\/v2\/product"}],"about":[{"href":"https:\/\/rollnikow.you2.pl\/index.php\/wp-json\/wp\/v2\/types\/product"}],"replies":[{"embeddable":true,"href":"https:\/\/rollnikow.you2.pl\/index.php\/wp-json\/wp\/v2\/comments?post=3186"}],"version-history":[{"count":1,"href":"https:\/\/rollnikow.you2.pl\/index.php\/wp-json\/wp\/v2\/product\/3186\/revisions"}],"predecessor-version":[{"id":3188,"href":"https:\/\/rollnikow.you2.pl\/index.php\/wp-json\/wp\/v2\/product\/3186\/revisions\/3188"}],"wp:featuredmedia":[{"embeddable":true,"href":"https:\/\/rollnikow.you2.pl\/index.php\/wp-json\/wp\/v2\/media\/3187"}],"wp:attachment":[{"href":"https:\/\/rollnikow.you2.pl\/index.php\/wp-json\/wp\/v2\/media?parent=3186"}],"wp:term":[{"taxonomy":"product_brand","embeddable":true,"href":"https:\/\/rollnikow.you2.pl\/index.php\/wp-json\/wp\/v2\/product_brand?post=3186"},{"taxonomy":"product_cat","embeddable":true,"href":"https:\/\/rollnikow.you2.pl\/index.php\/wp-json\/wp\/v2\/product_cat?post=3186"},{"taxonomy":"product_tag","embeddable":true,"href":"https:\/\/rollnikow.you2.pl\/index.php\/wp-json\/wp\/v2\/product_tag?post=3186"}],"curies":[{"name":"wp","href":"https:\/\/api.w.org\/{rel}","templated":true}]}}