{"id":3212,"date":"2026-03-08T14:00:42","date_gmt":"2026-03-08T13:00:42","guid":{"rendered":"https:\/\/rollnikow.you2.pl\/?post_type=product&#038;p=3212"},"modified":"2026-03-09T18:19:44","modified_gmt":"2026-03-09T17:19:44","slug":"zgarniacz-obornika-i-sniegu","status":"publish","type":"product","link":"https:\/\/rollnikow.you2.pl\/index.php\/produkt\/zgarniacz-obornika-i-sniegu\/","title":{"rendered":"Zgarniacz obornika i \u015bniegu"},"content":{"rendered":"<h1 data-section-id=\"1kpitpm\" data-start=\"925\" data-end=\"1002\">Zgarniacz obornika i \u015bniegu \u2013 praktyczne narz\u0119dzie do pracy w gospodarstwie<\/h1>\n<p data-start=\"1004\" data-end=\"1418\">Utrzymanie czysto\u015bci w budynkach gospodarczych oraz na terenie gospodarstwa jest jednym z podstawowych obowi\u0105zk\u00f3w hodowcy. Regularne usuwanie obornika z ob\u00f3r i stajni pozwala utrzyma\u0107 odpowiednie warunki sanitarne dla zwierz\u0105t oraz poprawia komfort pracy. Jednym z narz\u0119dzi, kt\u00f3re znacznie u\u0142atwiaj\u0105 wykonywanie tych czynno\u015bci, jest <strong data-start=\"1337\" data-end=\"1359\">zgarniacz obornika<\/strong>, kt\u00f3ry mo\u017ce by\u0107 r\u00f3wnie\u017c wykorzystywany do usuwania \u015bniegu. Produkt z kategorii <a href=\"https:\/\/rollnikow.you2.pl\/index.php\/kategoria-produktu\/sprzet-do-hodowli-zwierzat\/\">Sprz\u0119t do hodowli zwierz\u0105t<\/a>.<\/p>\n<p data-start=\"1420\" data-end=\"1574\">Prezentowany <strong data-start=\"1433\" data-end=\"1464\">zgarniacz obornika i \u015bniegu<\/strong> to praktyczne narz\u0119dzie, kt\u00f3re sprawdzi si\u0119 zar\u00f3wno w budynkach inwentarskich, jak i na terenie gospodarstwa.<\/p>\n<h2 data-section-id=\"12s8di1\" data-start=\"1576\" data-end=\"1603\">Uniwersalne zastosowanie<\/h2>\n<p data-start=\"1605\" data-end=\"1817\">Zgarniacz zosta\u0142 zaprojektowany w taki spos\u00f3b, aby m\u00f3g\u0142 by\u0107 wykorzystywany do r\u00f3\u017cnych prac w gospodarstwie. Mo\u017ce s\u0142u\u017cy\u0107 zar\u00f3wno do usuwania obornika, jak i do od\u015bnie\u017cania powierzchni wok\u00f3\u0142 budynk\u00f3w gospodarczych.<\/p>\n<p data-start=\"1819\" data-end=\"1850\">Narz\u0119dzie sprawdzi si\u0119 podczas:<\/p>\n<ul data-start=\"1852\" data-end=\"1990\">\n<li data-section-id=\"1aapvfb\" data-start=\"1852\" data-end=\"1872\">\n<p data-start=\"1854\" data-end=\"1872\">czyszczenia ob\u00f3r<\/p>\n<\/li>\n<li data-section-id=\"11g6wgu\" data-start=\"1873\" data-end=\"1894\">\n<p data-start=\"1875\" data-end=\"1894\">sprz\u0105tania stajni<\/p>\n<\/li>\n<li data-section-id=\"b35a07\" data-start=\"1895\" data-end=\"1928\">\n<p data-start=\"1897\" data-end=\"1928\">usuwania obornika z korytarzy<\/p>\n<\/li>\n<li data-section-id=\"5tku6j\" data-start=\"1929\" data-end=\"1954\">\n<p data-start=\"1931\" data-end=\"1954\">od\u015bnie\u017cania podjazd\u00f3w<\/p>\n<\/li>\n<li data-section-id=\"1knilqt\" data-start=\"1955\" data-end=\"1990\">\n<p data-start=\"1957\" data-end=\"1990\">porz\u0105dkowania terenu gospodarstwa<\/p>\n<\/li>\n<\/ul>\n<p data-start=\"1992\" data-end=\"2076\">Dzi\u0119ki swojej konstrukcji zgarniacz jest bardzo praktyczny w codziennym u\u017cytkowaniu.<\/p>\n<h2 data-section-id=\"1av090t\" data-start=\"2078\" data-end=\"2103\">Solidna stalowa \u0142opata<\/h2>\n<p data-start=\"2105\" data-end=\"2259\">Najwa\u017cniejszym elementem zgarniacza jest <strong data-start=\"2146\" data-end=\"2182\">stalowa \u0142opata o grubo\u015bci 2,5 mm<\/strong>, kt\u00f3ra zapewnia du\u017c\u0105 wytrzyma\u0142o\u015b\u0107 oraz odporno\u015b\u0107 na uszkodzenia mechaniczne.<\/p>\n<p data-start=\"2261\" data-end=\"2282\">Gruba stalowa blacha:<\/p>\n<ul data-start=\"2284\" data-end=\"2398\">\n<li data-section-id=\"1srp2wo\" data-start=\"2284\" data-end=\"2317\">\n<p data-start=\"2286\" data-end=\"2317\">jest odporna na odkszta\u0142cenia<\/p>\n<\/li>\n<li data-section-id=\"eu0d13\" data-start=\"2318\" data-end=\"2357\">\n<p data-start=\"2320\" data-end=\"2357\">dobrze znosi intensywne u\u017cytkowanie<\/p>\n<\/li>\n<li data-section-id=\"1c0x51v\" data-start=\"2358\" data-end=\"2398\">\n<p data-start=\"2360\" data-end=\"2398\">umo\u017cliwia prac\u0119 z ci\u0119\u017ckimi materia\u0142ami<\/p>\n<\/li>\n<\/ul>\n<p data-start=\"2400\" data-end=\"2514\">Dzi\u0119ki temu narz\u0119dzie mo\u017ce by\u0107 u\u017cywane zar\u00f3wno do usuwania obornika, jak i do pracy w trudnych warunkach zimowych.<\/p>\n<h2 data-section-id=\"1i1lecg\" data-start=\"2516\" data-end=\"2544\">Du\u017ca powierzchnia robocza<\/h2>\n<p data-start=\"2546\" data-end=\"2707\">\u0141opata posiada wymiary <strong data-start=\"2569\" data-end=\"2583\">75 \u00d7 45 cm<\/strong>, co zapewnia du\u017c\u0105 powierzchni\u0119 robocz\u0105. Dzi\u0119ki temu mo\u017cna jednorazowo zebra\u0107 wi\u0119ksz\u0105 ilo\u015b\u0107 materia\u0142u, co przyspiesza prac\u0119.<\/p>\n<p data-start=\"2709\" data-end=\"2746\">Du\u017ca powierzchnia robocza pozwala na:<\/p>\n<ul data-start=\"2748\" data-end=\"2836\">\n<li data-section-id=\"md39k\" data-start=\"2748\" data-end=\"2777\">\n<p data-start=\"2750\" data-end=\"2777\">szybsze czyszczenie obory<\/p>\n<\/li>\n<li data-section-id=\"5yhlyf\" data-start=\"2778\" data-end=\"2810\">\n<p data-start=\"2780\" data-end=\"2810\">sprawniejsze usuwanie \u015bniegu<\/p>\n<\/li>\n<li data-section-id=\"1tsbe4t\" data-start=\"2811\" data-end=\"2836\">\n<p data-start=\"2813\" data-end=\"2836\">wi\u0119ksz\u0105 wydajno\u015b\u0107 pracy<\/p>\n<\/li>\n<\/ul>\n<p data-start=\"2838\" data-end=\"2936\">Jest to szczeg\u00f3lnie wa\u017cne w gospodarstwach, gdzie codziennie wykonuje si\u0119 wiele prac porz\u0105dkowych.<\/p>\n<h2 data-section-id=\"19z5um4\" data-start=\"2938\" data-end=\"2956\">Ruchoma g\u0142owica<\/h2>\n<p data-start=\"2958\" data-end=\"3051\">Zgarniacz wyposa\u017cony jest w <strong data-start=\"2986\" data-end=\"3005\">ruchom\u0105 g\u0142owic\u0119<\/strong>, kt\u00f3ra zwi\u0119ksza wygod\u0119 u\u017cytkowania narz\u0119dzia.<\/p>\n<p data-start=\"3053\" data-end=\"3081\">Ruchoma konstrukcja pozwala:<\/p>\n<ul data-start=\"3083\" data-end=\"3183\">\n<li data-section-id=\"1bmqw0d\" data-start=\"3083\" data-end=\"3113\">\n<p data-start=\"3085\" data-end=\"3113\">dopasowa\u0107 k\u0105t pracy \u0142opaty<\/p>\n<\/li>\n<li data-section-id=\"kt0cl6\" data-start=\"3114\" data-end=\"3152\">\n<p data-start=\"3116\" data-end=\"3152\">\u0142atwiej zbiera\u0107 materia\u0142 z pod\u0142o\u017ca<\/p>\n<\/li>\n<li data-section-id=\"j847b2\" data-start=\"3153\" data-end=\"3183\">\n<p data-start=\"3155\" data-end=\"3183\">pracowa\u0107 w r\u00f3\u017cnych warunkach<\/p>\n<\/li>\n<\/ul>\n<p data-start=\"3185\" data-end=\"3256\">Dzi\u0119ki temu zgarniacz jest bardziej funkcjonalny ni\u017c tradycyjne \u0142opaty.<\/p>\n<h2 data-section-id=\"bcfd0s\" data-start=\"3258\" data-end=\"3283\">D\u0142ugo\u015b\u0107 uchwytu 1 metr<\/h2>\n<p data-start=\"3285\" data-end=\"3385\">Uchwyt zgarniacza ma <strong data-start=\"3306\" data-end=\"3325\">d\u0142ugo\u015b\u0107 1 metra<\/strong>, co pozwala na wygodne prowadzenie narz\u0119dzia podczas pracy.<\/p>\n<p data-start=\"3387\" data-end=\"3415\">Odpowiednia d\u0142ugo\u015b\u0107 uchwytu:<\/p>\n<ul data-start=\"3417\" data-end=\"3511\">\n<li data-section-id=\"1r9gj9t\" data-start=\"3417\" data-end=\"3445\">\n<p data-start=\"3419\" data-end=\"3445\">poprawia ergonomi\u0119 pracy<\/p>\n<\/li>\n<li data-section-id=\"luhem0\" data-start=\"3446\" data-end=\"3477\">\n<p data-start=\"3448\" data-end=\"3477\">zmniejsza obci\u0105\u017cenie plec\u00f3w<\/p>\n<\/li>\n<li data-section-id=\"vpvkrx\" data-start=\"3478\" data-end=\"3511\">\n<p data-start=\"3480\" data-end=\"3511\">u\u0142atwia manewrowanie narz\u0119dziem<\/p>\n<\/li>\n<\/ul>\n<p data-start=\"3513\" data-end=\"3566\">Dzi\u0119ki temu praca w gospodarstwie jest mniej m\u0119cz\u0105ca.<\/p>\n<h2 data-section-id=\"u134jz\" data-start=\"3568\" data-end=\"3593\">Ko\u0142a u\u0142atwiaj\u0105ce prac\u0119<\/h2>\n<p data-start=\"3595\" data-end=\"3697\">Jedn\u0105 z najwi\u0119kszych zalet zgarniacza s\u0105 <strong data-start=\"3636\" data-end=\"3644\">ko\u0142a<\/strong>, kt\u00f3re znacz\u0105co u\u0142atwiaj\u0105 przemieszczanie narz\u0119dzia.<\/p>\n<p data-start=\"3699\" data-end=\"3714\">Ko\u0142a pozwalaj\u0105:<\/p>\n<ul data-start=\"3716\" data-end=\"3821\">\n<li data-section-id=\"1a0byd9\" data-start=\"3716\" data-end=\"3756\">\n<p data-start=\"3718\" data-end=\"3756\">\u0142atwo prowadzi\u0107 zgarniacz po pod\u0142o\u017cu<\/p>\n<\/li>\n<li data-section-id=\"1foe9gx\" data-start=\"3757\" data-end=\"3793\">\n<p data-start=\"3759\" data-end=\"3793\">zmniejszy\u0107 wysi\u0142ek podczas pracy<\/p>\n<\/li>\n<li data-section-id=\"1183a18\" data-start=\"3794\" data-end=\"3821\">\n<p data-start=\"3796\" data-end=\"3821\">zwi\u0119kszy\u0107 wydajno\u015b\u0107 pracy<\/p>\n<\/li>\n<\/ul>\n<p data-start=\"3823\" data-end=\"3895\">Dzi\u0119ki temu narz\u0119dzie mo\u017cna \u0142atwo przesuwa\u0107 nawet przy du\u017cym obci\u0105\u017ceniu.<\/p>\n<h2 data-section-id=\"1bn8coa\" data-start=\"3897\" data-end=\"3941\">Zastosowanie w gospodarstwach hodowlanych<\/h2>\n<p data-start=\"3943\" data-end=\"4036\">Zgarniacz obornika znajduje zastosowanie w wielu typach gospodarstw rolnych oraz hodowlanych.<\/p>\n<p data-start=\"4038\" data-end=\"4064\">Mo\u017ce by\u0107 wykorzystywany w:<\/p>\n<ul data-start=\"4066\" data-end=\"4150\">\n<li data-section-id=\"1em4oha\" data-start=\"4066\" data-end=\"4083\">\n<p data-start=\"4068\" data-end=\"4083\">oborach byd\u0142a<\/p>\n<\/li>\n<li data-section-id=\"10vxtop\" data-start=\"4084\" data-end=\"4097\">\n<p data-start=\"4086\" data-end=\"4097\">stajniach<\/p>\n<\/li>\n<li data-section-id=\"pseaz0\" data-start=\"4098\" data-end=\"4124\">\n<p data-start=\"4100\" data-end=\"4124\">gospodarstwach rolnych<\/p>\n<\/li>\n<li data-section-id=\"6pw55h\" data-start=\"4125\" data-end=\"4150\">\n<p data-start=\"4127\" data-end=\"4150\">budynkach gospodarczych<\/p>\n<\/li>\n<\/ul>\n<p data-start=\"4152\" data-end=\"4237\">Sprawdza si\u0119 zar\u00f3wno w ma\u0142ych gospodarstwach rodzinnych, jak i w wi\u0119kszych hodowlach.<\/p>\n<h2 data-section-id=\"tc3i8w\" data-start=\"4239\" data-end=\"4282\">Znaczenie utrzymania czysto\u015bci w oborach<\/h2>\n<p data-start=\"4284\" data-end=\"4498\">Regularne usuwanie obornika ma ogromne znaczenie dla zdrowia zwierz\u0105t oraz dla warunk\u00f3w panuj\u0105cych w budynkach inwentarskich. Zalegaj\u0105ce zanieczyszczenia mog\u0105 powodowa\u0107 rozw\u00f3j bakterii oraz nieprzyjemnych zapach\u00f3w.<\/p>\n<p data-start=\"4500\" data-end=\"4546\">Dlatego utrzymanie czysto\u015bci w oborach pomaga:<\/p>\n<ul data-start=\"4548\" data-end=\"4665\">\n<li data-section-id=\"17r9hjd\" data-start=\"4548\" data-end=\"4578\">\n<p data-start=\"4550\" data-end=\"4578\">poprawi\u0107 warunki sanitarne<\/p>\n<\/li>\n<li data-section-id=\"142gtox\" data-start=\"4579\" data-end=\"4609\">\n<p data-start=\"4581\" data-end=\"4609\">ograniczy\u0107 rozw\u00f3j bakterii<\/p>\n<\/li>\n<li data-section-id=\"1yk6fo7\" data-start=\"4610\" data-end=\"4640\">\n<p data-start=\"4612\" data-end=\"4640\">zwi\u0119kszy\u0107 komfort zwierz\u0105t<\/p>\n<\/li>\n<li data-section-id=\"jyy6mh\" data-start=\"4641\" data-end=\"4665\">\n<p data-start=\"4643\" data-end=\"4665\">poprawi\u0107 higien\u0119 pracy<\/p>\n<\/li>\n<\/ul>\n<p data-start=\"4667\" data-end=\"4773\">Zgarniacz obornika jest jednym z podstawowych narz\u0119dzi pomagaj\u0105cych w utrzymaniu porz\u0105dku w gospodarstwie.<\/p>\n<h2 data-section-id=\"m0angn\" data-start=\"4775\" data-end=\"4807\">Najwa\u017cniejsze zalety produktu<\/h2>\n<p data-start=\"4809\" data-end=\"4857\">Zgarniacz obornika i \u015bniegu posiada wiele zalet:<\/p>\n<ul data-start=\"4859\" data-end=\"5019\">\n<li data-section-id=\"1gz6irk\" data-start=\"4859\" data-end=\"4885\">\n<p data-start=\"4861\" data-end=\"4885\">solidna stalowa \u0142opata<\/p>\n<\/li>\n<li data-section-id=\"1ds8b5b\" data-start=\"4886\" data-end=\"4911\">\n<p data-start=\"4888\" data-end=\"4911\">grubo\u015b\u0107 blachy 2,5 mm<\/p>\n<\/li>\n<li data-section-id=\"14ic48d\" data-start=\"4912\" data-end=\"4941\">\n<p data-start=\"4914\" data-end=\"4941\">du\u017ca powierzchnia robocza<\/p>\n<\/li>\n<li data-section-id=\"di259t\" data-start=\"4942\" data-end=\"4961\">\n<p data-start=\"4944\" data-end=\"4961\">ruchoma g\u0142owica<\/p>\n<\/li>\n<li data-section-id=\"1nebzi9\" data-start=\"4962\" data-end=\"4988\">\n<p data-start=\"4964\" data-end=\"4988\">d\u0142ugo\u015b\u0107 uchwytu 1 metr<\/p>\n<\/li>\n<li data-section-id=\"1y39d21\" data-start=\"4989\" data-end=\"5019\">\n<p data-start=\"4991\" data-end=\"5019\">ko\u0142a u\u0142atwiaj\u0105ce prowadzenie<\/p>\n<\/li>\n<\/ul>\n<p>Solidna stalowa \u0142opata umo\u017cliwia usuwanie obornika i \u015bniegu.<br data-start=\"629\" data-end=\"632\" \/>Ko\u0142a u\u0142atwiaj\u0105 przemieszczanie narz\u0119dzia podczas pracy.<\/p>\n<h2 data-section-id=\"1pmrlxq\" data-start=\"5021\" data-end=\"5036\">Podsumowanie<\/h2>\n<p data-start=\"5038\" data-end=\"5470\">Zgarniacz obornika i \u015bniegu to praktyczne narz\u0119dzie, kt\u00f3re znacznie u\u0142atwia wykonywanie prac porz\u0105dkowych w gospodarstwie. Solidna konstrukcja, du\u017ca powierzchnia robocza oraz zastosowanie k\u00f3\u0142 sprawiaj\u0105, \u017ce narz\u0119dzie jest wygodne w u\u017cytkowaniu i pozwala na szybkie usuwanie zanieczyszcze\u0144.\u00a0 Dzi\u0119ki swojej uniwersalno\u015bci mo\u017ce by\u0107 wykorzystywane zar\u00f3wno w budynkach inwentarskich, jak i podczas zimowego od\u015bnie\u017cania terenu gospodarstwa.<\/p>\n<div class=\"flex flex-col text-sm pb-25\">\n<article class=\"text-token-text-primary w-full focus:outline-none [--shadow-height:45px] has-data-writing-block:pointer-events-none has-data-writing-block:-mt-(--shadow-height) has-data-writing-block:pt-(--shadow-height) [&amp;:has([data-writing-block])&gt;*]:pointer-events-auto scroll-mt-[calc(var(--header-height)+min(200px,max(70px,20svh)))]\" dir=\"auto\" tabindex=\"-1\" data-turn-id=\"request-69a59e27-8d68-8397-af93-742762dd910a-3\" data-testid=\"conversation-turn-146\" data-scroll-anchor=\"true\" data-turn=\"assistant\">\n<div class=\"text-base my-auto mx-auto pb-10 [--thread-content-margin:var(--thread-content-margin-xs,calc(var(--spacing)*4))] @w-sm\/main:[--thread-content-margin:var(--thread-content-margin-sm,calc(var(--spacing)*6))] @w-lg\/main:[--thread-content-margin:var(--thread-content-margin-lg,calc(var(--spacing)*16))] px-(--thread-content-margin)\">\n<div class=\"[--thread-content-max-width:40rem] @w-lg\/main:[--thread-content-max-width:48rem] mx-auto max-w-(--thread-content-max-width) flex-1 group\/turn-messages focus-visible:outline-hidden relative flex w-full min-w-0 flex-col agent-turn\" tabindex=\"-1\">\n<div class=\"flex max-w-full flex-col gap-4 grow\">\n<div class=\"min-h-8 text-message relative flex w-full flex-col items-end gap-2 text-start break-words whitespace-normal [.text-message+&amp;]:mt-1\" dir=\"auto\" data-message-author-role=\"assistant\" data-message-id=\"6664a368-628a-4b23-961e-937cb0dc568f\" data-message-model-slug=\"gpt-5-3\">\n<div class=\"flex w-full flex-col gap-1 empty:hidden\">\n<div class=\"markdown prose dark:prose-invert w-full wrap-break-word light markdown-new-styling\">\n<p data-start=\"66\" data-end=\"403\" data-is-last-node=\"\" data-is-only-node=\"\">Solidna konstrukcja, du\u017ca powierzchnia robocza oraz ko\u0142a u\u0142atwiaj\u0105ce prowadzenie sprawiaj\u0105, \u017ce usuwanie obornika lub \u015bniegu jest znacznie szybsze i wygodniejsze. To funkcjonalne rozwi\u0105zanie dla ka\u017cdego gospodarstwa hodowlanego.<\/p>\n<\/div>\n<\/div>\n<\/div>\n<\/div>\n<div class=\"z-0 flex min-h-[46px] justify-start\"><\/div>\n<div class=\"mt-3 w-full empty:hidden\">\n<div class=\"text-center\"><\/div>\n<\/div>\n<\/div>\n<\/div>\n<\/article>\n<\/div>\n<div class=\"pointer-events-none h-px w-px absolute bottom-0\" aria-hidden=\"true\" data-edge=\"true\"><\/div>\n","protected":false},"excerpt":{"rendered":"<p>Zgarniacz obornika i \u015bniegu wyposa\u017cony w stalow\u0105 \u0142opat\u0119 o grubo\u015bci 2,5 mm oraz ruchom\u0105 g\u0142owic\u0119. Dzi\u0119ki ko\u0142om urz\u0105dzenie \u0142atwo si\u0119 prowadzi i pozwala na szybkie usuwanie zanieczyszcze\u0144 w gospodarstwie.<\/p>\n","protected":false},"featured_media":3213,"comment_status":"open","ping_status":"closed","template":"","meta":[],"product_brand":[],"product_cat":[502],"product_tag":[824,826,830,827,816,831,828,825,823,829],"class_list":{"0":"post-3212","1":"product","2":"type-product","3":"status-publish","4":"has-post-thumbnail","6":"product_cat-zgarniacze-obornika","7":"product_tag-lopata-do-obornika","8":"product_tag-lopata-do-sniegu-gospodarstwo","9":"product_tag-lopata-rolnicza-do-obory","10":"product_tag-narzedzie-do-usuwania-obornika","11":"product_tag-sprzet-do-czyszczenia-obory","12":"product_tag-sprzet-hodowlany-do-sprzatania","13":"product_tag-sprzet-rolniczy-do-czyszczenia-obory","14":"product_tag-zgarniacz-do-obory","15":"product_tag-zgarniacz-obornika","16":"product_tag-zgarniacz-obornika-z-kolami","18":"first","19":"instock","20":"shipping-taxable","21":"purchasable","22":"product-type-simple"},"_links":{"self":[{"href":"https:\/\/rollnikow.you2.pl\/index.php\/wp-json\/wp\/v2\/product\/3212","targetHints":{"allow":["GET"]}}],"collection":[{"href":"https:\/\/rollnikow.you2.pl\/index.php\/wp-json\/wp\/v2\/product"}],"about":[{"href":"https:\/\/rollnikow.you2.pl\/index.php\/wp-json\/wp\/v2\/types\/product"}],"replies":[{"embeddable":true,"href":"https:\/\/rollnikow.you2.pl\/index.php\/wp-json\/wp\/v2\/comments?post=3212"}],"version-history":[{"count":2,"href":"https:\/\/rollnikow.you2.pl\/index.php\/wp-json\/wp\/v2\/product\/3212\/revisions"}],"predecessor-version":[{"id":3215,"href":"https:\/\/rollnikow.you2.pl\/index.php\/wp-json\/wp\/v2\/product\/3212\/revisions\/3215"}],"wp:featuredmedia":[{"embeddable":true,"href":"https:\/\/rollnikow.you2.pl\/index.php\/wp-json\/wp\/v2\/media\/3213"}],"wp:attachment":[{"href":"https:\/\/rollnikow.you2.pl\/index.php\/wp-json\/wp\/v2\/media?parent=3212"}],"wp:term":[{"taxonomy":"product_brand","embeddable":true,"href":"https:\/\/rollnikow.you2.pl\/index.php\/wp-json\/wp\/v2\/product_brand?post=3212"},{"taxonomy":"product_cat","embeddable":true,"href":"https:\/\/rollnikow.you2.pl\/index.php\/wp-json\/wp\/v2\/product_cat?post=3212"},{"taxonomy":"product_tag","embeddable":true,"href":"https:\/\/rollnikow.you2.pl\/index.php\/wp-json\/wp\/v2\/product_tag?post=3212"}],"curies":[{"name":"wp","href":"https:\/\/api.w.org\/{rel}","templated":true}]}}