{"id":3217,"date":"2026-03-08T19:35:29","date_gmt":"2026-03-08T18:35:29","guid":{"rendered":"https:\/\/rollnikow.you2.pl\/?post_type=product&#038;p=3217"},"modified":"2026-03-08T20:04:54","modified_gmt":"2026-03-08T19:04:54","slug":"zawor-do-poidla-dla-zwierzat","status":"publish","type":"product","link":"https:\/\/rollnikow.you2.pl\/index.php\/produkt\/zawor-do-poidla-dla-zwierzat\/","title":{"rendered":"Zaw\u00f3r do poid\u0142a dla zwierz\u0105t"},"content":{"rendered":"<h1 data-section-id=\"1kh0mhl\" data-start=\"964\" data-end=\"1031\">Zaw\u00f3r do poid\u0142a dla zwierz\u0105t \u2013 niezawodny element systemu pojenia<\/h1>\n<p data-start=\"1033\" data-end=\"1366\">W nowoczesnej hodowli zwierz\u0105t gospodarskich niezwykle wa\u017cne jest zapewnienie sta\u0142ego dost\u0119pu do \u015bwie\u017cej wody. Jednym z element\u00f3w, kt\u00f3ry odpowiada za prawid\u0142owe dzia\u0142anie systemu pojenia, jest <strong data-start=\"1226\" data-end=\"1258\">zaw\u00f3r do poid\u0142a dla zwierz\u0105t<\/strong>. To niewielka, ale bardzo istotna cz\u0119\u015b\u0107 instalacji wodnej, kt\u00f3ra odpowiada za doprowadzanie wody do poid\u0142a. Produkt z kategorii <a href=\"https:\/\/rollnikow.you2.pl\/index.php\/kategoria-produktu\/poidla-dla-zwierzat\/poidla-dla-bydla\/\">poid\u0142a dla byd\u0142a<\/a>.<\/p>\n<p data-start=\"1368\" data-end=\"1625\">Prezentowany <strong data-start=\"1381\" data-end=\"1409\">zaw\u00f3r j\u0119zykowy do poide\u0142<\/strong> zosta\u0142 zaprojektowany z my\u015bl\u0105 o pracy w trudnych warunkach panuj\u0105cych w gospodarstwach hodowlanych. Dzi\u0119ki zastosowaniu trwa\u0142ych materia\u0142\u00f3w oraz solidnej konstrukcji element ten zapewnia d\u0142ug\u0105 i bezproblemow\u0105 prac\u0119.<\/p>\n<h2 data-section-id=\"133ja07\" data-start=\"74\" data-end=\"125\">Znaczenie sprawnych element\u00f3w w systemie pojenia<\/h2>\n<p data-start=\"127\" data-end=\"558\">W instalacjach pojenia zwierz\u0105t bardzo wa\u017cna jest niezawodno\u015b\u0107 ka\u017cdego elementu systemu. Nawet niewielkie cz\u0119\u015bci, takie jak zawory czy uszczelnienia, maj\u0105 ogromny wp\u0142yw na prawid\u0142owe dzia\u0142anie ca\u0142ej instalacji. Uszkodzony lub zu\u017cyty zaw\u00f3r mo\u017ce powodowa\u0107 wycieki wody albo utrudnia\u0107 zwierz\u0119tom dost\u0119p do \u015bwie\u017cej wody. Dlatego regularna kontrola oraz wymiana zu\u017cytych element\u00f3w jest niezwykle wa\u017cna w ka\u017cdym gospodarstwie hodowlanym.<\/p>\n<p data-start=\"560\" data-end=\"835\" data-is-last-node=\"\" data-is-only-node=\"\">Stosowanie solidnych cz\u0119\u015bci wykonanych z trwa\u0142ych materia\u0142\u00f3w pozwala utrzyma\u0107 sprawno\u015b\u0107 systemu pojenia przez d\u0142ugi czas. Dzi\u0119ki temu zwierz\u0119ta maj\u0105 sta\u0142y dost\u0119p do czystej wody, co pozytywnie wp\u0142ywa na ich zdrowie, kondycj\u0119 oraz og\u00f3ln\u0105 wydajno\u015b\u0107 produkcyjn\u0105 w gospodarstwie.<\/p>\n<h2 data-section-id=\"j0uk7s\" data-start=\"1627\" data-end=\"1657\">Jak dzia\u0142a zaw\u00f3r do poid\u0142a?<\/h2>\n<p data-start=\"1659\" data-end=\"1791\">Zaw\u00f3r j\u0119zykowy jest elementem, kt\u00f3ry uruchamia dop\u0142yw wody do poid\u0142a w momencie, gdy zwierz\u0119 naciska j\u0119zykiem na specjaln\u0105 d\u017awigni\u0119.<\/p>\n<p data-start=\"1793\" data-end=\"1830\">Dzia\u0142anie systemu jest bardzo proste:<\/p>\n<ol data-start=\"1832\" data-end=\"1954\">\n<li data-section-id=\"1a75qmu\" data-start=\"1832\" data-end=\"1876\">\n<p data-start=\"1835\" data-end=\"1876\">zwierz\u0119 naciska j\u0119zykiem element zaworu<\/p>\n<\/li>\n<li data-section-id=\"1hi9bg5\" data-start=\"1877\" data-end=\"1907\">\n<p data-start=\"1880\" data-end=\"1907\">zaw\u00f3r otwiera dop\u0142yw wody<\/p>\n<\/li>\n<li data-section-id=\"1v6osqg\" data-start=\"1908\" data-end=\"1954\">\n<p data-start=\"1911\" data-end=\"1954\">po zwolnieniu nacisku zaw\u00f3r zamyka przep\u0142yw<\/p>\n<\/li>\n<\/ol>\n<p data-start=\"1956\" data-end=\"2117\">Dzi\u0119ki temu woda doprowadzana jest tylko wtedy, gdy zwierz\u0119 jej potrzebuje. System ten pozwala ograniczy\u0107 straty wody oraz zapewnia sta\u0142y dost\u0119p do \u015bwie\u017cej wody.<\/p>\n<h2 data-section-id=\"12il8cv\" data-start=\"2119\" data-end=\"2153\">Zaw\u00f3r do poid\u0142a dla zwierz\u0105t &#8211; Zastosowanie w hodowli zwierz\u0105t<\/h2>\n<p data-start=\"2155\" data-end=\"2356\">Zawory j\u0119zykowe stosowane s\u0105 w wielu systemach pojenia zwierz\u0105t gospodarskich. Najcz\u0119\u015bciej wykorzystywane s\u0105 w automatycznych poid\u0142ach montowanych w oborach, stajniach lub innych budynkach hodowlanych.<\/p>\n<p data-start=\"2358\" data-end=\"2393\">Produkt mo\u017ce by\u0107 u\u017cywany w hodowli:<\/p>\n<ul data-start=\"2395\" data-end=\"2454\">\n<li data-section-id=\"whp9uc\" data-start=\"2395\" data-end=\"2404\">\n<p data-start=\"2397\" data-end=\"2404\">byd\u0142a<\/p>\n<\/li>\n<li data-section-id=\"1wy6n6n\" data-start=\"2405\" data-end=\"2414\">\n<p data-start=\"2407\" data-end=\"2414\">owiec<\/p>\n<\/li>\n<li data-section-id=\"169ibsa\" data-start=\"2415\" data-end=\"2422\">\n<p data-start=\"2417\" data-end=\"2422\">k\u00f3z<\/p>\n<\/li>\n<li data-section-id=\"7ue7aa\" data-start=\"2423\" data-end=\"2454\">\n<p data-start=\"2425\" data-end=\"2454\">innych zwierz\u0105t gospodarskich<\/p>\n<\/li>\n<\/ul>\n<p data-start=\"2456\" data-end=\"2549\">Dzi\u0119ki uniwersalnej konstrukcji zaw\u00f3r pasuje do wi\u0119kszo\u015bci modeli poide\u0142 dost\u0119pnych na rynku.<\/p>\n<h2 data-section-id=\"1p36uwq\" data-start=\"2551\" data-end=\"2580\">Solidny materia\u0142 \u2013 mosi\u0105dz<\/h2>\n<p data-start=\"2582\" data-end=\"2690\">Zaw\u00f3r zosta\u0142 wykonany z <strong data-start=\"2606\" data-end=\"2618\">mosi\u0105dzu<\/strong>, kt\u00f3ry jest materia\u0142em bardzo cz\u0119sto stosowanym w instalacjach wodnych.<\/p>\n<p data-start=\"2692\" data-end=\"2719\">Mosi\u0105dz charakteryzuje si\u0119:<\/p>\n<ul data-start=\"2721\" data-end=\"2822\">\n<li data-section-id=\"1luvirc\" data-start=\"2721\" data-end=\"2754\">\n<p data-start=\"2723\" data-end=\"2754\">wysok\u0105 odporno\u015bci\u0105 na korozj\u0119<\/p>\n<\/li>\n<li data-section-id=\"cm1hrd\" data-start=\"2755\" data-end=\"2790\">\n<p data-start=\"2757\" data-end=\"2790\">du\u017c\u0105 wytrzyma\u0142o\u015bci\u0105 mechaniczn\u0105<\/p>\n<\/li>\n<li data-section-id=\"jveafa\" data-start=\"2791\" data-end=\"2822\">\n<p data-start=\"2793\" data-end=\"2822\">odporno\u015bci\u0105 na dzia\u0142anie wody<\/p>\n<\/li>\n<\/ul>\n<p data-start=\"2824\" data-end=\"2929\">Dzi\u0119ki temu element ten dobrze sprawdza si\u0119 w trudnych warunkach panuj\u0105cych w gospodarstwach hodowlanych.<\/p>\n<h2 data-section-id=\"10gtjka\" data-start=\"2931\" data-end=\"2953\">Chromowana spr\u0119\u017cyna<\/h2>\n<p data-start=\"2955\" data-end=\"3059\">Zaw\u00f3r wyposa\u017cony jest w <strong data-start=\"2979\" data-end=\"3002\">chromowan\u0105 spr\u0119\u017cyn\u0119<\/strong>, kt\u00f3ra odpowiada za prawid\u0142owe zamykanie przep\u0142ywu wody.<\/p>\n<p data-start=\"3061\" data-end=\"3079\">Spr\u0119\u017cyna zapewnia:<\/p>\n<ul data-start=\"3081\" data-end=\"3165\">\n<li data-section-id=\"171aim\" data-start=\"3081\" data-end=\"3109\">\n<p data-start=\"3083\" data-end=\"3109\">szybkie zamykanie zaworu<\/p>\n<\/li>\n<li data-section-id=\"tvs7oe\" data-start=\"3110\" data-end=\"3145\">\n<p data-start=\"3112\" data-end=\"3145\">prawid\u0142owe dzia\u0142anie mechanizmu<\/p>\n<\/li>\n<li data-section-id=\"cpgr6q\" data-start=\"3146\" data-end=\"3165\">\n<p data-start=\"3148\" data-end=\"3165\">trwa\u0142o\u015b\u0107 elementu<\/p>\n<\/li>\n<\/ul>\n<p data-start=\"3167\" data-end=\"3240\">Chromowanie dodatkowo zwi\u0119ksza odporno\u015b\u0107 spr\u0119\u017cyny na wilgo\u0107 oraz korozj\u0119.<\/p>\n<h2 data-section-id=\"kgy6bi\" data-start=\"3242\" data-end=\"3258\">W\u0142oski O-ring<\/h2>\n<p data-start=\"3260\" data-end=\"3365\">Bardzo wa\u017cnym elementem zaworu jest r\u00f3wnie\u017c <strong data-start=\"3304\" data-end=\"3333\">uszczelnienie typu O-ring<\/strong>, kt\u00f3re zapobiega wyciekom wody.<\/p>\n<p data-start=\"3367\" data-end=\"3406\">Zastosowany <strong data-start=\"3379\" data-end=\"3396\">w\u0142oski O-ring<\/strong> zapewnia:<\/p>\n<ul data-start=\"3408\" data-end=\"3487\">\n<li data-section-id=\"cq1nlo\" data-start=\"3408\" data-end=\"3430\">\n<p data-start=\"3410\" data-end=\"3430\">szczelno\u015b\u0107 systemu<\/p>\n<\/li>\n<li data-section-id=\"1xw9xt1\" data-start=\"3431\" data-end=\"3464\">\n<p data-start=\"3433\" data-end=\"3464\">d\u0142ug\u0105 \u017cywotno\u015b\u0107 uszczelnienia<\/p>\n<\/li>\n<li data-section-id=\"bbzdvd\" data-start=\"3465\" data-end=\"3487\">\n<p data-start=\"3467\" data-end=\"3487\">odporno\u015b\u0107 na zu\u017cycie<\/p>\n<\/li>\n<\/ul>\n<p data-start=\"3489\" data-end=\"3573\">Dzi\u0119ki temu zaw\u00f3r mo\u017ce pracowa\u0107 przez d\u0142ugi czas bez konieczno\u015bci wymiany uszczelek.<\/p>\n<h2 data-section-id=\"1fdtt8j\" data-start=\"3575\" data-end=\"3617\">Dlaczego sprawne poid\u0142o jest tak wa\u017cne?<\/h2>\n<p data-start=\"3619\" data-end=\"3739\">Sta\u0142y dost\u0119p do wody jest jednym z podstawowych czynnik\u00f3w wp\u0142ywaj\u0105cych na zdrowie oraz wydajno\u015b\u0107 zwierz\u0105t gospodarskich.<\/p>\n<p data-start=\"3741\" data-end=\"3775\">Odpowiednie nawodnienie wp\u0142ywa na:<\/p>\n<ul data-start=\"3777\" data-end=\"3869\">\n<li data-section-id=\"7dktsg\" data-start=\"3777\" data-end=\"3801\">\n<p data-start=\"3779\" data-end=\"3801\">prawid\u0142owe trawienie<\/p>\n<\/li>\n<li data-section-id=\"16e7eox\" data-start=\"3802\" data-end=\"3821\">\n<p data-start=\"3804\" data-end=\"3821\">produkcj\u0119 mleka<\/p>\n<\/li>\n<li data-section-id=\"1rabm87\" data-start=\"3822\" data-end=\"3841\">\n<p data-start=\"3824\" data-end=\"3841\">wzrost zwierz\u0105t<\/p>\n<\/li>\n<li data-section-id=\"1ahash9\" data-start=\"3842\" data-end=\"3869\">\n<p data-start=\"3844\" data-end=\"3869\">og\u00f3ln\u0105 kondycj\u0119 organizmu<\/p>\n<\/li>\n<\/ul>\n<p data-start=\"3871\" data-end=\"3978\">Dlatego sprawny system pojenia jest niezwykle wa\u017cny w ka\u017cdym gospodarstwie zajmuj\u0105cym si\u0119 hodowl\u0105 zwierz\u0105t.<\/p>\n<h2 data-section-id=\"yr88c0\" data-start=\"3980\" data-end=\"4007\">Zalety zaworu j\u0119zykowego<\/h2>\n<p data-start=\"4009\" data-end=\"4071\">Zaw\u00f3r do poide\u0142 dla zwierz\u0105t posiada wiele praktycznych zalet:<\/p>\n<ul data-start=\"4073\" data-end=\"4263\">\n<li data-section-id=\"yrevbn\" data-start=\"4073\" data-end=\"4111\">\n<p data-start=\"4075\" data-end=\"4111\">pasuje do wi\u0119kszo\u015bci modeli poide\u0142<\/p>\n<\/li>\n<li data-section-id=\"nutm21\" data-start=\"4112\" data-end=\"4144\">\n<p data-start=\"4114\" data-end=\"4144\">wykonany z trwa\u0142ego mosi\u0105dzu<\/p>\n<\/li>\n<li data-section-id=\"ktzbu\" data-start=\"4145\" data-end=\"4176\">\n<p data-start=\"4147\" data-end=\"4176\">posiada chromowan\u0105 spr\u0119\u017cyn\u0119<\/p>\n<\/li>\n<li data-section-id=\"175nx85\" data-start=\"4177\" data-end=\"4224\">\n<p data-start=\"4179\" data-end=\"4224\">wyposa\u017cony w wysokiej jako\u015bci uszczelnienie<\/p>\n<\/li>\n<li data-section-id=\"1ew1lnb\" data-start=\"4225\" data-end=\"4263\">\n<p data-start=\"4227\" data-end=\"4263\">zapewnia prawid\u0142owe dzia\u0142anie poid\u0142a<\/p>\n<\/li>\n<\/ul>\n<p data-start=\"4265\" data-end=\"4346\">Dzi\u0119ki tym cechom element ten jest cz\u0119sto stosowany w gospodarstwach hodowlanych.<\/p>\n<h2 data-section-id=\"u6pwb7\" data-start=\"4348\" data-end=\"4364\">Prosty monta\u017c<\/h2>\n<p data-start=\"4366\" data-end=\"4579\">Zaw\u00f3r do poid\u0142a mo\u017cna zamontowa\u0107 w prosty spos\u00f3b w wi\u0119kszo\u015bci modeli poide\u0142 dla zwierz\u0105t. W przypadku zu\u017cycia starego elementu wystarczy wymieni\u0107 zaw\u00f3r na nowy, aby przywr\u00f3ci\u0107 prawid\u0142owe dzia\u0142anie systemu pojenia.<\/p>\n<p data-start=\"4581\" data-end=\"4719\">Regularna kontrola oraz wymiana zu\u017cytych element\u00f3w instalacji wodnej pozwala unikn\u0105\u0107 awarii oraz zapewni\u0107 zwierz\u0119tom sta\u0142y dost\u0119p do wody.<\/p>\n<h2 data-section-id=\"1pmrlxq\" data-start=\"4721\" data-end=\"4736\">Podsumowanie<\/h2>\n<p data-start=\"4738\" data-end=\"5145\">Zaw\u00f3r j\u0119zykowy do poide\u0142 dla zwierz\u0105t jest niewielkim, ale bardzo wa\u017cnym elementem systemu pojenia w gospodarstwach hodowlanych. Wykonanie z mosi\u0105dzu, zastosowanie chromowanej spr\u0119\u017cyny oraz wysokiej jako\u015bci uszczelnienia sprawiaj\u0105, \u017ce element ten jest trwa\u0142y i niezawodny. Dzi\u0119ki uniwersalnej konstrukcji zaw\u00f3r pasuje do wielu modeli poide\u0142 i mo\u017ce by\u0107 stosowany zar\u00f3wno w hodowli byd\u0142a, jak i owiec czy k\u00f3z.<\/p>\n","protected":false},"excerpt":{"rendered":"<p>Zaw\u00f3r do poid\u0142a dla zwierz\u0105t (j\u0119zykowy) wykonany z mosi\u0105dzu, wyposa\u017cony w chromowan\u0105 spr\u0119\u017cyn\u0119 oraz uszczelnienie typu w\u0142oski O-ring. Pasuje do wi\u0119kszo\u015bci automatycznych poide\u0142 dla zwierz\u0105t i zapewnia niezawodne doprowadzanie wody. Produkt obj\u0119ty jest 2-letni\u0105 gwarancj\u0105.<\/p>\n","protected":false},"featured_media":3218,"comment_status":"open","ping_status":"closed","template":"","meta":[],"product_brand":[],"product_cat":[331],"product_tag":[849,852,845,846,847,854,853,848,850,851],"class_list":{"0":"post-3217","1":"product","2":"type-product","3":"status-publish","4":"has-post-thumbnail","6":"product_cat-poidla-dla-bydla","7":"product_tag-czesci-do-poidel-dla-zwierzat","8":"product_tag-czesci-do-poidel-hodowlanych","9":"product_tag-zawor-do-poidla","10":"product_tag-zawor-do-poidla-dla-bydla","11":"product_tag-zawor-do-poidla-dla-zwierzat","12":"product_tag-zawor-do-poidla-kozy","13":"product_tag-zawor-do-poidla-owce","14":"product_tag-zawor-jezykowy-do-poidla","15":"product_tag-zawor-poidla-bydlo","16":"product_tag-zawor-poidla-krowy","18":"first","19":"instock","20":"shipping-taxable","21":"purchasable","22":"product-type-simple"},"_links":{"self":[{"href":"https:\/\/rollnikow.you2.pl\/index.php\/wp-json\/wp\/v2\/product\/3217","targetHints":{"allow":["GET"]}}],"collection":[{"href":"https:\/\/rollnikow.you2.pl\/index.php\/wp-json\/wp\/v2\/product"}],"about":[{"href":"https:\/\/rollnikow.you2.pl\/index.php\/wp-json\/wp\/v2\/types\/product"}],"replies":[{"embeddable":true,"href":"https:\/\/rollnikow.you2.pl\/index.php\/wp-json\/wp\/v2\/comments?post=3217"}],"version-history":[{"count":2,"href":"https:\/\/rollnikow.you2.pl\/index.php\/wp-json\/wp\/v2\/product\/3217\/revisions"}],"predecessor-version":[{"id":3221,"href":"https:\/\/rollnikow.you2.pl\/index.php\/wp-json\/wp\/v2\/product\/3217\/revisions\/3221"}],"wp:featuredmedia":[{"embeddable":true,"href":"https:\/\/rollnikow.you2.pl\/index.php\/wp-json\/wp\/v2\/media\/3218"}],"wp:attachment":[{"href":"https:\/\/rollnikow.you2.pl\/index.php\/wp-json\/wp\/v2\/media?parent=3217"}],"wp:term":[{"taxonomy":"product_brand","embeddable":true,"href":"https:\/\/rollnikow.you2.pl\/index.php\/wp-json\/wp\/v2\/product_brand?post=3217"},{"taxonomy":"product_cat","embeddable":true,"href":"https:\/\/rollnikow.you2.pl\/index.php\/wp-json\/wp\/v2\/product_cat?post=3217"},{"taxonomy":"product_tag","embeddable":true,"href":"https:\/\/rollnikow.you2.pl\/index.php\/wp-json\/wp\/v2\/product_tag?post=3217"}],"curies":[{"name":"wp","href":"https:\/\/api.w.org\/{rel}","templated":true}]}}