{"id":3229,"date":"2026-03-08T20:11:07","date_gmt":"2026-03-08T19:11:07","guid":{"rendered":"https:\/\/rollnikow.you2.pl\/?post_type=product&#038;p=3229"},"modified":"2026-03-08T20:11:10","modified_gmt":"2026-03-08T19:11:10","slug":"obejma-montazowa","status":"publish","type":"product","link":"https:\/\/rollnikow.you2.pl\/index.php\/produkt\/obejma-montazowa\/","title":{"rendered":"Obejma monta\u017cowa"},"content":{"rendered":"<h1 data-section-id=\"1ft2neu\" data-start=\"862\" data-end=\"928\">Obejma monta\u017cowa \u2013 praktyczny element instalacji w gospodarstwie<\/h1>\n<p data-start=\"930\" data-end=\"1274\">W gospodarstwach rolnych oraz hodowlanych stosuje si\u0119 wiele element\u00f3w instalacyjnych, kt\u00f3re pozwalaj\u0105 na stabilny monta\u017c r\u00f3\u017cnych urz\u0105dze\u0144 i konstrukcji. Jednym z takich element\u00f3w jest <strong data-start=\"1114\" data-end=\"1134\">obejma monta\u017cowa<\/strong>, kt\u00f3ra umo\u017cliwia solidne mocowanie element\u00f3w instalacji wodnej, konstrukcji stalowych czy innych cz\u0119\u015bci wyposa\u017cenia budynk\u00f3w gospodarczych. Produkt z kategorii <a href=\"https:\/\/rollnikow.you2.pl\/index.php\/kategoria-produktu\/sprzet-do-hodowli-zwierzat\/\">Sprz\u0119t do hodowli zwierz\u0105t<\/a>.<\/p>\n<p data-start=\"1276\" data-end=\"1505\">Prezentowana <strong data-start=\"1289\" data-end=\"1318\">obejma stalowa ocynkowana<\/strong> zosta\u0142a zaprojektowana z my\u015bl\u0105 o zastosowaniu w trudnych warunkach panuj\u0105cych w gospodarstwach rolnych. Dzi\u0119ki swojej konstrukcji element ten zapewnia trwa\u0142o\u015b\u0107 oraz stabilno\u015b\u0107 mocowania.<\/p>\n<h2 data-section-id=\"1gxx7fi\" data-start=\"1507\" data-end=\"1540\">Zastosowanie obejm monta\u017cowych<\/h2>\n<p data-start=\"1542\" data-end=\"1726\">Obejmy monta\u017cowe s\u0105 bardzo uniwersalnym elementem instalacyjnym. Stosowane s\u0105 w wielu r\u00f3\u017cnych miejscach w gospodarstwie, gdzie konieczne jest stabilne zamocowanie element\u00f3w instalacji.<\/p>\n<p data-start=\"1728\" data-end=\"1775\">Najcz\u0119\u015bciej wykorzystywane s\u0105 mi\u0119dzy innymi do:<\/p>\n<ul data-start=\"1777\" data-end=\"1945\">\n<li data-section-id=\"1kpvzn6\" data-start=\"1777\" data-end=\"1812\">\n<p data-start=\"1779\" data-end=\"1812\">mocowania rur instalacji wodnej<\/p>\n<\/li>\n<li data-section-id=\"1v7tbom\" data-start=\"1813\" data-end=\"1854\">\n<p data-start=\"1815\" data-end=\"1854\">monta\u017cu element\u00f3w poide\u0142 dla zwierz\u0105t<\/p>\n<\/li>\n<li data-section-id=\"8lyq5d\" data-start=\"1855\" data-end=\"1894\">\n<p data-start=\"1857\" data-end=\"1894\">stabilizacji konstrukcji metalowych<\/p>\n<\/li>\n<li data-section-id=\"64c8dl\" data-start=\"1895\" data-end=\"1945\">\n<p data-start=\"1897\" data-end=\"1945\">mocowania element\u00f3w wyposa\u017cenia obory lub stajni<\/p>\n<\/li>\n<\/ul>\n<p data-start=\"1947\" data-end=\"2047\">Dzi\u0119ki swojej prostocie obejmy monta\u017cowe s\u0105 powszechnie stosowane w wielu instalacjach technicznych.<\/p>\n<h2 data-section-id=\"dh9jx8\" data-start=\"2049\" data-end=\"2088\">Materia\u0142 wykonania \u2013 stal ocynkowana<\/h2>\n<p data-start=\"2090\" data-end=\"2223\">Obejma zosta\u0142a wykonana ze <strong data-start=\"2117\" data-end=\"2138\">stali ocynkowanej<\/strong>, kt\u00f3ra charakteryzuje si\u0119 dobr\u0105 odporno\u015bci\u0105 na korozj\u0119 oraz uszkodzenia mechaniczne.<\/p>\n<p data-start=\"2225\" data-end=\"2256\">Galwanizowana pow\u0142oka ochronna:<\/p>\n<ul data-start=\"2258\" data-end=\"2369\">\n<li data-section-id=\"s2rf8y\" data-start=\"2258\" data-end=\"2290\">\n<p data-start=\"2260\" data-end=\"2290\">chroni element przed korozj\u0105<\/p>\n<\/li>\n<li data-section-id=\"1v2q9a9\" data-start=\"2291\" data-end=\"2321\">\n<p data-start=\"2293\" data-end=\"2321\">zwi\u0119ksza trwa\u0142o\u015b\u0107 produktu<\/p>\n<\/li>\n<li data-section-id=\"12fus7k\" data-start=\"2322\" data-end=\"2369\">\n<p data-start=\"2324\" data-end=\"2369\">pozwala na u\u017cytkowanie w wilgotnym \u015brodowisku<\/p>\n<\/li>\n<\/ul>\n<p data-start=\"2371\" data-end=\"2501\">Dzi\u0119ki temu obejma mo\u017ce by\u0107 stosowana w budynkach gospodarczych, gdzie panuj\u0105 trudne warunki, takie jak wilgo\u0107 czy kontakt z wod\u0105.<\/p>\n<h2 data-section-id=\"1hw3fob\" data-start=\"2503\" data-end=\"2546\">Obejma monta\u017cowa &#8211; Znaczenie trwa\u0142ych element\u00f3w monta\u017cowych<\/h2>\n<p data-start=\"2548\" data-end=\"2755\">W instalacjach wykorzystywanych w gospodarstwach hodowlanych bardzo wa\u017cna jest trwa\u0142o\u015b\u0107 element\u00f3w monta\u017cowych. Nawet niewielkie cz\u0119\u015bci, takie jak obejmy, maj\u0105 du\u017ce znaczenie dla stabilno\u015bci ca\u0142ej instalacji.<\/p>\n<p data-start=\"2757\" data-end=\"2793\">Solidne elementy monta\u017cowe pomagaj\u0105:<\/p>\n<ul data-start=\"2795\" data-end=\"2905\">\n<li data-section-id=\"8t5wgz\" data-start=\"2795\" data-end=\"2829\">\n<p data-start=\"2797\" data-end=\"2829\">utrzyma\u0107 stabilno\u015b\u0107 instalacji<\/p>\n<\/li>\n<li data-section-id=\"g8mdta\" data-start=\"2830\" data-end=\"2866\">\n<p data-start=\"2832\" data-end=\"2866\">zapobiega\u0107 poluzowaniu element\u00f3w<\/p>\n<\/li>\n<li data-section-id=\"1eokjzz\" data-start=\"2867\" data-end=\"2905\">\n<p data-start=\"2869\" data-end=\"2905\">zwi\u0119kszy\u0107 bezpiecze\u0144stwo u\u017cytkowania<\/p>\n<\/li>\n<\/ul>\n<p data-start=\"2907\" data-end=\"3035\">Dlatego w gospodarstwach cz\u0119sto stosuje si\u0119 elementy wykonane z trwa\u0142ych materia\u0142\u00f3w, kt\u00f3re dobrze znosz\u0105 intensywne u\u017cytkowanie.<\/p>\n<h2 data-section-id=\"9m1ox5\" data-start=\"3037\" data-end=\"3059\">Nakr\u0119tki w zestawie<\/h2>\n<p data-start=\"3061\" data-end=\"3171\">Produkt sprzedawany jest razem z <strong data-start=\"3094\" data-end=\"3120\">nakr\u0119tkami monta\u017cowymi<\/strong>, kt\u00f3re umo\u017cliwiaj\u0105 szybki i wygodny monta\u017c obejmy.<\/p>\n<p data-start=\"3173\" data-end=\"3298\">Dzi\u0119ki temu u\u017cytkownik nie musi dokupowa\u0107 dodatkowych element\u00f3w monta\u017cowych. Obejma jest gotowa do u\u017cycia od razu po zakupie.<\/p>\n<h2 data-section-id=\"v78f4q\" data-start=\"3300\" data-end=\"3315\">\u0141atwy monta\u017c<\/h2>\n<p data-start=\"3317\" data-end=\"3500\">Jedn\u0105 z zalet obejmy monta\u017cowej jest bardzo prosty spos\u00f3b instalacji. Monta\u017c polega na umieszczeniu obejmy wok\u00f3\u0142 elementu, kt\u00f3ry ma zosta\u0107 zamocowany, a nast\u0119pnie dokr\u0119ceniu nakr\u0119tek.<\/p>\n<p data-start=\"3502\" data-end=\"3522\">Taki system monta\u017cu:<\/p>\n<ul data-start=\"3524\" data-end=\"3611\">\n<li data-section-id=\"ab9ccw\" data-start=\"3524\" data-end=\"3539\">\n<p data-start=\"3526\" data-end=\"3539\">jest szybki<\/p>\n<\/li>\n<li data-section-id=\"czjjp3\" data-start=\"3540\" data-end=\"3581\">\n<p data-start=\"3542\" data-end=\"3581\">nie wymaga specjalistycznych narz\u0119dzi<\/p>\n<\/li>\n<li data-section-id=\"1mpez47\" data-start=\"3582\" data-end=\"3611\">\n<p data-start=\"3584\" data-end=\"3611\">zapewnia stabilne mocowanie<\/p>\n<\/li>\n<\/ul>\n<p data-start=\"3613\" data-end=\"3702\">Dzi\u0119ki temu obejmy s\u0105 bardzo praktycznym rozwi\u0105zaniem w codziennej pracy w gospodarstwie.<\/p>\n<h2 data-section-id=\"12il8cv\" data-start=\"3704\" data-end=\"3738\">Zastosowanie w hodowli zwierz\u0105t<\/h2>\n<p data-start=\"3740\" data-end=\"3974\">Obejmy monta\u017cowe znajduj\u0105 szerokie zastosowanie w gospodarstwach zajmuj\u0105cych si\u0119 hodowl\u0105 zwierz\u0105t. Stosowane s\u0105 mi\u0119dzy innymi przy instalacjach wodnych, systemach pojenia oraz r\u00f3\u017cnych elementach konstrukcyjnych budynk\u00f3w inwentarskich.<\/p>\n<p data-start=\"3976\" data-end=\"4111\">W gospodarstwach hodowlanych obejmy pomagaj\u0105 utrzyma\u0107 stabilno\u015b\u0107 instalacji oraz zapewniaj\u0105 bezpieczne mocowanie element\u00f3w wyposa\u017cenia.<\/p>\n<h2 data-section-id=\"nialtj\" data-start=\"124\" data-end=\"175\">Zastosowanie w instalacjach wodnych dla zwierz\u0105t<\/h2>\n<p data-start=\"177\" data-end=\"530\">Obejmy monta\u017cowe s\u0105 cz\u0119sto wykorzystywane w instalacjach wodnych stosowanych w gospodarstwach hodowlanych. Umo\u017cliwiaj\u0105 stabilne mocowanie przewod\u00f3w, rur oraz innych element\u00f3w system\u00f3w pojenia zwierz\u0105t. Dzi\u0119ki temu instalacja wodna pozostaje na swoim miejscu nawet podczas intensywnego u\u017cytkowania w oborach, stajniach czy innych budynkach gospodarczych.<\/p>\n<p data-start=\"532\" data-end=\"845\">W systemach pojenia bardzo wa\u017cne jest prawid\u0142owe zamocowanie wszystkich element\u00f3w instalacji. Lu\u017ane przewody lub niestabilne elementy mog\u0105 powodowa\u0107 przecieki lub utrudnia\u0107 prawid\u0142owe dzia\u0142anie poide\u0142. Obejma monta\u017cowa pozwala utrzyma\u0107 instalacj\u0119 w odpowiednim po\u0142o\u017ceniu i zwi\u0119ksza bezpiecze\u0144stwo jej u\u017cytkowania.<\/p>\n<h2 data-section-id=\"1pwn3a8\" data-start=\"847\" data-end=\"904\">Dlaczego warto stosowa\u0107 ocynkowane elementy monta\u017cowe?<\/h2>\n<p data-start=\"906\" data-end=\"1205\">W gospodarstwach rolnych elementy monta\u017cowe s\u0105 cz\u0119sto nara\u017cone na dzia\u0142anie wilgoci, wody oraz zmiennych warunk\u00f3w atmosferycznych. Dlatego bardzo wa\u017cne jest stosowanie materia\u0142\u00f3w odpornych na korozj\u0119. Galwanizowana stal, z kt\u00f3rej wykonana jest obejma, zapewnia odpowiedni\u0105 ochron\u0119 przed rdzewieniem.<\/p>\n<p data-start=\"1207\" data-end=\"1521\" data-is-last-node=\"\" data-is-only-node=\"\">Dzi\u0119ki ocynkowanej pow\u0142oce element zachowuje swoj\u0105 trwa\u0142o\u015b\u0107 przez d\u0142ugi czas nawet w trudnych warunkach panuj\u0105cych w budynkach inwentarskich. To sprawia, \u017ce obejma jest praktycznym rozwi\u0105zaniem w instalacjach stosowanych w gospodarstwach hodowlanych, gdzie liczy si\u0119 trwa\u0142o\u015b\u0107 oraz niezawodno\u015b\u0107 u\u017cywanych element\u00f3w.<\/p>\n<h2 data-section-id=\"1pmrlxq\" data-start=\"4113\" data-end=\"4128\">Podsumowanie<\/h2>\n<p data-start=\"4130\" data-end=\"4575\">Obejma monta\u017cowa wykonana z ocynkowanej stali to prosty, ale bardzo praktyczny element instalacyjny stosowany w gospodarstwach rolnych i hodowlanych. Dzi\u0119ki solidnemu wykonaniu oraz pow\u0142oce galwanicznej produkt jest odporny na wilgo\u0107 i intensywne u\u017cytkowanie. Do\u0142\u0105czone nakr\u0119tki monta\u017cowe umo\u017cliwiaj\u0105 szybkie zamocowanie elementu, co sprawia, \u017ce obejma jest wygodnym i funkcjonalnym rozwi\u0105zaniem w wielu instalacjach stosowanych w gospodarstwie.<\/p>\n","protected":false},"excerpt":{"rendered":"<p>Obejma monta\u017cowa wykonana z ocynkowanej stali przeznaczona do mocowania element\u00f3w instalacji w gospodarstwie. Produkt sprzedawany jest pojedynczo i zawiera nakr\u0119tki monta\u017cowe w zestawie.<\/p>\n","protected":false},"featured_media":3230,"comment_status":"open","ping_status":"closed","template":"","meta":[],"product_brand":[],"product_cat":[327],"product_tag":[849,875,874,873,871,872,876,868,870,869],"class_list":{"0":"post-3229","1":"product","2":"type-product","3":"status-publish","4":"has-post-thumbnail","6":"product_cat-sprzet-do-hodowli-zwierzat","7":"product_tag-czesci-do-poidel-dla-zwierzat","8":"product_tag-elementy-montazowe-do-gospodarstwa","9":"product_tag-obejma-do-instalacji-wodnej","10":"product_tag-obejma-do-poidla","11":"product_tag-obejma-do-rur","12":"product_tag-obejma-instalacyjna","13":"product_tag-obejma-metalowa","14":"product_tag-obejma-montazowa","15":"product_tag-obejma-ocynkowana","16":"product_tag-obejma-stalowa","18":"first","19":"instock","20":"shipping-taxable","21":"purchasable","22":"product-type-simple"},"_links":{"self":[{"href":"https:\/\/rollnikow.you2.pl\/index.php\/wp-json\/wp\/v2\/product\/3229","targetHints":{"allow":["GET"]}}],"collection":[{"href":"https:\/\/rollnikow.you2.pl\/index.php\/wp-json\/wp\/v2\/product"}],"about":[{"href":"https:\/\/rollnikow.you2.pl\/index.php\/wp-json\/wp\/v2\/types\/product"}],"replies":[{"embeddable":true,"href":"https:\/\/rollnikow.you2.pl\/index.php\/wp-json\/wp\/v2\/comments?post=3229"}],"version-history":[{"count":1,"href":"https:\/\/rollnikow.you2.pl\/index.php\/wp-json\/wp\/v2\/product\/3229\/revisions"}],"predecessor-version":[{"id":3233,"href":"https:\/\/rollnikow.you2.pl\/index.php\/wp-json\/wp\/v2\/product\/3229\/revisions\/3233"}],"wp:featuredmedia":[{"embeddable":true,"href":"https:\/\/rollnikow.you2.pl\/index.php\/wp-json\/wp\/v2\/media\/3230"}],"wp:attachment":[{"href":"https:\/\/rollnikow.you2.pl\/index.php\/wp-json\/wp\/v2\/media?parent=3229"}],"wp:term":[{"taxonomy":"product_brand","embeddable":true,"href":"https:\/\/rollnikow.you2.pl\/index.php\/wp-json\/wp\/v2\/product_brand?post=3229"},{"taxonomy":"product_cat","embeddable":true,"href":"https:\/\/rollnikow.you2.pl\/index.php\/wp-json\/wp\/v2\/product_cat?post=3229"},{"taxonomy":"product_tag","embeddable":true,"href":"https:\/\/rollnikow.you2.pl\/index.php\/wp-json\/wp\/v2\/product_tag?post=3229"}],"curies":[{"name":"wp","href":"https:\/\/api.w.org\/{rel}","templated":true}]}}