{"id":3278,"date":"2026-03-14T16:47:16","date_gmt":"2026-03-14T15:47:16","guid":{"rendered":"https:\/\/rollnikow.you2.pl\/?post_type=product&#038;p=3278"},"modified":"2026-03-14T16:47:20","modified_gmt":"2026-03-14T15:47:20","slug":"automatyczna-szczotka-dla-bydla-2","status":"publish","type":"product","link":"https:\/\/rollnikow.you2.pl\/index.php\/produkt\/automatyczna-szczotka-dla-bydla-2\/","title":{"rendered":"Automatyczna szczotka dla byd\u0142a"},"content":{"rendered":"<h1 data-section-id=\"rzwxii\" data-start=\"720\" data-end=\"781\">Automatyczna szczotka dla byd\u0142a \u2013 szczotka masuj\u0105ca dla kr\u00f3w<\/h1>\n<p data-start=\"783\" data-end=\"1184\">Automatyczna szczotka dla byd\u0142a (masuj\u0105ca) to jedno z najcz\u0119\u015bciej stosowanych urz\u0105dze\u0144 poprawiaj\u0105cych dobrostan zwierz\u0105t w nowoczesnych gospodarstwach. Umo\u017cliwia krowom samodzielne czyszczenie sier\u015bci oraz masa\u017c cia\u0142a w dowolnym momencie dnia. Urz\u0105dzenie uruchamia si\u0119 automatycznie w momencie kontaktu zwierz\u0119cia ze szczotk\u0105, dzi\u0119ki czemu krowa mo\u017ce korzysta\u0107 z niej wtedy, kiedy odczuwa tak\u0105 potrzeb\u0119.<\/p>\n<p data-start=\"1186\" data-end=\"1492\">Szczotka obraca si\u0119 w r\u00f3\u017cnych kierunkach i dopasowuje si\u0119 do naturalnych ruch\u00f3w zwierz\u0119cia, zapewniaj\u0105c komfortowy masa\u017c oraz dok\u0142adne czyszczenie sier\u015bci. Dzi\u0119ki odpowiednio dobranej d\u0142ugo\u015bci i twardo\u015bci w\u0142osia szczotka skutecznie usuwa kurz, brud oraz martwe w\u0142osy, jednocze\u015bnie pobudzaj\u0105c kr\u0105\u017cenie krwi.<\/p>\n<p data-start=\"1494\" data-end=\"1820\">Regularne korzystanie ze szczotki pomaga ograniczy\u0107 stres zwierz\u0105t, poprawia ich higien\u0119 oraz wspiera zdrowie sk\u00f3ry. W gospodarstwach mlecznych stosowanie szczotek automatycznych cz\u0119sto przyczynia si\u0119 r\u00f3wnie\u017c do poprawy produkcji mleka, poniewa\u017c spokojne i zadbane zwierz\u0119ta charakteryzuj\u0105 si\u0119 lepszymi wynikami produkcyjnymi.<\/p>\n<hr data-start=\"1822\" data-end=\"1825\" \/>\n<h2 data-section-id=\"7tj198\" data-start=\"1827\" data-end=\"1872\">Jak dzia\u0142a automatyczna szczotka dla byd\u0142a<\/h2>\n<p data-start=\"1874\" data-end=\"2101\">Szczotka zosta\u0142a wyposa\u017cona w system automatycznego uruchamiania. Gdy krowa oprze si\u0119 o urz\u0105dzenie, szczotka zaczyna si\u0119 obraca\u0107 i dostosowuje kierunek obrot\u00f3w do ruchu zwierz\u0119cia. Dzi\u0119ki temu masa\u017c jest naturalny i komfortowy.<\/p>\n<p data-start=\"2103\" data-end=\"2159\">Obrotowa konstrukcja pozwala czy\u015bci\u0107 r\u00f3\u017cne partie cia\u0142a:<\/p>\n<ul data-start=\"2161\" data-end=\"2213\">\n<li data-section-id=\"16fj28r\" data-start=\"2161\" data-end=\"2169\">\n<p data-start=\"2163\" data-end=\"2169\">kark<\/p>\n<\/li>\n<li data-section-id=\"ar4ldp\" data-start=\"2170\" data-end=\"2181\">\n<p data-start=\"2172\" data-end=\"2181\">grzbiet<\/p>\n<\/li>\n<li data-section-id=\"1qcoi33\" data-start=\"2182\" data-end=\"2196\">\n<p data-start=\"2184\" data-end=\"2196\">boki cia\u0142a<\/p>\n<\/li>\n<li data-section-id=\"1p8k3zt\" data-start=\"2197\" data-end=\"2213\">\n<p data-start=\"2199\" data-end=\"2213\">okolice szyi<\/p>\n<\/li>\n<\/ul>\n<p data-start=\"2215\" data-end=\"2351\">Takie rozwi\u0105zanie umo\u017cliwia dok\u0142adne czyszczenie sier\u015bci nawet w miejscach, do kt\u00f3rych zwierz\u0119 nie ma mo\u017cliwo\u015bci samodzielnego dotarcia.<\/p>\n<hr data-start=\"2353\" data-end=\"2356\" \/>\n<h2 data-section-id=\"6qq9gp\" data-start=\"2358\" data-end=\"2381\">Korzy\u015bci dla hodowcy<\/h2>\n<p data-start=\"2383\" data-end=\"2491\">Stosowanie automatycznych szczotek w oborze przynosi wiele korzy\u015bci zar\u00f3wno dla zwierz\u0105t, jak i dla hodowcy.<\/p>\n<p data-start=\"2493\" data-end=\"2517\">Najwa\u017cniejsze zalety to:<\/p>\n<ul data-start=\"2519\" data-end=\"2707\">\n<li data-section-id=\"13a9zn7\" data-start=\"2519\" data-end=\"2550\">\n<p data-start=\"2521\" data-end=\"2550\">poprawa dobrostanu zwierz\u0105t<\/p>\n<\/li>\n<li data-section-id=\"mzij3z\" data-start=\"2551\" data-end=\"2584\">\n<p data-start=\"2553\" data-end=\"2584\">ograniczenie stresu w stadzie<\/p>\n<\/li>\n<li data-section-id=\"1jzvesj\" data-start=\"2585\" data-end=\"2612\">\n<p data-start=\"2587\" data-end=\"2612\">poprawa higieny sier\u015bci<\/p>\n<\/li>\n<li data-section-id=\"1nbqu7j\" data-start=\"2613\" data-end=\"2641\">\n<p data-start=\"2615\" data-end=\"2641\">stymulacja kr\u0105\u017cenia krwi<\/p>\n<\/li>\n<li data-section-id=\"arjs37\" data-start=\"2642\" data-end=\"2677\">\n<p data-start=\"2644\" data-end=\"2677\">zmniejszenie problem\u00f3w sk\u00f3rnych<\/p>\n<\/li>\n<li data-section-id=\"150sb1l\" data-start=\"2678\" data-end=\"2707\">\n<p data-start=\"2680\" data-end=\"2707\">poprawa komfortu zwierz\u0105t<\/p>\n<\/li>\n<\/ul>\n<p data-start=\"2709\" data-end=\"2806\">Zwierz\u0119ta ch\u0119tnie korzystaj\u0105 ze szczotek, co sprawia, \u017ce w oborze panuje spokojniejsza atmosfera.<\/p>\n<hr data-start=\"2808\" data-end=\"2811\" \/>\n<h2 data-section-id=\"u4wvni\" data-start=\"2813\" data-end=\"2835\">Solidna konstrukcja<\/h2>\n<p data-start=\"2837\" data-end=\"3061\">Szczotka zosta\u0142a wykonana z trwa\u0142ych materia\u0142\u00f3w przeznaczonych do pracy w trudnych warunkach gospodarskich. W\u0142osie wykonane z wytrzyma\u0142ego tworzywa PP charakteryzuje si\u0119 odpowiedni\u0105 elastyczno\u015bci\u0105 i odporno\u015bci\u0105 na \u015bcieranie.<\/p>\n<p data-start=\"3063\" data-end=\"3141\">Dzi\u0119ki temu szczotka zachowuje swoje w\u0142a\u015bciwo\u015bci przez d\u0142ugi czas u\u017cytkowania.<\/p>\n<hr data-start=\"3143\" data-end=\"3146\" \/>\n<h2 data-section-id=\"yx9w6e\" data-start=\"3148\" data-end=\"3179\">Zastosowanie w gospodarstwie<\/h2>\n<p data-start=\"3181\" data-end=\"3236\">Automatyczna szczotka dla kr\u00f3w znajduje zastosowanie w:<\/p>\n<ul data-start=\"3238\" data-end=\"3349\">\n<li data-section-id=\"6wro4s\" data-start=\"3238\" data-end=\"3269\">\n<p data-start=\"3240\" data-end=\"3269\">oborach wolnostanowiskowych<\/p>\n<\/li>\n<li data-section-id=\"167vt9v\" data-start=\"3270\" data-end=\"3291\">\n<p data-start=\"3272\" data-end=\"3291\">oborach mlecznych<\/p>\n<\/li>\n<li data-section-id=\"hq467f\" data-start=\"3292\" data-end=\"3322\">\n<p data-start=\"3294\" data-end=\"3322\">gospodarstwach hodowlanych<\/p>\n<\/li>\n<li data-section-id=\"1tu2j2n\" data-start=\"3323\" data-end=\"3349\">\n<p data-start=\"3325\" data-end=\"3349\">fermach byd\u0142a mi\u0119snego<\/p>\n<\/li>\n<\/ul>\n<p data-start=\"3351\" data-end=\"3488\">Urz\u0105dzenie jest szczeg\u00f3lnie polecane w gospodarstwach, kt\u00f3re dbaj\u0105 o wysoki poziom dobrostanu zwierz\u0105t oraz nowoczesne wyposa\u017cenie obory.<\/p>\n<h3 data-section-id=\"n1zeks\" data-start=\"96\" data-end=\"154\">Dlaczego warto stosowa\u0107 szczotki automatyczne w oborze<\/h3>\n<p data-start=\"156\" data-end=\"587\">W nowoczesnych gospodarstwach hodowlanych coraz wi\u0119kszy nacisk k\u0142adzie si\u0119 na dobrostan zwierz\u0105t. Automatyczna szczotka dla byd\u0142a jest jednym z element\u00f3w wyposa\u017cenia obory, kt\u00f3ry w prosty spos\u00f3b poprawia komfort \u017cycia kr\u00f3w. Zwierz\u0119ta instynktownie ocieraj\u0105 si\u0119 o r\u00f3\u017cne powierzchnie, aby pozby\u0107 si\u0119 sw\u0119dzenia sk\u00f3ry, kurzu czy martwego w\u0142osia. Dzi\u0119ki zastosowaniu automatycznej szczotki mog\u0105 robi\u0107 to w bezpieczny i skuteczny spos\u00f3b.<\/p>\n<p data-start=\"589\" data-end=\"862\">Regularne korzystanie ze szczotki wp\u0142ywa tak\u017ce na popraw\u0119 higieny stada. Usuwanie zanieczyszcze\u0144 z sier\u015bci ogranicza rozw\u00f3j bakterii oraz paso\u017cyt\u00f3w sk\u00f3rnych, co mo\u017ce pozytywnie wp\u0142ywa\u0107 na zdrowie zwierz\u0105t. Dodatkowo masa\u017c pobudza kr\u0105\u017cenie krwi oraz poprawia kondycj\u0119 sk\u00f3ry.<\/p>\n<p data-start=\"864\" data-end=\"1157\">W wielu gospodarstwach mlecznych obserwuje si\u0119, \u017ce krowy maj\u0105ce dost\u0119p do szczotek s\u0105 spokojniejsze i ch\u0119tniej korzystaj\u0105 z przestrzeni w oborze. Poprawa dobrostanu zwierz\u0105t przek\u0142ada si\u0119 cz\u0119sto na ich lepsz\u0105 kondycj\u0119, co w d\u0142u\u017cszej perspektywie mo\u017ce mie\u0107 wp\u0142yw na wydajno\u015b\u0107 produkcyjn\u0105 stada.<\/p>\n<hr data-start=\"3490\" data-end=\"3493\" \/>\n<h2 data-section-id=\"w06yqn\" data-start=\"3495\" data-end=\"3518\">Parametry techniczne<\/h2>\n<p data-start=\"3520\" data-end=\"3816\">Typ urz\u0105dzenia: automatyczna szczotka dla byd\u0142a<br data-start=\"3567\" data-end=\"3570\" \/>Materia\u0142 w\u0142osia: PP<br data-start=\"3589\" data-end=\"3592\" \/>\u015arednica szczotki: 50 cm<br data-start=\"3616\" data-end=\"3619\" \/>Szeroko\u015b\u0107 szczotki: 60 cm<br data-start=\"3644\" data-end=\"3647\" \/>D\u0142ugo\u015b\u0107 w\u0142osia: 170 mm<br data-start=\"3669\" data-end=\"3672\" \/>Pr\u0119dko\u015b\u0107 obrotowa: ok. 22 obr.\/min<br data-start=\"3706\" data-end=\"3709\" \/>Waga: ok. 70 kg<br data-start=\"3724\" data-end=\"3727\" \/>Kolor: \u017c\u00f3\u0142ty \/ mo\u017cliwo\u015b\u0107 personalizacji<br data-start=\"3766\" data-end=\"3769\" \/>Zastosowanie: masa\u017c i czyszczenie sier\u015bci byd\u0142a<\/p>\n<hr data-start=\"3818\" data-end=\"3821\" \/>\n<h2 data-section-id=\"1pmrlxq\" data-start=\"3823\" data-end=\"3838\">Podsumowanie<\/h2>\n<p data-start=\"3840\" data-end=\"4233\">Automatyczna szczotka dla byd\u0142a to praktyczne rozwi\u0105zanie poprawiaj\u0105ce komfort i zdrowie zwierz\u0105t w gospodarstwie. Regularne korzystanie ze szczotki pomaga utrzyma\u0107 czysto\u015b\u0107 sier\u015bci, pobudza kr\u0105\u017cenie krwi oraz ogranicza stres w stadzie. Jest to urz\u0105dzenie szczeg\u00f3lnie polecane dla nowoczesnych gospodarstw mlecznych i hodowlanych, kt\u00f3re dbaj\u0105 o dobrostan zwierz\u0105t oraz wysok\u0105 jako\u015b\u0107 produkcji.<\/p>\n","protected":false},"excerpt":{"rendered":"<p>Automatyczna szczotka dla byd\u0142a to nowoczesne urz\u0105dzenie poprawiaj\u0105ce dobrostan zwierz\u0105t w oborze. Szczotka uruchamia si\u0119 automatycznie po kontakcie z krow\u0105 i zaczyna si\u0119 obraca\u0107, zapewniaj\u0105c zwierz\u0119tom masa\u017c oraz skuteczne czyszczenie sier\u015bci. Regularne korzystanie ze szczotki pomaga usuwa\u0107 brud, kurz i paso\u017cyty z okrywy w\u0142osowej, a jednocze\u015bnie pobudza kr\u0105\u017cenie krwi. Dzi\u0119ki temu krowy s\u0105 spokojniejsze, zdrowsze i utrzymuj\u0105 lepsz\u0105 kondycj\u0119, co mo\u017ce pozytywnie wp\u0142ywa\u0107 na ich wydajno\u015b\u0107 mleczn\u0105.<\/p>\n","protected":false},"featured_media":3279,"comment_status":"open","ping_status":"closed","template":"","meta":[],"product_brand":[],"product_cat":[520],"product_tag":[902,910,919,905,534,915,908,918,909,912,911,901,914,916,906,903,904,913,917,907],"class_list":{"0":"post-3278","1":"product","2":"type-product","3":"status-publish","4":"has-post-thumbnail","6":"product_cat-czochradla-dla-bydla","7":"product_tag-automatyczna-szczotka-dla-bydla","8":"product_tag-automatyczna-szczotka-obrotowa","9":"product_tag-automatyczne-czochradlo-dla-bydla","10":"product_tag-czochradla-dla-krow","11":"product_tag-czochradlo-dla-bydla","12":"product_tag-czochradlo-obrotowe-dla-krow","13":"product_tag-sprzet-do-hodowli-bydla","14":"product_tag-sprzet-rolniczy-dla-hodowli-bydla","15":"product_tag-szczotka-czyszczaca-dla-krow","16":"product_tag-szczotka-dla-bydla-miesnego","17":"product_tag-szczotka-dla-bydla-mlecznego","18":"product_tag-szczotka-dla-krow","19":"product_tag-szczotka-do-czyszczenia-siersci-krow","20":"product_tag-szczotka-do-masazu-bydla","21":"product_tag-szczotka-do-obory","22":"product_tag-szczotka-masujaca-dla-krow","23":"product_tag-szczotka-obrotowa-dla-bydla","24":"product_tag-urzadzenia-dla-hodowcow-bydla","25":"product_tag-wyposazenie-gospodarstwa-rolnego","26":"product_tag-wyposazenie-obory-dla-bydla","28":"first","29":"instock","30":"shipping-taxable","31":"purchasable","32":"product-type-simple"},"_links":{"self":[{"href":"https:\/\/rollnikow.you2.pl\/index.php\/wp-json\/wp\/v2\/product\/3278","targetHints":{"allow":["GET"]}}],"collection":[{"href":"https:\/\/rollnikow.you2.pl\/index.php\/wp-json\/wp\/v2\/product"}],"about":[{"href":"https:\/\/rollnikow.you2.pl\/index.php\/wp-json\/wp\/v2\/types\/product"}],"replies":[{"embeddable":true,"href":"https:\/\/rollnikow.you2.pl\/index.php\/wp-json\/wp\/v2\/comments?post=3278"}],"version-history":[{"count":1,"href":"https:\/\/rollnikow.you2.pl\/index.php\/wp-json\/wp\/v2\/product\/3278\/revisions"}],"predecessor-version":[{"id":3283,"href":"https:\/\/rollnikow.you2.pl\/index.php\/wp-json\/wp\/v2\/product\/3278\/revisions\/3283"}],"wp:featuredmedia":[{"embeddable":true,"href":"https:\/\/rollnikow.you2.pl\/index.php\/wp-json\/wp\/v2\/media\/3279"}],"wp:attachment":[{"href":"https:\/\/rollnikow.you2.pl\/index.php\/wp-json\/wp\/v2\/media?parent=3278"}],"wp:term":[{"taxonomy":"product_brand","embeddable":true,"href":"https:\/\/rollnikow.you2.pl\/index.php\/wp-json\/wp\/v2\/product_brand?post=3278"},{"taxonomy":"product_cat","embeddable":true,"href":"https:\/\/rollnikow.you2.pl\/index.php\/wp-json\/wp\/v2\/product_cat?post=3278"},{"taxonomy":"product_tag","embeddable":true,"href":"https:\/\/rollnikow.you2.pl\/index.php\/wp-json\/wp\/v2\/product_tag?post=3278"}],"curies":[{"name":"wp","href":"https:\/\/api.w.org\/{rel}","templated":true}]}}