{"id":3289,"date":"2026-03-14T17:57:24","date_gmt":"2026-03-14T16:57:24","guid":{"rendered":"https:\/\/rollnikow.you2.pl\/?post_type=product&#038;p=3289"},"modified":"2026-03-14T17:57:26","modified_gmt":"2026-03-14T16:57:26","slug":"poidlo-dla-bydla-244-m","status":"publish","type":"product","link":"https:\/\/rollnikow.you2.pl\/index.php\/produkt\/poidlo-dla-bydla-244-m\/","title":{"rendered":"Poid\u0142o dla byd\u0142a 2,44 m"},"content":{"rendered":"<h2 data-section-id=\"sd7jui\" data-start=\"179\" data-end=\"229\">Poid\u0142o dla byd\u0142a 2,44 m \u2013 koryto wodne dla byd\u0142a<\/h2>\n<p data-start=\"256\" data-end=\"757\">Koryto wodne dla byd\u0142a o d\u0142ugo\u015bci 2,44 m to praktyczne rozwi\u0105zanie przeznaczone do pojenia zwierz\u0105t w gospodarstwach hodowlanych. Wykonane z trwa\u0142ego tworzywa sztucznego poid\u0142o charakteryzuje si\u0119 odporno\u015bci\u0105 na uszkodzenia mechaniczne, korozj\u0119 oraz dzia\u0142anie czynnik\u00f3w atmosferycznych. Konstrukcja umo\u017cliwia \u0142atwy monta\u017c oraz wygodne u\u017cytkowanie zar\u00f3wno w oborach, jak i na wybiegach. Dzi\u0119ki odpowiedniej pojemno\u015bci i solidnej budowie koryto zapewnia sta\u0142y dost\u0119p do wody dla wi\u0119kszej liczby zwierz\u0105t. Produkt z kategorii <a href=\"https:\/\/rollnikow.you2.pl\/index.php\/kategoria-produktu\/poidla-dla-zwierzat\/poidla-dla-bydla\/\">poid\u0142a dla byd\u0142a<\/a>.<\/p>\n<h2 data-section-id=\"17lzqlo\" data-start=\"781\" data-end=\"833\">Znaczenie sta\u0142ego dost\u0119pu do wody w hodowli byd\u0142a<\/h2>\n<p data-start=\"835\" data-end=\"1131\">Sta\u0142y dost\u0119p do czystej i \u015bwie\u017cej wody jest jednym z najwa\u017cniejszych element\u00f3w prawid\u0142owej hodowli byd\u0142a. Zar\u00f3wno byd\u0142o mleczne, jak i byd\u0142o mi\u0119sne potrzebuje du\u017cej ilo\u015bci wody ka\u017cdego dnia, aby utrzyma\u0107 prawid\u0142owe funkcjonowanie organizmu, odpowiedni\u0105 kondycj\u0119 oraz wysok\u0105 wydajno\u015b\u0107 produkcyjn\u0105.<\/p>\n<p data-start=\"1133\" data-end=\"1418\">W gospodarstwach, w kt\u00f3rych hodowane s\u0105 wi\u0119ksze stada zwierz\u0105t, niezwykle wa\u017cne jest stosowanie odpowiednio du\u017cych i trwa\u0142ych poide\u0142. Koryto wodne dla byd\u0142a pozwala na jednoczesne korzystanie z wody przez kilka zwierz\u0105t, co znacz\u0105co u\u0142atwia organizacj\u0119 pojenia w oborze lub na wybiegu.<\/p>\n<p data-start=\"1420\" data-end=\"1567\">Dzi\u0119ki odpowiednio zaprojektowanej konstrukcji zwierz\u0119ta maj\u0105 wygodny dost\u0119p do wody, co sprzyja ich zdrowiu oraz poprawia komfort w gospodarstwie.<\/p>\n<hr data-start=\"1569\" data-end=\"1572\" \/>\n<h2 data-section-id=\"jb9cog\" data-start=\"1574\" data-end=\"1616\">Solidna konstrukcja z trwa\u0142ego tworzywa<\/h2>\n<p data-start=\"1618\" data-end=\"1811\">Prezentowane poid\u0142o dla byd\u0142a zosta\u0142o wykonane z wytrzyma\u0142ego tworzywa sztucznego, kt\u00f3re charakteryzuje si\u0119 du\u017c\u0105 odporno\u015bci\u0105 na uszkodzenia mechaniczne oraz dzia\u0142anie czynnik\u00f3w atmosferycznych.<\/p>\n<p data-start=\"1813\" data-end=\"1838\">Materia\u0142 jest odporny na:<\/p>\n<ul data-start=\"1840\" data-end=\"1931\">\n<li data-section-id=\"1sey3f9\" data-start=\"1840\" data-end=\"1850\">\n<p data-start=\"1842\" data-end=\"1850\">wilgo\u0107<\/p>\n<\/li>\n<li data-section-id=\"12mh6ii\" data-start=\"1851\" data-end=\"1869\">\n<p data-start=\"1853\" data-end=\"1869\">dzia\u0142anie wody<\/p>\n<\/li>\n<li data-section-id=\"3rydjv\" data-start=\"1870\" data-end=\"1891\">\n<p data-start=\"1872\" data-end=\"1891\">promieniowanie UV<\/p>\n<\/li>\n<li data-section-id=\"hfvsag\" data-start=\"1892\" data-end=\"1903\">\n<p data-start=\"1894\" data-end=\"1903\">korozj\u0119<\/p>\n<\/li>\n<li data-section-id=\"ewmjkq\" data-start=\"1904\" data-end=\"1931\">\n<p data-start=\"1906\" data-end=\"1931\">uszkodzenia mechaniczne<\/p>\n<\/li>\n<\/ul>\n<p data-start=\"1933\" data-end=\"2065\">Dzi\u0119ki temu poid\u0142o mo\u017ce by\u0107 u\u017cytkowane zar\u00f3wno wewn\u0105trz budynk\u00f3w gospodarskich, jak i na zewn\u0105trz, np. na pastwiskach czy wybiegach.<\/p>\n<p data-start=\"2067\" data-end=\"2199\">Tworzywo sztuczne nie rdzewieje i nie wymaga specjalnej konserwacji, co sprawia, \u017ce jest bardzo praktyczne w codziennym u\u017cytkowaniu.<\/p>\n<hr data-start=\"2201\" data-end=\"2204\" \/>\n<h2 data-section-id=\"1c68zay\" data-start=\"2206\" data-end=\"2242\">\u0141atwy monta\u017c i wygodna instalacja<\/h2>\n<p data-start=\"2244\" data-end=\"2482\">Konstrukcja koryta zosta\u0142a zaprojektowana tak, aby umo\u017cliwi\u0107 szybki i wygodny monta\u017c w gospodarstwie. Poid\u0142o mo\u017ce by\u0107 zawieszone lub zamontowane w wybranym miejscu, dzi\u0119ki czemu mo\u017cna dopasowa\u0107 jego ustawienie do uk\u0142adu obory lub wybiegu.<\/p>\n<p data-start=\"2484\" data-end=\"2633\">Prosta instalacja pozwala na szybkie przygotowanie stanowiska pojenia dla zwierz\u0105t, bez konieczno\u015bci stosowania skomplikowanych system\u00f3w monta\u017cowych.<\/p>\n<p data-start=\"2635\" data-end=\"2774\">Takie rozwi\u0105zanie jest szczeg\u00f3lnie przydatne w gospodarstwach, kt\u00f3re modernizuj\u0105 wyposa\u017cenie obory lub rozbudowuj\u0105 system pojenia zwierz\u0105t.<\/p>\n<hr data-start=\"2776\" data-end=\"2779\" \/>\n<h2 data-section-id=\"7mnefl\" data-start=\"2781\" data-end=\"2823\">Praktyczne zastosowanie w gospodarstwie<\/h2>\n<p data-start=\"2825\" data-end=\"3029\">Koryta wodne dla byd\u0142a s\u0105 bardzo cz\u0119sto stosowane w nowoczesnych gospodarstwach rolnych. Dzi\u0119ki du\u017cej d\u0142ugo\u015bci poid\u0142a kilka zwierz\u0105t mo\u017ce jednocze\u015bnie korzysta\u0107 z wody, co ogranicza rywalizacj\u0119 w stadzie.<\/p>\n<p data-start=\"3031\" data-end=\"3065\">Poid\u0142o sprawdza si\u0119 szczeg\u00f3lnie w:<\/p>\n<ul data-start=\"3067\" data-end=\"3199\">\n<li data-section-id=\"6wro4s\" data-start=\"3067\" data-end=\"3098\">\n<p data-start=\"3069\" data-end=\"3098\">oborach wolnostanowiskowych<\/p>\n<\/li>\n<li data-section-id=\"av54sg\" data-start=\"3099\" data-end=\"3127\">\n<p data-start=\"3101\" data-end=\"3127\">gospodarstwach mlecznych<\/p>\n<\/li>\n<li data-section-id=\"1ubroys\" data-start=\"3128\" data-end=\"3156\">\n<p data-start=\"3130\" data-end=\"3156\">hodowlach byd\u0142a mi\u0119snego<\/p>\n<\/li>\n<li data-section-id=\"1puvqvo\" data-start=\"3157\" data-end=\"3183\">\n<p data-start=\"3159\" data-end=\"3183\">wybiegach dla zwierz\u0105t<\/p>\n<\/li>\n<li data-section-id=\"yn7x8y\" data-start=\"3184\" data-end=\"3199\">\n<p data-start=\"3186\" data-end=\"3199\">pastwiskach<\/p>\n<\/li>\n<\/ul>\n<p data-start=\"3201\" data-end=\"3288\">Sta\u0142y dost\u0119p do wody poprawia dobrostan zwierz\u0105t oraz wp\u0142ywa na ich kondycj\u0119 i zdrowie.<\/p>\n<hr data-start=\"3290\" data-end=\"3293\" \/>\n<h2 data-section-id=\"maobjt\" data-start=\"3295\" data-end=\"3336\">Higiena i \u0142atwo\u015b\u0107 utrzymania czysto\u015bci<\/h2>\n<p data-start=\"3338\" data-end=\"3546\">W hodowli byd\u0142a bardzo wa\u017cne jest utrzymanie odpowiedniego poziomu higieny w miejscach, z kt\u00f3rych zwierz\u0119ta pobieraj\u0105 wod\u0119. G\u0142adka powierzchnia tworzywa sztucznego sprawia, \u017ce koryto jest \u0142atwe w czyszczeniu.<\/p>\n<p data-start=\"3548\" data-end=\"3654\">Regularne mycie poid\u0142a pozwala ograniczy\u0107 rozw\u00f3j bakterii oraz zapewnia zwierz\u0119tom dost\u0119p do czystej wody.<\/p>\n<p data-start=\"3656\" data-end=\"3783\">Materia\u0142 nie wch\u0142ania zabrudze\u0144 ani zapach\u00f3w, co znacz\u0105co u\u0142atwia utrzymanie odpowiednich warunk\u00f3w sanitarnych w gospodarstwie.<\/p>\n<hr data-start=\"3785\" data-end=\"3788\" \/>\n<h2 data-section-id=\"15ydxyb\" data-start=\"3790\" data-end=\"3822\">Wyposa\u017cenie nowoczesnej obory<\/h2>\n<p data-start=\"3824\" data-end=\"4021\">Wsp\u00f3\u0142czesne gospodarstwa hodowlane coraz cz\u0119\u015bciej inwestuj\u0105 w profesjonalne wyposa\u017cenie ob\u00f3r. Odpowiedni system pojenia jest r\u00f3wnie wa\u017cny jak karmniki dla byd\u0142a, legowiska czy systemy wentylacyjne.<\/p>\n<p data-start=\"4023\" data-end=\"4138\">Poid\u0142a dla byd\u0142a stanowi\u0105 podstawowy element infrastruktury w ka\u017cdym gospodarstwie zajmuj\u0105cym si\u0119 hodowl\u0105 zwierz\u0105t.<\/p>\n<p data-start=\"4140\" data-end=\"4283\">W po\u0142\u0105czeniu z innymi elementami wyposa\u017cenia obory pozwalaj\u0105 stworzy\u0107 komfortowe warunki dla zwierz\u0105t oraz usprawni\u0107 organizacj\u0119 pracy hodowcy.<\/p>\n<hr data-start=\"4285\" data-end=\"4288\" \/>\n<h2 data-section-id=\"w06yqn\" data-start=\"4290\" data-end=\"4313\">Parametry techniczne<\/h2>\n<p data-start=\"4315\" data-end=\"4579\">Typ produktu: koryto wodne dla byd\u0142a<br data-start=\"4351\" data-end=\"4354\" \/>Materia\u0142: tworzywo sztuczne<br data-start=\"4381\" data-end=\"4384\" \/>D\u0142ugo\u015b\u0107: 2,44 m<br data-start=\"4399\" data-end=\"4402\" \/>Instalacja: monta\u017c wisz\u0105cy<br data-start=\"4428\" data-end=\"4431\" \/>Odporno\u015b\u0107: odporno\u015b\u0107 na korozj\u0119 i przeciekanie<br data-start=\"4477\" data-end=\"4480\" \/>Zastosowanie: pojenie byd\u0142a<br data-start=\"4507\" data-end=\"4510\" \/>Przeznaczenie: byd\u0142o mleczne i byd\u0142o mi\u0119sne<br data-start=\"4553\" data-end=\"4556\" \/>Kraj produkcji: Chiny<\/p>\n<hr data-start=\"4581\" data-end=\"4584\" \/>\n<h2 data-section-id=\"1pmrlxq\" data-start=\"4586\" data-end=\"4601\">Podsumowanie<\/h2>\n<p data-start=\"4603\" data-end=\"4845\">Koryto wodne dla byd\u0142a o d\u0142ugo\u015bci 2,44 m to solidne i praktyczne rozwi\u0105zanie przeznaczone do gospodarstw hodowlanych. Wytrzyma\u0142a konstrukcja z tworzywa sztucznego zapewnia d\u0142ug\u0105 \u017cywotno\u015b\u0107 oraz odporno\u015b\u0107 na uszkodzenia i warunki atmosferyczne.<\/p>\n<p data-start=\"4847\" data-end=\"5004\">Dzi\u0119ki du\u017cej d\u0142ugo\u015bci poid\u0142a kilka zwierz\u0105t mo\u017ce jednocze\u015bnie korzysta\u0107 z wody, co poprawia komfort w stadzie oraz u\u0142atwia organizacj\u0119 pracy w gospodarstwie.<\/p>\n<p data-start=\"5006\" data-end=\"5166\">Poid\u0142o jest \u0142atwe w monta\u017cu, wygodne w u\u017cytkowaniu oraz proste w utrzymaniu czysto\u015bci, dlatego stanowi praktyczny element wyposa\u017cenia nowoczesnej hodowli byd\u0142a.<\/p>\n","protected":false},"excerpt":{"rendered":"<p>Poid\u0142o dla byd\u0142a 2,44 m to praktyczne rozwi\u0105zanie przeznaczone do pojenia zwierz\u0105t w gospodarstwach hodowlanych. Wykonane z trwa\u0142ego tworzywa sztucznego poid\u0142o charakteryzuje si\u0119 odporno\u015bci\u0105 na uszkodzenia mechaniczne, korozj\u0119 oraz dzia\u0142anie czynnik\u00f3w atmosferycznych.<\/p>\n","protected":false},"featured_media":3290,"comment_status":"open","ping_status":"closed","template":"","meta":[],"product_brand":[],"product_cat":[331],"product_tag":[932,937,931,928,934,935,936,929,407,930,933,413,908,918,455,917,907],"class_list":{"0":"post-3289","1":"product","2":"type-product","3":"status-publish","4":"has-post-thumbnail","6":"product_cat-poidla-dla-bydla","7":"product_tag-44-m","8":"product_tag-akcesoria-dla-hodowcow-bydla","9":"product_tag-koryto-dla-bydla-2","10":"product_tag-koryto-wodne-dla-bydla","11":"product_tag-koryto-wodne-dla-zwierzat-gospodarskich","12":"product_tag-poidla-dla-bydla-miesnego","13":"product_tag-poidla-dla-bydla-mlecznego","14":"product_tag-poidla-dla-krow","15":"product_tag-poidlo-dla-bydla","16":"product_tag-poidlo-dla-bydla-plastikowe","17":"product_tag-poidlo-dla-krow-hodowlanych","18":"product_tag-poidlo-do-obory","19":"product_tag-sprzet-do-hodowli-bydla","20":"product_tag-sprzet-rolniczy-dla-hodowli-bydla","21":"product_tag-system-pojenia-bydla","22":"product_tag-wyposazenie-gospodarstwa-rolnego","23":"product_tag-wyposazenie-obory-dla-bydla","25":"first","26":"instock","27":"shipping-taxable","28":"purchasable","29":"product-type-simple"},"_links":{"self":[{"href":"https:\/\/rollnikow.you2.pl\/index.php\/wp-json\/wp\/v2\/product\/3289","targetHints":{"allow":["GET"]}}],"collection":[{"href":"https:\/\/rollnikow.you2.pl\/index.php\/wp-json\/wp\/v2\/product"}],"about":[{"href":"https:\/\/rollnikow.you2.pl\/index.php\/wp-json\/wp\/v2\/types\/product"}],"replies":[{"embeddable":true,"href":"https:\/\/rollnikow.you2.pl\/index.php\/wp-json\/wp\/v2\/comments?post=3289"}],"version-history":[{"count":2,"href":"https:\/\/rollnikow.you2.pl\/index.php\/wp-json\/wp\/v2\/product\/3289\/revisions"}],"predecessor-version":[{"id":3293,"href":"https:\/\/rollnikow.you2.pl\/index.php\/wp-json\/wp\/v2\/product\/3289\/revisions\/3293"}],"wp:featuredmedia":[{"embeddable":true,"href":"https:\/\/rollnikow.you2.pl\/index.php\/wp-json\/wp\/v2\/media\/3290"}],"wp:attachment":[{"href":"https:\/\/rollnikow.you2.pl\/index.php\/wp-json\/wp\/v2\/media?parent=3289"}],"wp:term":[{"taxonomy":"product_brand","embeddable":true,"href":"https:\/\/rollnikow.you2.pl\/index.php\/wp-json\/wp\/v2\/product_brand?post=3289"},{"taxonomy":"product_cat","embeddable":true,"href":"https:\/\/rollnikow.you2.pl\/index.php\/wp-json\/wp\/v2\/product_cat?post=3289"},{"taxonomy":"product_tag","embeddable":true,"href":"https:\/\/rollnikow.you2.pl\/index.php\/wp-json\/wp\/v2\/product_tag?post=3289"}],"curies":[{"name":"wp","href":"https:\/\/api.w.org\/{rel}","templated":true}]}}