{"id":3301,"date":"2026-03-15T12:56:47","date_gmt":"2026-03-15T11:56:47","guid":{"rendered":"https:\/\/rollnikow.you2.pl\/?post_type=product&#038;p=3301"},"modified":"2026-03-15T12:59:55","modified_gmt":"2026-03-15T11:59:55","slug":"poidlo-dla-bydla-4-m","status":"publish","type":"product","link":"https:\/\/rollnikow.you2.pl\/index.php\/produkt\/poidlo-dla-bydla-4-m\/","title":{"rendered":"Poid\u0142o dla byd\u0142a 4 m"},"content":{"rendered":"<h1 data-section-id=\"179yea1\" data-start=\"313\" data-end=\"384\">Poid\u0142o dla byd\u0142a 4 m \u2013 koryto wodne dla kr\u00f3w i zwierz\u0105t gospodarskich<\/h1>\n<p data-start=\"386\" data-end=\"788\">Zapewnienie zwierz\u0119tom sta\u0142ego dost\u0119pu do \u015bwie\u017cej i czystej wody jest jednym z najwa\u017cniejszych element\u00f3w prawid\u0142owej hodowli byd\u0142a. Woda wp\u0142ywa bezpo\u015brednio na zdrowie zwierz\u0105t, ich dobrostan, a tak\u017ce na wydajno\u015b\u0107 produkcyjn\u0105 \u2013 szczeg\u00f3lnie w przypadku byd\u0142a mlecznego. Dlatego odpowiednio dobrane poid\u0142o jest jednym z podstawowych element\u00f3w wyposa\u017cenia ka\u017cdej obory, gospodarstwa rolnego czy pastwiska. Produkt z kategorii <a href=\"https:\/\/rollnikow.you2.pl\/index.php\/kategoria-produktu\/poidla-dla-zwierzat\/poidla-dla-bydla\/\">poid\u0142a dla byd\u0142a<\/a>.<\/p>\n<p data-start=\"790\" data-end=\"1135\">Koryto wodne dla byd\u0142a o d\u0142ugo\u015bci 4 metr\u00f3w to solidne i praktyczne rozwi\u0105zanie przeznaczone dla hodowc\u00f3w, kt\u00f3rzy potrzebuj\u0105 trwa\u0142ego oraz wygodnego systemu pojenia zwierz\u0105t. Produkt zosta\u0142 zaprojektowany z my\u015bl\u0105 o intensywnym u\u017cytkowaniu w gospodarstwach rolnych, gdzie liczy si\u0119 wytrzyma\u0142o\u015b\u0107, \u0142atwo\u015b\u0107 utrzymania czysto\u015bci oraz komfort zwierz\u0105t.<\/p>\n<h2 data-section-id=\"1dfnsce\" data-start=\"1137\" data-end=\"1190\">Czym jest poid\u0142o dla byd\u0142a 4 m i do czego s\u0142u\u017cy?<\/h2>\n<p data-start=\"1192\" data-end=\"1474\">Koryto wodne dla byd\u0142a, nazywane r\u00f3wnie\u017c poid\u0142em korytowym, to specjalistyczne wyposa\u017cenie hodowlane s\u0142u\u017c\u0105ce do zapewnienia zwierz\u0119tom sta\u0142ego dost\u0119pu do wody pitnej. Jest to wyd\u0142u\u017cony zbiornik montowany najcz\u0119\u015bciej przy \u015bcianie obory, wygrodzeniu lub wzd\u0142u\u017c stanowisk dla zwierz\u0105t.<\/p>\n<p data-start=\"1476\" data-end=\"1647\">Z jego pomoc\u0105 mo\u017cna jednocze\u015bnie zapewni\u0107 dost\u0119p do wody wielu sztukom byd\u0142a. Jest to szczeg\u00f3lnie wa\u017cne w du\u017cych stadach, gdzie zwierz\u0119ta pij\u0105 cz\u0119sto i w du\u017cych ilo\u015bciach.<\/p>\n<p data-start=\"1649\" data-end=\"1694\">Poid\u0142a tego typu stosuje si\u0119 mi\u0119dzy innymi w:<\/p>\n<ul data-start=\"1696\" data-end=\"1826\">\n<li data-section-id=\"6wro4s\" data-start=\"1696\" data-end=\"1727\">\n<p data-start=\"1698\" data-end=\"1727\">oborach wolnostanowiskowych<\/p>\n<\/li>\n<li data-section-id=\"yue61\" data-start=\"1728\" data-end=\"1751\">\n<p data-start=\"1730\" data-end=\"1751\">oborach uwi\u0119ziowych<\/p>\n<\/li>\n<li data-section-id=\"hq467f\" data-start=\"1752\" data-end=\"1782\">\n<p data-start=\"1754\" data-end=\"1782\">gospodarstwach hodowlanych<\/p>\n<\/li>\n<li data-section-id=\"r3k133\" data-start=\"1783\" data-end=\"1809\">\n<p data-start=\"1785\" data-end=\"1809\">na wybiegach dla byd\u0142a<\/p>\n<\/li>\n<li data-section-id=\"19enmd9\" data-start=\"1810\" data-end=\"1826\">\n<p data-start=\"1812\" data-end=\"1826\">na pastwiskach<\/p>\n<\/li>\n<\/ul>\n<p data-start=\"1828\" data-end=\"1966\">Dzi\u0119ki du\u017cej d\u0142ugo\u015bci koryta kilka zwierz\u0105t mo\u017ce pi\u0107 wod\u0119 jednocze\u015bnie, co znacz\u0105co ogranicza stres w stadzie i poprawia komfort zwierz\u0105t.<\/p>\n<hr data-start=\"1968\" data-end=\"1971\" \/>\n<h2 data-section-id=\"mneeqm\" data-start=\"1973\" data-end=\"2019\">Wytrzyma\u0142a konstrukcja do intensywnej pracy<\/h2>\n<p data-start=\"2021\" data-end=\"2221\">W gospodarstwie rolnym sprz\u0119t musi by\u0107 odporny na trudne warunki. Zwierz\u0119ta gospodarskie s\u0105 du\u017ce i silne, dlatego elementy wyposa\u017cenia obory powinny by\u0107 wykonane z materia\u0142\u00f3w o wysokiej wytrzyma\u0142o\u015bci.<\/p>\n<p data-start=\"2223\" data-end=\"2421\">Poid\u0142o dla byd\u0142a o d\u0142ugo\u015bci 4 metr\u00f3w zosta\u0142o wykonane z wysokiej jako\u015bci tworzywa sztucznego, kt\u00f3re charakteryzuje si\u0119 bardzo dobr\u0105 odporno\u015bci\u0105 na uszkodzenia mechaniczne oraz czynniki \u015brodowiskowe.<\/p>\n<p data-start=\"2423\" data-end=\"2456\">Materia\u0142 u\u017cyty do produkcji jest:<\/p>\n<ul data-start=\"2458\" data-end=\"2619\">\n<li data-section-id=\"saov7q\" data-start=\"2458\" data-end=\"2480\">\n<p data-start=\"2460\" data-end=\"2480\">odporny na korozj\u0119<\/p>\n<\/li>\n<li data-section-id=\"122s2gb\" data-start=\"2481\" data-end=\"2502\">\n<p data-start=\"2483\" data-end=\"2502\">odporny na wilgo\u0107<\/p>\n<\/li>\n<li data-section-id=\"1bc82s\" data-start=\"2503\" data-end=\"2530\">\n<p data-start=\"2505\" data-end=\"2530\">wytrzyma\u0142y na uderzenia<\/p>\n<\/li>\n<li data-section-id=\"37e6cj\" data-start=\"2531\" data-end=\"2585\">\n<p data-start=\"2533\" data-end=\"2585\">odporny na dzia\u0142anie nawoz\u00f3w i \u015brodk\u00f3w chemicznych<\/p>\n<\/li>\n<li data-section-id=\"p137pq\" data-start=\"2586\" data-end=\"2619\">\n<p data-start=\"2588\" data-end=\"2619\">\u0142atwy do utrzymania w czysto\u015bci<\/p>\n<\/li>\n<\/ul>\n<p data-start=\"2621\" data-end=\"2706\">Dzi\u0119ki temu poid\u0142o mo\u017ce by\u0107 u\u017cytkowane przez wiele lat bez utraty swoich w\u0142a\u015bciwo\u015bci.<\/p>\n<hr data-start=\"2708\" data-end=\"2711\" \/>\n<h2 data-section-id=\"11tsurd\" data-start=\"2713\" data-end=\"2754\">Du\u017ca d\u0142ugo\u015b\u0107 \u2013 wygoda dla ca\u0142ego stada<\/h2>\n<p data-start=\"2756\" data-end=\"2929\">Jednym z najwa\u017cniejszych parametr\u00f3w tego modelu jest jego d\u0142ugo\u015b\u0107 wynosz\u0105ca a\u017c <strong data-start=\"2835\" data-end=\"2846\">4 metry<\/strong>. Dzi\u0119ki temu poid\u0142o zapewnia wygodny dost\u0119p do wody wielu zwierz\u0119tom jednocze\u015bnie.<\/p>\n<p data-start=\"2931\" data-end=\"2953\">W praktyce oznacza to:<\/p>\n<ul data-start=\"2955\" data-end=\"3097\">\n<li data-section-id=\"13gyxy6\" data-start=\"2955\" data-end=\"2987\">\n<p data-start=\"2957\" data-end=\"2987\">mniejsze kolejki przy poidle<\/p>\n<\/li>\n<li data-section-id=\"ms80yx\" data-start=\"2988\" data-end=\"3031\">\n<p data-start=\"2990\" data-end=\"3031\">mniejsz\u0105 rywalizacj\u0119 mi\u0119dzy zwierz\u0119tami<\/p>\n<\/li>\n<li data-section-id=\"18cxk9s\" data-start=\"3032\" data-end=\"3067\">\n<p data-start=\"3034\" data-end=\"3067\">lepsze nawodnienie ca\u0142ego stada<\/p>\n<\/li>\n<li data-section-id=\"y7p78i\" data-start=\"3068\" data-end=\"3097\">\n<p data-start=\"3070\" data-end=\"3097\">wi\u0119kszy komfort u\u017cytkowania<\/p>\n<\/li>\n<\/ul>\n<p data-start=\"3099\" data-end=\"3307\">W przypadku byd\u0142a mlecznego dost\u0119p do wody ma ogromne znaczenie dla produkcji mleka. Doros\u0142a krowa mo\u017ce wypija\u0107 nawet <strong data-start=\"3217\" data-end=\"3248\">70\u2013120 litr\u00f3w wody dziennie<\/strong>, dlatego system pojenia musi by\u0107 wydajny i \u0142atwo dost\u0119pny.<\/p>\n<p data-start=\"3309\" data-end=\"3396\">D\u0142ugie koryto wodne pozwala na komfortowe korzystanie z wody nawet przez wi\u0119ksze stado.<\/p>\n<hr data-start=\"3398\" data-end=\"3401\" \/>\n<h2 data-section-id=\"1ofj034\" data-start=\"3403\" data-end=\"3443\">\u0141atwy monta\u017c i praktyczne u\u017cytkowanie<\/h2>\n<p data-start=\"3445\" data-end=\"3636\">Konstrukcja poid\u0142a zosta\u0142a zaprojektowana w taki spos\u00f3b, aby jego monta\u017c by\u0142 szybki i prosty. System zawieszania pozwala na stabilne przymocowanie koryta do konstrukcji obory lub wygrodzenia.<\/p>\n<p data-start=\"3638\" data-end=\"3662\">Poid\u0142o mo\u017cna zamontowa\u0107:<\/p>\n<ul data-start=\"3664\" data-end=\"3800\">\n<li data-section-id=\"hkkmo6\" data-start=\"3664\" data-end=\"3702\">\n<p data-start=\"3666\" data-end=\"3702\">przy \u015bcianie budynku gospodarczego<\/p>\n<\/li>\n<li data-section-id=\"h2lqat\" data-start=\"3703\" data-end=\"3736\">\n<p data-start=\"3705\" data-end=\"3736\">przy wygrodzeniu dla zwierz\u0105t<\/p>\n<\/li>\n<li data-section-id=\"28g6ce\" data-start=\"3737\" data-end=\"3767\">\n<p data-start=\"3739\" data-end=\"3767\">wzd\u0142u\u017c stanowisk dla byd\u0142a<\/p>\n<\/li>\n<li data-section-id=\"1wlkv89\" data-start=\"3768\" data-end=\"3800\">\n<p data-start=\"3770\" data-end=\"3800\">w strefie pojenia na pastwisku<\/p>\n<\/li>\n<\/ul>\n<p data-start=\"3802\" data-end=\"3946\">Dzi\u0119ki odpowiedniej wysoko\u015bci monta\u017cu zwierz\u0119ta mog\u0105 wygodnie korzysta\u0107 z poid\u0142a, a hodowca ma \u0142atwy dost\u0119p do jego wn\u0119trza podczas czyszczenia.<\/p>\n<hr data-start=\"3948\" data-end=\"3951\" \/>\n<h2 data-section-id=\"1hynkf2\" data-start=\"3953\" data-end=\"3994\">\u0141atwe czyszczenie i utrzymanie higieny<\/h2>\n<p data-start=\"3996\" data-end=\"4154\">Higiena wody w hodowli zwierz\u0105t jest niezwykle wa\u017cna. Zanieczyszczona woda mo\u017ce prowadzi\u0107 do problem\u00f3w zdrowotnych, dlatego poid\u0142a powinny by\u0107 \u0142atwe do mycia.<\/p>\n<p data-start=\"4156\" data-end=\"4229\">Koryto wykonane z tworzywa sztucznego posiada g\u0142adk\u0105 powierzchni\u0119, kt\u00f3ra:<\/p>\n<ul data-start=\"4231\" data-end=\"4323\">\n<li data-section-id=\"eah9bi\" data-start=\"4231\" data-end=\"4268\">\n<p data-start=\"4233\" data-end=\"4268\">ogranicza osadzanie si\u0119 zabrudze\u0144<\/p>\n<\/li>\n<li data-section-id=\"1xop79e\" data-start=\"4269\" data-end=\"4292\">\n<p data-start=\"4271\" data-end=\"4292\">u\u0142atwia czyszczenie<\/p>\n<\/li>\n<li data-section-id=\"kru9t7\" data-start=\"4293\" data-end=\"4323\">\n<p data-start=\"4295\" data-end=\"4323\">zapobiega rozwojowi bakterii<\/p>\n<\/li>\n<\/ul>\n<p data-start=\"4325\" data-end=\"4430\">Regularne czyszczenie poid\u0142a pozwala utrzyma\u0107 wysok\u0105 jako\u015b\u0107 wody i wp\u0142ywa pozytywnie na zdrowie zwierz\u0105t.<\/p>\n<hr data-start=\"4432\" data-end=\"4435\" \/>\n<h2 data-section-id=\"xyhjw7\" data-start=\"4437\" data-end=\"4485\">Odporno\u015b\u0107 na warunki panuj\u0105ce w gospodarstwie<\/h2>\n<p data-start=\"4487\" data-end=\"4652\">W oborach panuj\u0105 trudne warunki \u2013 wysoka wilgotno\u015b\u0107, kontakt z obornikiem oraz zmienne temperatury. Dlatego wyposa\u017cenie hodowlane musi by\u0107 odpowiednio zabezpieczone.<\/p>\n<p data-start=\"4654\" data-end=\"4719\">Poid\u0142o dla byd\u0142a zosta\u0142o zaprojektowane tak, aby by\u0142o odporne na:<\/p>\n<ul data-start=\"4721\" data-end=\"4841\">\n<li data-section-id=\"1ujy8a7\" data-start=\"4721\" data-end=\"4742\">\n<p data-start=\"4723\" data-end=\"4742\">dzia\u0142anie wilgoci<\/p>\n<\/li>\n<li data-section-id=\"16oykpy\" data-start=\"4743\" data-end=\"4766\">\n<p data-start=\"4745\" data-end=\"4766\">zmienne temperatury<\/p>\n<\/li>\n<li data-section-id=\"3rydjv\" data-start=\"4767\" data-end=\"4788\">\n<p data-start=\"4769\" data-end=\"4788\">promieniowanie UV<\/p>\n<\/li>\n<li data-section-id=\"ewmjkq\" data-start=\"4789\" data-end=\"4816\">\n<p data-start=\"4791\" data-end=\"4816\">uszkodzenia mechaniczne<\/p>\n<\/li>\n<li data-section-id=\"vq2kwi\" data-start=\"4817\" data-end=\"4841\">\n<p data-start=\"4819\" data-end=\"4841\">intensywne u\u017cytkowanie<\/p>\n<\/li>\n<\/ul>\n<p data-start=\"4843\" data-end=\"4958\">Tworzywo sztuczne jest r\u00f3wnie\u017c znacznie l\u017cejsze od metalu, dzi\u0119ki czemu transport i monta\u017c poid\u0142a s\u0105 du\u017co prostsze.<\/p>\n<hr data-start=\"4960\" data-end=\"4963\" \/>\n<h2 data-section-id=\"1jhifyo\" data-start=\"4965\" data-end=\"5002\">Uniwersalne zastosowanie w hodowli<\/h2>\n<p data-start=\"5004\" data-end=\"5121\">Poid\u0142o korytowe o d\u0142ugo\u015bci 4 metr\u00f3w jest rozwi\u0105zaniem uniwersalnym i mo\u017ce by\u0107 stosowane w r\u00f3\u017cnych typach gospodarstw.<\/p>\n<p data-start=\"5123\" data-end=\"5154\">Produkt sprawdzi si\u0119 w hodowli:<\/p>\n<ul data-start=\"5156\" data-end=\"5255\">\n<li data-section-id=\"al9n7u\" data-start=\"5156\" data-end=\"5175\">\n<p data-start=\"5158\" data-end=\"5175\">byd\u0142a mlecznego<\/p>\n<\/li>\n<li data-section-id=\"1ens92x\" data-start=\"5176\" data-end=\"5194\">\n<p data-start=\"5178\" data-end=\"5194\">byd\u0142a mi\u0119snego<\/p>\n<\/li>\n<li data-section-id=\"wcx74t\" data-start=\"5195\" data-end=\"5212\">\n<p data-start=\"5197\" data-end=\"5212\">m\u0142odego byd\u0142a<\/p>\n<\/li>\n<li data-section-id=\"vjmy4a\" data-start=\"5213\" data-end=\"5223\">\n<p data-start=\"5215\" data-end=\"5223\">ciel\u0105t<\/p>\n<\/li>\n<li data-section-id=\"7ue7aa\" data-start=\"5224\" data-end=\"5255\">\n<p data-start=\"5226\" data-end=\"5255\">innych zwierz\u0105t gospodarskich<\/p>\n<\/li>\n<\/ul>\n<p data-start=\"5257\" data-end=\"5364\">Mo\u017ce by\u0107 u\u017cywane zar\u00f3wno wewn\u0105trz budynk\u00f3w inwentarskich, jak i na zewn\u0105trz \u2013 na wybiegach lub pastwiskach.<\/p>\n<hr data-start=\"5366\" data-end=\"5369\" \/>\n<h1 data-section-id=\"1lifvg\" data-start=\"5371\" data-end=\"5393\">Parametry techniczne<\/h1>\n<div class=\"TyagGW_tableContainer\">\n<div class=\"group TyagGW_tableWrapper flex flex-col-reverse w-fit\" tabindex=\"-1\">\n<table class=\"w-fit min-w-(--thread-content-width)\" data-start=\"5395\" data-end=\"5732\">\n<thead data-start=\"5395\" data-end=\"5417\">\n<tr data-start=\"5395\" data-end=\"5417\">\n<th class=\"\" data-start=\"5395\" data-end=\"5406\" data-col-size=\"sm\">Parametr<\/th>\n<th class=\"\" data-start=\"5406\" data-end=\"5417\" data-col-size=\"sm\">Warto\u015b\u0107<\/th>\n<\/tr>\n<\/thead>\n<tbody data-start=\"5438\" data-end=\"5732\">\n<tr data-start=\"5438\" data-end=\"5456\">\n<td data-start=\"5438\" data-end=\"5446\" data-col-size=\"sm\">Pojemno\u015b\u0107<\/td>\n<td data-col-size=\"sm\" data-start=\"5446\" data-end=\"5456\">290L<\/td>\n<\/tr>\n<tr data-start=\"5457\" data-end=\"5474\">\n<td data-start=\"5457\" data-end=\"5467\" data-col-size=\"sm\">D\u0142ugo\u015b\u0107<\/td>\n<td data-col-size=\"sm\" data-start=\"5467\" data-end=\"5474\">4 m<\/td>\n<\/tr>\n<tr data-start=\"5475\" data-end=\"5507\">\n<td data-start=\"5475\" data-end=\"5486\" data-col-size=\"sm\">Materia\u0142<\/td>\n<td data-col-size=\"sm\" data-start=\"5486\" data-end=\"5507\">Tworzywo sztuczne<\/td>\n<\/tr>\n<tr data-start=\"5508\" data-end=\"5539\">\n<td data-start=\"5508\" data-end=\"5525\" data-col-size=\"sm\">Spos\u00f3b monta\u017cu<\/td>\n<td data-col-size=\"sm\" data-start=\"5525\" data-end=\"5539\">Zawieszane<\/td>\n<\/tr>\n<tr data-start=\"5540\" data-end=\"5596\">\n<td data-start=\"5540\" data-end=\"5552\" data-col-size=\"sm\">Odporno\u015b\u0107<\/td>\n<td data-col-size=\"sm\" data-start=\"5552\" data-end=\"5596\">Wilgo\u0107, korozja, uszkodzenia mechaniczne<\/td>\n<\/tr>\n<tr data-start=\"5597\" data-end=\"5633\">\n<td data-start=\"5597\" data-end=\"5623\" data-col-size=\"sm\">Opakowanie transportowe<\/td>\n<td data-col-size=\"sm\" data-start=\"5623\" data-end=\"5633\">Karton<\/td>\n<\/tr>\n<tr data-start=\"5634\" data-end=\"5675\">\n<td data-start=\"5634\" data-end=\"5663\" data-col-size=\"sm\">Minimalna ilo\u015b\u0107 zam\u00f3wienia<\/td>\n<td data-col-size=\"sm\" data-start=\"5663\" data-end=\"5675\">10 sztuk<\/td>\n<\/tr>\n<tr data-start=\"5676\" data-end=\"5705\">\n<td data-start=\"5676\" data-end=\"5696\" data-col-size=\"sm\">Producent \/ marka<\/td>\n<td data-col-size=\"sm\" data-start=\"5696\" data-end=\"5705\">LEVAH<\/td>\n<\/tr>\n<tr data-start=\"5706\" data-end=\"5732\">\n<td data-start=\"5706\" data-end=\"5723\" data-col-size=\"sm\"><\/td>\n<td data-col-size=\"sm\" data-start=\"5723\" data-end=\"5732\"><\/td>\n<\/tr>\n<\/tbody>\n<\/table>\n<\/div>\n<\/div>\n","protected":false},"excerpt":{"rendered":"<p data-start=\"6048\" data-end=\"6521\">Solidne Poid\u0142o dla byd\u0142a 4 m przeznaczone do stosowania w oborach, gospodarstwach rolnych oraz na pastwiskach. Wykonane z wytrzyma\u0142ego tworzywa sztucznego odpornego na wilgo\u0107, korozj\u0119 i uszkodzenia mechaniczne. Du\u017ca d\u0142ugo\u015b\u0107 koryta umo\u017cliwia jednoczesne korzystanie z wody przez wiele zwierz\u0105t, co zwi\u0119ksza komfort stada i poprawia organizacj\u0119 pojenia. Produkt \u0142atwy w monta\u017cu i utrzymaniu czysto\u015bci, idealny dla hodowc\u00f3w byd\u0142a mlecznego i mi\u0119snego.<\/p>\n","protected":false},"featured_media":3303,"comment_status":"open","ping_status":"closed","template":"","meta":[],"product_brand":[],"product_cat":[331],"product_tag":[658,959,965,968,961,970,928,963,407,962,474,412,967,588,966,589,969,655,964,960,415,971,455,972,419],"class_list":{"0":"post-3301","1":"product","2":"type-product","3":"status-publish","4":"has-post-thumbnail","6":"product_cat-poidla-dla-bydla","7":"product_tag-duze-poidlo-dla-bydla","8":"product_tag-koryto-dla-bydla","9":"product_tag-koryto-dla-zwierzat-gospodarskich","10":"product_tag-koryto-do-wody-dla-krow","11":"product_tag-koryto-na-wode-dla-bydla","12":"product_tag-koryto-poidlowe-dla-bydla","13":"product_tag-koryto-wodne-dla-bydla","14":"product_tag-koryto-wodne-dla-krow","15":"product_tag-poidlo-dla-bydla","16":"product_tag-poidlo-dla-bydla-4m","17":"product_tag-poidlo-dla-bydla-miesnego","18":"product_tag-poidlo-dla-bydla-mlecznego","19":"product_tag-poidlo-dla-bydla-w-oborze","20":"product_tag-poidlo-dla-krow-do-obory","21":"product_tag-poidlo-dla-krow-na-pastwisko","22":"product_tag-poidlo-dla-zwierzat-gospodarskich","23":"product_tag-poidlo-dla-zwierzat-hodowlanych","24":"product_tag-poidlo-do-obory-dla-krow","25":"product_tag-poidlo-hodowlane-dla-bydla","26":"product_tag-poidlo-korytowe-dla-krow","27":"product_tag-poidlo-plastikowe-dla-bydla","28":"product_tag-profesjonalne-poidlo-dla-bydla","29":"product_tag-system-pojenia-bydla","30":"product_tag-wyposazenie-hodowlane-bydla","31":"product_tag-wyposazenie-obory-poidlo","33":"first","34":"instock","35":"shipping-taxable","36":"purchasable","37":"product-type-simple"},"_links":{"self":[{"href":"https:\/\/rollnikow.you2.pl\/index.php\/wp-json\/wp\/v2\/product\/3301","targetHints":{"allow":["GET"]}}],"collection":[{"href":"https:\/\/rollnikow.you2.pl\/index.php\/wp-json\/wp\/v2\/product"}],"about":[{"href":"https:\/\/rollnikow.you2.pl\/index.php\/wp-json\/wp\/v2\/types\/product"}],"replies":[{"embeddable":true,"href":"https:\/\/rollnikow.you2.pl\/index.php\/wp-json\/wp\/v2\/comments?post=3301"}],"version-history":[{"count":3,"href":"https:\/\/rollnikow.you2.pl\/index.php\/wp-json\/wp\/v2\/product\/3301\/revisions"}],"predecessor-version":[{"id":3306,"href":"https:\/\/rollnikow.you2.pl\/index.php\/wp-json\/wp\/v2\/product\/3301\/revisions\/3306"}],"wp:featuredmedia":[{"embeddable":true,"href":"https:\/\/rollnikow.you2.pl\/index.php\/wp-json\/wp\/v2\/media\/3303"}],"wp:attachment":[{"href":"https:\/\/rollnikow.you2.pl\/index.php\/wp-json\/wp\/v2\/media?parent=3301"}],"wp:term":[{"taxonomy":"product_brand","embeddable":true,"href":"https:\/\/rollnikow.you2.pl\/index.php\/wp-json\/wp\/v2\/product_brand?post=3301"},{"taxonomy":"product_cat","embeddable":true,"href":"https:\/\/rollnikow.you2.pl\/index.php\/wp-json\/wp\/v2\/product_cat?post=3301"},{"taxonomy":"product_tag","embeddable":true,"href":"https:\/\/rollnikow.you2.pl\/index.php\/wp-json\/wp\/v2\/product_tag?post=3301"}],"curies":[{"name":"wp","href":"https:\/\/api.w.org\/{rel}","templated":true}]}}