{"id":3322,"date":"2026-03-15T13:37:56","date_gmt":"2026-03-15T12:37:56","guid":{"rendered":"https:\/\/rollnikow.you2.pl\/?post_type=product&#038;p=3322"},"modified":"2026-03-15T13:40:42","modified_gmt":"2026-03-15T12:40:42","slug":"izolowane-poidlo-dla-bydla-80l","status":"publish","type":"product","link":"https:\/\/rollnikow.you2.pl\/index.php\/produkt\/izolowane-poidlo-dla-bydla-80l\/","title":{"rendered":"Izolowane poid\u0142o dla byd\u0142a 80L"},"content":{"rendered":"<h1 data-section-id=\"jq3466\" data-start=\"346\" data-end=\"425\">Izolowane poid\u0142o dla byd\u0142a 80L \u2013 ca\u0142oroczne poid\u0142o dla zwierz\u0105t gospodarskich<\/h1>\n<p data-start=\"427\" data-end=\"865\">Zapewnienie zwierz\u0119tom gospodarskim dost\u0119pu do \u015bwie\u017cej wody przez ca\u0142y rok jest jednym z kluczowych element\u00f3w prawid\u0142owego prowadzenia gospodarstwa. W okresie zimowym problemem cz\u0119sto staje si\u0119 zamarzanie wody, natomiast latem jej nadmierne nagrzewanie. W\u0142a\u015bnie dlatego w nowoczesnych gospodarstwach coraz cz\u0119\u015bciej stosuje si\u0119 specjalne poid\u0142a izolowane, kt\u00f3re utrzymuj\u0105 optymaln\u0105 temperatur\u0119 wody niezale\u017cnie od warunk\u00f3w atmosferycznych. Produkt z kategorii <a href=\"https:\/\/rollnikow.you2.pl\/index.php\/kategoria-produktu\/poidla-dla-zwierzat\/poidla-dla-bydla\/\">poid\u0142a dla byd\u0142a<\/a>.<\/p>\n<p data-start=\"867\" data-end=\"1178\">Izolowane poid\u0142o dla byd\u0142a o pojemno\u015bci 80 litr\u00f3w zosta\u0142o zaprojektowane z my\u015bl\u0105 o hodowcach, kt\u00f3rzy potrzebuj\u0105 niezawodnego systemu pojenia zwierz\u0105t przez ca\u0142y rok. Dzi\u0119ki zastosowaniu wysokiej jako\u015bci materia\u0142\u00f3w oraz warstwy izolacyjnej poid\u0142o utrzymuje odpowiedni\u0105 temperatur\u0119 wody zar\u00f3wno zim\u0105, jak i latem.<\/p>\n<p data-start=\"1180\" data-end=\"1287\">Produkt sprawdzi si\u0119 w gospodarstwach hoduj\u0105cych byd\u0142o, owce, konie, kozy oraz inne zwierz\u0119ta gospodarskie.<\/p>\n<hr data-start=\"1289\" data-end=\"1292\" \/>\n<h2 data-section-id=\"1wzsjpc\" data-start=\"1294\" data-end=\"1351\">Czym jest izolowane poid\u0142o dla byd\u0142a i do czego s\u0142u\u017cy?<\/h2>\n<p data-start=\"1353\" data-end=\"1665\">Izolowane poid\u0142o dla byd\u0142a to specjalistyczny zbiornik na wod\u0119 przeznaczony do automatycznego pojenia zwierz\u0105t gospodarskich. W odr\u00f3\u017cnieniu od standardowych poide\u0142 konstrukcja tego typu urz\u0105dze\u0144 wyposa\u017cona jest w warstw\u0119 izolacyjn\u0105, kt\u00f3ra ogranicza wp\u0142yw temperatury otoczenia na wod\u0119 znajduj\u0105c\u0105 si\u0119 w zbiorniku.<\/p>\n<p data-start=\"1667\" data-end=\"1679\">Dzi\u0119ki temu:<\/p>\n<ul data-start=\"1681\" data-end=\"1816\">\n<li data-section-id=\"9tecj\" data-start=\"1681\" data-end=\"1716\">\n<p data-start=\"1683\" data-end=\"1716\">zim\u0105 woda nie zamarza tak \u0142atwo<\/p>\n<\/li>\n<li data-section-id=\"1pasjsz\" data-start=\"1717\" data-end=\"1753\">\n<p data-start=\"1719\" data-end=\"1753\">latem pozostaje ch\u0142odna i \u015bwie\u017ca<\/p>\n<\/li>\n<li data-section-id=\"c9h10r\" data-start=\"1754\" data-end=\"1816\">\n<p data-start=\"1756\" data-end=\"1816\">zwierz\u0119ta maj\u0105 sta\u0142y dost\u0119p do odpowiedniej temperatury wody<\/p>\n<\/li>\n<\/ul>\n<p data-start=\"1818\" data-end=\"1966\">Izolowane poid\u0142a s\u0105 szczeg\u00f3lnie popularne w gospodarstwach, w kt\u00f3rych system pojenia znajduje si\u0119 na zewn\u0105trz budynk\u00f3w lub w nieogrzewanych oborach.<\/p>\n<p data-start=\"1968\" data-end=\"2008\">Urz\u0105dzenie mo\u017ce by\u0107 stosowane w hodowli:<\/p>\n<ul data-start=\"2010\" data-end=\"2085\">\n<li data-section-id=\"al9n7u\" data-start=\"2010\" data-end=\"2029\">\n<p data-start=\"2012\" data-end=\"2029\">byd\u0142a mlecznego<\/p>\n<\/li>\n<li data-section-id=\"1ens92x\" data-start=\"2030\" data-end=\"2048\">\n<p data-start=\"2032\" data-end=\"2048\">byd\u0142a mi\u0119snego<\/p>\n<\/li>\n<li data-section-id=\"1wy6n6n\" data-start=\"2049\" data-end=\"2058\">\n<p data-start=\"2051\" data-end=\"2058\">owiec<\/p>\n<\/li>\n<li data-section-id=\"169ibsa\" data-start=\"2059\" data-end=\"2066\">\n<p data-start=\"2061\" data-end=\"2066\">k\u00f3z<\/p>\n<\/li>\n<li data-section-id=\"16jc4cr\" data-start=\"2067\" data-end=\"2075\">\n<p data-start=\"2069\" data-end=\"2075\">koni<\/p>\n<\/li>\n<li data-section-id=\"1tnw6r6\" data-start=\"2076\" data-end=\"2085\">\n<p data-start=\"2078\" data-end=\"2085\">os\u0142\u00f3w<\/p>\n<\/li>\n<\/ul>\n<p data-start=\"2087\" data-end=\"2227\">Jedno poid\u0142o mo\u017ce zapewni\u0107 wod\u0119 nawet dla <strong data-start=\"2129\" data-end=\"2165\">80\u2013100 owiec lub innych zwierz\u0105t<\/strong>, co czyni je bardzo wydajnym rozwi\u0105zaniem dla wi\u0119kszych stad.<\/p>\n<hr data-start=\"2229\" data-end=\"2232\" \/>\n<h2 data-section-id=\"17fcwkq\" data-start=\"2234\" data-end=\"2301\">Izolowane poid\u0142o dla byd\u0142a \u2013 skuteczna ochrona przed zamarzaniem<\/h2>\n<p data-start=\"2303\" data-end=\"2516\">Jedn\u0105 z najwa\u017cniejszych funkcji tego modelu jest jego zdolno\u015b\u0107 do utrzymywania odpowiedniej temperatury wody zim\u0105. Konstrukcja poid\u0142a zosta\u0142a zaprojektowana tak, aby skutecznie ogranicza\u0107 wp\u0142yw niskich temperatur.<\/p>\n<p data-start=\"2518\" data-end=\"2720\">Warstwa izolacyjna wykonana z <strong data-start=\"2548\" data-end=\"2573\">pianki poliuretanowej<\/strong> zatrzymuje ciep\u0142o wewn\u0105trz zbiornika, dzi\u0119ki czemu woda pozostaje w temperaturze oko\u0142o <strong data-start=\"2661\" data-end=\"2672\">20 \u00b15\u00b0C<\/strong> nawet przy temperaturach si\u0119gaj\u0105cych <strong data-start=\"2710\" data-end=\"2719\">-20\u00b0C<\/strong>.<\/p>\n<p data-start=\"2722\" data-end=\"2917\">Dzi\u0119ki temu zwierz\u0119ta mog\u0105 pi\u0107 wod\u0119 o komfortowej temperaturze, co jest niezwykle wa\u017cne w okresie zimowym. Picie lodowatej wody mo\u017ce bowiem powodowa\u0107 stres organizmu oraz zwi\u0119ksza\u0107 ryzyko chor\u00f3b.<\/p>\n<hr data-start=\"2919\" data-end=\"2922\" \/>\n<h2 data-section-id=\"1sk6rru\" data-start=\"2924\" data-end=\"2978\">Ch\u0142odna woda latem \u2013 ochrona przed stresem cieplnym<\/h2>\n<p data-start=\"2980\" data-end=\"3076\">Izolacja dzia\u0142a r\u00f3wnie\u017c w drug\u0105 stron\u0119 \u2013 w upalne dni chroni wod\u0119 przed nadmiernym nagrzewaniem.<\/p>\n<p data-start=\"3078\" data-end=\"3234\">Latem woda w poidle mo\u017ce utrzymywa\u0107 temperatur\u0119 na poziomie <strong data-start=\"3138\" data-end=\"3148\">8\u201310\u00b0C<\/strong>, co znacz\u0105co poprawia komfort zwierz\u0105t i pomaga ograniczy\u0107 zjawisko stresu cieplnego.<\/p>\n<p data-start=\"3236\" data-end=\"3271\">Wysokie temperatury mog\u0105 powodowa\u0107:<\/p>\n<ul data-start=\"3273\" data-end=\"3372\">\n<li data-section-id=\"1ca769s\" data-start=\"3273\" data-end=\"3300\">\n<p data-start=\"3275\" data-end=\"3300\">spadek apetytu zwierz\u0105t<\/p>\n<\/li>\n<li data-section-id=\"uy834e\" data-start=\"3301\" data-end=\"3341\">\n<p data-start=\"3303\" data-end=\"3341\">zmniejszenie wydajno\u015bci produkcyjnej<\/p>\n<\/li>\n<li data-section-id=\"1peqslz\" data-start=\"3342\" data-end=\"3372\">\n<p data-start=\"3344\" data-end=\"3372\">wi\u0119ksze ryzyko odwodnienia<\/p>\n<\/li>\n<\/ul>\n<p data-start=\"3374\" data-end=\"3462\">Dlatego dost\u0119p do ch\u0142odnej wody jest niezwykle wa\u017cny dla zdrowia zwierz\u0105t gospodarskich.<\/p>\n<hr data-start=\"3464\" data-end=\"3467\" \/>\n<h2 data-section-id=\"mtrufc\" data-start=\"3469\" data-end=\"3509\">Automatyczny system uzupe\u0142niania wody<\/h2>\n<p data-start=\"3511\" data-end=\"3629\">Poid\u0142o zosta\u0142o wyposa\u017cone w <strong data-start=\"3539\" data-end=\"3574\">automatyczny zaw\u00f3r dop\u0142ywu wody<\/strong>, kt\u00f3ry utrzymuje odpowiedni poziom cieczy w zbiorniku.<\/p>\n<p data-start=\"3631\" data-end=\"3668\">System dzia\u0142a w bardzo prosty spos\u00f3b:<\/p>\n<ol data-start=\"3670\" data-end=\"3784\">\n<li data-section-id=\"15omjmv\" data-start=\"3670\" data-end=\"3703\">\n<p data-start=\"3673\" data-end=\"3703\">Zwierz\u0119ta pij\u0105 wod\u0119 z poid\u0142a<\/p>\n<\/li>\n<li data-section-id=\"b3a2ph\" data-start=\"3704\" data-end=\"3726\">\n<p data-start=\"3707\" data-end=\"3726\">Poziom wody spada<\/p>\n<\/li>\n<li data-section-id=\"1ort3o5\" data-start=\"3727\" data-end=\"3784\">\n<p data-start=\"3730\" data-end=\"3784\">Zaw\u00f3r automatycznie dopuszcza \u015bwie\u017c\u0105 wod\u0119 z instalacji<\/p>\n<\/li>\n<\/ol>\n<p data-start=\"3786\" data-end=\"3867\">Dzi\u0119ki temu woda w zbiorniku jest stale odnawiana i zawsze dost\u0119pna dla zwierz\u0105t.<\/p>\n<p data-start=\"3869\" data-end=\"4017\">Zaw\u00f3r zapewnia bardzo wysoki przep\u0142yw wody \u2013 nawet <strong data-start=\"3920\" data-end=\"3946\">60\u201375 litr\u00f3w na minut\u0119<\/strong>, co pozwala na korzystanie z poid\u0142a przez wiele zwierz\u0105t jednocze\u015bnie.<\/p>\n<hr data-start=\"4019\" data-end=\"4022\" \/>\n<h2 data-section-id=\"1xe4cbc\" data-start=\"4024\" data-end=\"4075\">Wytrzyma\u0142a konstrukcja z polietylenu spo\u017cywczego<\/h2>\n<p data-start=\"4077\" data-end=\"4241\">Poid\u0142o wykonane jest z <strong data-start=\"4100\" data-end=\"4144\">wysokiej jako\u015bci polietylenu spo\u017cywczego<\/strong>, kt\u00f3ry jest materia\u0142em bezpiecznym dla zwierz\u0105t oraz bardzo odpornym na uszkodzenia mechaniczne.<\/p>\n<p data-start=\"4243\" data-end=\"4275\">Materia\u0142 ten charakteryzuje si\u0119:<\/p>\n<ul data-start=\"4277\" data-end=\"4425\">\n<li data-section-id=\"asvbyv\" data-start=\"4277\" data-end=\"4312\">\n<p data-start=\"4279\" data-end=\"4312\">wysok\u0105 odporno\u015bci\u0105 na uderzenia<\/p>\n<\/li>\n<li data-section-id=\"u9xr1j\" data-start=\"4313\" data-end=\"4349\">\n<p data-start=\"4315\" data-end=\"4349\">odporno\u015bci\u0105 na promieniowanie UV<\/p>\n<\/li>\n<li data-section-id=\"zw1dms\" data-start=\"4350\" data-end=\"4376\">\n<p data-start=\"4352\" data-end=\"4376\">odporno\u015bci\u0105 na korozj\u0119<\/p>\n<\/li>\n<li data-section-id=\"1o2391d\" data-start=\"4377\" data-end=\"4425\">\n<p data-start=\"4379\" data-end=\"4425\">odporno\u015bci\u0105 na dzia\u0142anie \u015brodk\u00f3w chemicznych<\/p>\n<\/li>\n<\/ul>\n<p data-start=\"4427\" data-end=\"4601\">Konstrukcja zosta\u0142a wykonana w technologii <strong data-start=\"4470\" data-end=\"4513\">jednocz\u0119\u015bciowego formowania rotacyjnego<\/strong>, dzi\u0119ki czemu zbiornik jest bardzo trwa\u0142y i nie posiada miejsc nara\u017conych na p\u0119kni\u0119cia.<\/p>\n<p data-start=\"4603\" data-end=\"4677\">Producent deklaruje \u017cywotno\u015b\u0107 produktu nawet <strong data-start=\"4648\" data-end=\"4676\">ponad 15 lat u\u017cytkowania<\/strong>.<\/p>\n<hr data-start=\"4679\" data-end=\"4682\" \/>\n<h2 data-section-id=\"tocngf\" data-start=\"4684\" data-end=\"4726\">Szybkie czyszczenie i \u0142atwa konserwacja<\/h2>\n<p data-start=\"4728\" data-end=\"4902\">Utrzymanie czysto\u015bci poide\u0142 jest niezwykle wa\u017cne dla zdrowia zwierz\u0105t. Dlatego konstrukcja poid\u0142a zosta\u0142a zaprojektowana w spos\u00f3b umo\u017cliwiaj\u0105cy szybkie opr\u00f3\u017cnianie zbiornika.<\/p>\n<p data-start=\"4904\" data-end=\"5021\">Du\u017cy zaw\u00f3r spustowy pozwala na szybkie usuni\u0119cie wody ze zbiornika, co umo\u017cliwia dok\u0142adne czyszczenie ca\u0142ego wn\u0119trza.<\/p>\n<p data-start=\"5023\" data-end=\"5140\">Ca\u0142a procedura czyszczenia mo\u017ce zaj\u0105\u0107 <strong data-start=\"5061\" data-end=\"5087\">zaledwie oko\u0142o 2 minut<\/strong>, co znacz\u0105co u\u0142atwia codzienn\u0105 obs\u0142ug\u0119 gospodarstwa.<\/p>\n<hr data-start=\"5142\" data-end=\"5145\" \/>\n<h1 data-section-id=\"1lifvg\" data-start=\"5147\" data-end=\"5169\">Parametry techniczne<\/h1>\n<div class=\"TyagGW_tableContainer\">\n<div class=\"group TyagGW_tableWrapper flex flex-col-reverse w-fit\" tabindex=\"-1\">\n<table class=\"w-fit min-w-(--thread-content-width)\" data-start=\"5171\" data-end=\"5542\">\n<thead data-start=\"5171\" data-end=\"5193\">\n<tr data-start=\"5171\" data-end=\"5193\">\n<th class=\"\" data-start=\"5171\" data-end=\"5182\" data-col-size=\"sm\"><\/th>\n<th class=\"\" data-start=\"5182\" data-end=\"5193\" data-col-size=\"sm\"><\/th>\n<\/tr>\n<\/thead>\n<tbody data-start=\"5214\" data-end=\"5542\">\n<tr data-start=\"5214\" data-end=\"5236\">\n<td data-start=\"5214\" data-end=\"5222\" data-col-size=\"sm\">Producent<\/td>\n<td data-col-size=\"sm\" data-start=\"5222\" data-end=\"5236\">Hornta<\/td>\n<\/tr>\n<tr data-start=\"5237\" data-end=\"5257\">\n<td data-start=\"5237\" data-end=\"5249\" data-col-size=\"sm\">Pojemno\u015b\u0107<\/td>\n<td data-col-size=\"sm\" data-start=\"5249\" data-end=\"5257\">80 L<\/td>\n<\/tr>\n<tr data-start=\"5258\" data-end=\"5291\">\n<td data-start=\"5258\" data-end=\"5268\" data-col-size=\"sm\">Wymiary<\/td>\n<td data-col-size=\"sm\" data-start=\"5268\" data-end=\"5291\">1160 \u00d7 420 \u00d7 370 mm<\/td>\n<\/tr>\n<tr data-start=\"5292\" data-end=\"5308\">\n<td data-start=\"5292\" data-end=\"5299\" data-col-size=\"sm\">Waga<\/td>\n<td data-col-size=\"sm\" data-start=\"5299\" data-end=\"5308\">15 kg<\/td>\n<\/tr>\n<tr data-start=\"5309\" data-end=\"5344\">\n<td data-start=\"5309\" data-end=\"5320\" data-col-size=\"sm\">Materia\u0142<\/td>\n<td data-col-size=\"sm\" data-start=\"5320\" data-end=\"5344\">polietylen spo\u017cywczy<\/td>\n<\/tr>\n<tr data-start=\"5345\" data-end=\"5380\">\n<td data-start=\"5345\" data-end=\"5356\" data-col-size=\"sm\">Izolacja<\/td>\n<td data-col-size=\"sm\" data-start=\"5356\" data-end=\"5380\">pianka poliuretanowa<\/td>\n<\/tr>\n<tr data-start=\"5381\" data-end=\"5412\">\n<td data-start=\"5381\" data-end=\"5397\" data-col-size=\"sm\">Przep\u0142yw wody<\/td>\n<td data-col-size=\"sm\" data-start=\"5397\" data-end=\"5412\">do 80 L\/min<\/td>\n<\/tr>\n<tr data-start=\"5413\" data-end=\"5456\">\n<td data-start=\"5413\" data-end=\"5428\" data-col-size=\"sm\">Zastosowanie<\/td>\n<td data-col-size=\"sm\" data-start=\"5428\" data-end=\"5456\">byd\u0142o, owce, konie, kozy<\/td>\n<\/tr>\n<tr data-start=\"5457\" data-end=\"5491\">\n<td data-start=\"5457\" data-end=\"5476\" data-col-size=\"sm\">Temperatura zim\u0105<\/td>\n<td data-col-size=\"sm\" data-start=\"5476\" data-end=\"5491\">ok. 20 \u00b15\u00b0C<\/td>\n<\/tr>\n<tr data-start=\"5492\" data-end=\"5515\">\n<td data-start=\"5492\" data-end=\"5500\" data-col-size=\"sm\">Kolor<\/td>\n<td data-col-size=\"sm\" data-start=\"5500\" data-end=\"5515\">standardowy<\/td>\n<\/tr>\n<\/tbody>\n<\/table>\n<\/div>\n<\/div>\n","protected":false},"excerpt":{"rendered":"<p>Izolowane poid\u0142o dla byd\u0142a 80L przeznaczone do ca\u0142orocznego pojenia zwierz\u0105t gospodarskich. Dzi\u0119ki warstwie izolacyjnej poid\u0142o chroni wod\u0119 przed zamarzaniem zim\u0105 oraz przed nagrzewaniem latem. Automatyczny system dop\u0142ywu wody zapewnia jej sta\u0142y poziom w zbiorniku, a solidna konstrukcja z polietylenu spo\u017cywczego gwarantuje wieloletni\u0105 trwa\u0142o\u015b\u0107 produktu.<\/p>\n","protected":false},"featured_media":3323,"comment_status":"open","ping_status":"closed","template":"","meta":[],"product_brand":[],"product_cat":[27],"product_tag":[586,1012,1013,1014,1020,1023,1024,1015,976,1018,1019,979,1017,1016,1021,589,969,964,971,455,419,1022],"class_list":{"0":"post-3322","1":"product","2":"type-product","3":"status-publish","4":"has-post-thumbnail","6":"product_cat-accessories","7":"product_tag-automatyczne-poidlo-dla-bydla","8":"product_tag-izolowane-poidlo-dla-bydla","9":"product_tag-poidlo-dla-bydla-80l","10":"product_tag-poidlo-dla-bydla-antyzamarzaniowe","11":"product_tag-poidlo-dla-bydla-caloroczne","12":"product_tag-poidlo-dla-bydla-duza-pojemnosc","13":"product_tag-poidlo-dla-bydla-hornta","14":"product_tag-poidlo-dla-bydla-izolowane","15":"product_tag-poidlo-dla-bydla-na-pastwisko","16":"product_tag-poidlo-dla-bydla-na-zime","17":"product_tag-poidlo-dla-bydla-z-izolacja","18":"product_tag-poidlo-dla-bydla-zimowe","19":"product_tag-poidlo-dla-koni-na-pastwisko","20":"product_tag-poidlo-dla-owiec-80l","21":"product_tag-poidlo-dla-owiec-automatyczne","22":"product_tag-poidlo-dla-zwierzat-gospodarskich","23":"product_tag-poidlo-dla-zwierzat-hodowlanych","24":"product_tag-poidlo-hodowlane-dla-bydla","25":"product_tag-profesjonalne-poidlo-dla-bydla","26":"product_tag-system-pojenia-bydla","27":"product_tag-wyposazenie-obory-poidlo","28":"product_tag-zbiornik-wody-dla-bydla","30":"first","31":"instock","32":"shipping-taxable","33":"purchasable","34":"product-type-simple"},"_links":{"self":[{"href":"https:\/\/rollnikow.you2.pl\/index.php\/wp-json\/wp\/v2\/product\/3322","targetHints":{"allow":["GET"]}}],"collection":[{"href":"https:\/\/rollnikow.you2.pl\/index.php\/wp-json\/wp\/v2\/product"}],"about":[{"href":"https:\/\/rollnikow.you2.pl\/index.php\/wp-json\/wp\/v2\/types\/product"}],"replies":[{"embeddable":true,"href":"https:\/\/rollnikow.you2.pl\/index.php\/wp-json\/wp\/v2\/comments?post=3322"}],"version-history":[{"count":1,"href":"https:\/\/rollnikow.you2.pl\/index.php\/wp-json\/wp\/v2\/product\/3322\/revisions"}],"predecessor-version":[{"id":3325,"href":"https:\/\/rollnikow.you2.pl\/index.php\/wp-json\/wp\/v2\/product\/3322\/revisions\/3325"}],"wp:featuredmedia":[{"embeddable":true,"href":"https:\/\/rollnikow.you2.pl\/index.php\/wp-json\/wp\/v2\/media\/3323"}],"wp:attachment":[{"href":"https:\/\/rollnikow.you2.pl\/index.php\/wp-json\/wp\/v2\/media?parent=3322"}],"wp:term":[{"taxonomy":"product_brand","embeddable":true,"href":"https:\/\/rollnikow.you2.pl\/index.php\/wp-json\/wp\/v2\/product_brand?post=3322"},{"taxonomy":"product_cat","embeddable":true,"href":"https:\/\/rollnikow.you2.pl\/index.php\/wp-json\/wp\/v2\/product_cat?post=3322"},{"taxonomy":"product_tag","embeddable":true,"href":"https:\/\/rollnikow.you2.pl\/index.php\/wp-json\/wp\/v2\/product_tag?post=3322"}],"curies":[{"name":"wp","href":"https:\/\/api.w.org\/{rel}","templated":true}]}}